{"id":14805,"date":"2022-07-04T03:00:59","date_gmt":"2022-07-04T03:00:59","guid":{"rendered":"https:\/\/taberg.de\/?page_id=14805"},"modified":"2025-12-11T17:03:14","modified_gmt":"2025-12-11T17:03:14","slug":"losungen","status":"publish","type":"page","link":"https:\/\/taberg.de\/en\/losungen\/","title":{"rendered":"SOLUTIONS"},"content":{"rendered":"<div data-elementor-type=\"wp-page\" data-elementor-id=\"14805\" class=\"elementor elementor-14805\" data-elementor-post-type=\"page\">\n\t\t\t\t\t\t<section class=\"elementor-section elementor-top-section elementor-element elementor-element-3190207 elementor-section-full_width elementor-section-stretched elementor-section-height-default elementor-section-height-default wd-section-disabled\" data-id=\"3190207\" data-element_type=\"section\" data-e-type=\"section\" data-settings=\"{&quot;stretch_section&quot;:&quot;section-stretched&quot;}\">\n\t\t\t\t\t\t<div class=\"elementor-container elementor-column-gap-default\">\n\t\t\t\t\t<div class=\"elementor-column elementor-col-100 elementor-top-column elementor-element elementor-element-1db81453\" data-id=\"1db81453\" data-element_type=\"column\" data-e-type=\"column\">\n\t\t\t<div class=\"elementor-widget-wrap elementor-element-populated\">\n\t\t\t\t\t\t<div class=\"elementor-element elementor-element-463177e6 elementor-widget elementor-widget-wd_text_block\" data-id=\"463177e6\" data-element_type=\"widget\" data-e-type=\"widget\" data-widget_type=\"wd_text_block.default\">\n\t\t\t\t<div class=\"elementor-widget-container\">\n\t\t\t\t\t\t\t<div class=\"wd-text-block reset-last-child text-left\">\n\t\t\t\n\t\t\t<video autoplay=\"autoplay\" loop=\"loop\" muted=\"\" width=\"100%\" height=\"100%\">\n<source src=\"\/wp-content\/uploads\/2022\/10\/Losungen.mp4\" type=\"video\/mp4\" \/>\n<\/video>\n\t\t\t\t\t<\/div>\n\t\t\t\t\t\t<\/div>\n\t\t\t\t<\/div>\n\t\t\t\t\t<\/div>\n\t\t<\/div>\n\t\t\t\t\t<\/div>\n\t\t<\/section>\n\t\t\t\t<section class=\"elementor-section elementor-top-section elementor-element elementor-element-6c00788d elementor-section-boxed elementor-section-height-default elementor-section-height-default wd-section-disabled\" data-id=\"6c00788d\" data-element_type=\"section\" data-e-type=\"section\">\n\t\t\t\t\t\t<div class=\"elementor-container elementor-column-gap-default\">\n\t\t\t\t\t<div class=\"elementor-column elementor-col-100 elementor-top-column elementor-element elementor-element-5a905dd\" data-id=\"5a905dd\" data-element_type=\"column\" data-e-type=\"column\">\n\t\t\t<div class=\"elementor-widget-wrap elementor-element-populated\">\n\t\t\t\t\t\t<div class=\"elementor-element elementor-element-838754f section-title elementor-widget__width-initial elementor-widget elementor-widget-wd_text_block\" data-id=\"838754f\" data-element_type=\"widget\" data-e-type=\"widget\" data-widget_type=\"wd_text_block.default\">\n\t\t\t\t<div class=\"elementor-widget-container\">\n\t\t\t\t\t\t\t<div class=\"wd-text-block reset-last-child text-center color-primary\">\n\t\t\t\n\t\t\t<h2><span class=\"#boxfirst #boxnormal\">Th<\/span>s team of experts at SIERA Allianz offers<br \/>You individual <span class=\"color-primary\">Solutions<\/span><\/h2>\n\t\t\t\t\t<\/div>\n\t\t\t\t\t\t<\/div>\n\t\t\t\t<\/div>\n\t\t\t\t\t<\/div>\n\t\t<\/div>\n\t\t\t\t\t<\/div>\n\t\t<\/section>\n\t\t\t\t<\/div>","protected":false},"excerpt":{"rendered":"<p>Das Experten-Team der SIERA Allianz bietetIhnen individuelle L\u00f6sungen<\/p>","protected":false},"author":3,"featured_media":0,"parent":0,"menu_order":0,"comment_status":"closed","ping_status":"closed","template":"","meta":{"footnotes":""},"class_list":["post-14805","page","type-page","status-publish","hentry"],"yoast_head":"<!-- This site is optimized with the Yoast SEO plugin v27.4 - https:\/\/yoast.com\/product\/yoast-seo-wordpress\/ -->\n<title>Ingenieurl\u00f6sungen f\u00fcr Umwelt, Geotechnik &amp; Bergbau | TABERG<\/title>\n<meta name=\"description\" content=\"TABERG Ingenieure \u2013 Interdisziplin\u00e4re L\u00f6sungen f\u00fcr Umwelt, Geotechnik, Bergbau, Abfallwirtschaft &amp; Bodenschutz. Standorte L\u00fcnen &amp; Trier \u2013 erfahrene Ingenieurteams und ma\u00dfgeschneiderte Beratung.\" \/>\n<meta name=\"robots\" content=\"index, follow, max-snippet:-1, max-image-preview:large, max-video-preview:-1\" \/>\n<link rel=\"canonical\" href=\"https:\/\/taberg.de\/en\/losungen\/\" \/>\n<meta property=\"og:locale\" content=\"en_GB\" \/>\n<meta property=\"og:type\" content=\"article\" \/>\n<meta property=\"og:title\" content=\"Ingenieurl\u00f6sungen f\u00fcr Umwelt, Geotechnik &amp; Bergbau | TABERG\" \/>\n<meta property=\"og:description\" content=\"TABERG Ingenieure \u2013 Interdisziplin\u00e4re L\u00f6sungen f\u00fcr Umwelt, Geotechnik, Bergbau, Abfallwirtschaft &amp; Bodenschutz. Standorte L\u00fcnen &amp; Trier \u2013 erfahrene Ingenieurteams und ma\u00dfgeschneiderte Beratung.\" \/>\n<meta property=\"og:url\" content=\"https:\/\/taberg.de\/en\/losungen\/\" \/>\n<meta property=\"og:site_name\" content=\"TABERG Ingenieure\" \/>\n<meta property=\"article:modified_time\" content=\"2025-12-11T17:03:14+00:00\" \/>\n<meta name=\"twitter:card\" content=\"summary_large_image\" \/>\n<meta name=\"twitter:label1\" content=\"Estimated reading time\" \/>\n\t<meta name=\"twitter:data1\" content=\"1 minute\" \/>\n<script type=\"application\/ld+json\" class=\"yoast-schema-graph\">{\"@context\":\"https:\\\/\\\/schema.org\",\"@graph\":[{\"@type\":\"WebPage\",\"@id\":\"https:\\\/\\\/taberg.de\\\/losungen\\\/\",\"url\":\"https:\\\/\\\/taberg.de\\\/losungen\\\/\",\"name\":\"Ingenieurl\u00f6sungen f\u00fcr Umwelt, Geotechnik & Bergbau | TABERG\",\"isPartOf\":{\"@id\":\"https:\\\/\\\/taberg.de\\\/#website\"},\"datePublished\":\"2022-07-04T03:00:59+00:00\",\"dateModified\":\"2025-12-11T17:03:14+00:00\",\"description\":\"TABERG Ingenieure \u2013 Interdisziplin\u00e4re L\u00f6sungen f\u00fcr Umwelt, Geotechnik, Bergbau, Abfallwirtschaft & Bodenschutz. Standorte L\u00fcnen & Trier \u2013 erfahrene Ingenieurteams und ma\u00dfgeschneiderte Beratung.\",\"breadcrumb\":{\"@id\":\"https:\\\/\\\/taberg.de\\\/losungen\\\/#breadcrumb\"},\"inLanguage\":\"en-GB\",\"potentialAction\":[{\"@type\":\"ReadAction\",\"target\":[\"https:\\\/\\\/taberg.de\\\/losungen\\\/\"]}]},{\"@type\":\"BreadcrumbList\",\"@id\":\"https:\\\/\\\/taberg.de\\\/losungen\\\/#breadcrumb\",\"itemListElement\":[{\"@type\":\"ListItem\",\"position\":1,\"name\":\"Home\",\"item\":\"https:\\\/\\\/taberg.de\\\/\"},{\"@type\":\"ListItem\",\"position\":2,\"name\":\"L\u00d6SUNGEN\"}]},{\"@type\":\"WebSite\",\"@id\":\"https:\\\/\\\/taberg.de\\\/#website\",\"url\":\"https:\\\/\\\/taberg.de\\\/\",\"name\":\"TABERG Ingenieure\",\"description\":\"Architekten und Ingenieure\",\"potentialAction\":[{\"@type\":\"SearchAction\",\"target\":{\"@type\":\"EntryPoint\",\"urlTemplate\":\"https:\\\/\\\/taberg.de\\\/?s={search_term_string}\"},\"query-input\":{\"@type\":\"PropertyValueSpecification\",\"valueRequired\":true,\"valueName\":\"search_term_string\"}}],\"inLanguage\":\"en-GB\"}]}<\/script>\n<!-- \/ Yoast SEO plugin. -->","yoast_head_json":{"title":"Ingenieurl\u00f6sungen f\u00fcr Umwelt, Geotechnik & Bergbau | TABERG","description":"TABERG Ingenieure \u2013 Interdisziplin\u00e4re L\u00f6sungen f\u00fcr Umwelt, Geotechnik, Bergbau, Abfallwirtschaft & Bodenschutz. Standorte L\u00fcnen & Trier \u2013 erfahrene Ingenieurteams und ma\u00dfgeschneiderte Beratung.","robots":{"index":"index","follow":"follow","max-snippet":"max-snippet:-1","max-image-preview":"max-image-preview:large","max-video-preview":"max-video-preview:-1"},"canonical":"https:\/\/taberg.de\/en\/losungen\/","og_locale":"en_GB","og_type":"article","og_title":"Ingenieurl\u00f6sungen f\u00fcr Umwelt, Geotechnik & Bergbau | TABERG","og_description":"TABERG Ingenieure \u2013 Interdisziplin\u00e4re L\u00f6sungen f\u00fcr Umwelt, Geotechnik, Bergbau, Abfallwirtschaft & Bodenschutz. Standorte L\u00fcnen & Trier \u2013 erfahrene Ingenieurteams und ma\u00dfgeschneiderte Beratung.","og_url":"https:\/\/taberg.de\/en\/losungen\/","og_site_name":"TABERG Ingenieure","article_modified_time":"2025-12-11T17:03:14+00:00","twitter_card":"summary_large_image","twitter_misc":{"Estimated reading time":"1 minute"},"schema":{"@context":"https:\/\/schema.org","@graph":[{"@type":"WebPage","@id":"https:\/\/taberg.de\/losungen\/","url":"https:\/\/taberg.de\/losungen\/","name":"Ingenieurl\u00f6sungen f\u00fcr Umwelt, Geotechnik & Bergbau | TABERG","isPartOf":{"@id":"https:\/\/taberg.de\/#website"},"datePublished":"2022-07-04T03:00:59+00:00","dateModified":"2025-12-11T17:03:14+00:00","description":"TABERG Ingenieure \u2013 Interdisziplin\u00e4re L\u00f6sungen f\u00fcr Umwelt, Geotechnik, Bergbau, Abfallwirtschaft & Bodenschutz. Standorte L\u00fcnen & Trier \u2013 erfahrene Ingenieurteams und ma\u00dfgeschneiderte Beratung.","breadcrumb":{"@id":"https:\/\/taberg.de\/losungen\/#breadcrumb"},"inLanguage":"en-GB","potentialAction":[{"@type":"ReadAction","target":["https:\/\/taberg.de\/losungen\/"]}]},{"@type":"BreadcrumbList","@id":"https:\/\/taberg.de\/losungen\/#breadcrumb","itemListElement":[{"@type":"ListItem","position":1,"name":"Home","item":"https:\/\/taberg.de\/"},{"@type":"ListItem","position":2,"name":"L\u00d6SUNGEN"}]},{"@type":"WebSite","@id":"https:\/\/taberg.de\/#website","url":"https:\/\/taberg.de\/","name":"TABERG Location","description":"Architects and engineers","potentialAction":[{"@type":"SearchAction","target":{"@type":"EntryPoint","urlTemplate":"https:\/\/taberg.de\/?s={search_term_string}"},"query-input":{"@type":"PropertyValueSpecification","valueRequired":true,"valueName":"search_term_string"}}],"inLanguage":"en-GB"}]}},"_links":{"self":[{"href":"https:\/\/taberg.de\/en\/wp-json\/wp\/v2\/pages\/14805","targetHints":{"allow":["GET"]}}],"collection":[{"href":"https:\/\/taberg.de\/en\/wp-json\/wp\/v2\/pages"}],"about":[{"href":"https:\/\/taberg.de\/en\/wp-json\/wp\/v2\/types\/page"}],"author":[{"embeddable":true,"href":"https:\/\/taberg.de\/en\/wp-json\/wp\/v2\/users\/3"}],"replies":[{"embeddable":true,"href":"https:\/\/taberg.de\/en\/wp-json\/wp\/v2\/comments?post=14805"}],"version-history":[{"count":60,"href":"https:\/\/taberg.de\/en\/wp-json\/wp\/v2\/pages\/14805\/revisions"}],"predecessor-version":[{"id":19147,"href":"https:\/\/taberg.de\/en\/wp-json\/wp\/v2\/pages\/14805\/revisions\/19147"}],"wp:attachment":[{"href":"https:\/\/taberg.de\/en\/wp-json\/wp\/v2\/media?parent=14805"}],"curies":[{"name":"wp","href":"https:\/\/api.w.org\/{rel}","templated":true}]}}