{"id":16422,"date":"2022-08-05T10:34:15","date_gmt":"2022-08-05T10:34:15","guid":{"rendered":"https:\/\/taberg.de\/?page_id=16422"},"modified":"2026-02-03T06:45:49","modified_gmt":"2026-02-03T06:45:49","slug":"bergbau","status":"publish","type":"page","link":"https:\/\/taberg.de\/en\/bergbau\/","title":{"rendered":"Mining"},"content":{"rendered":"<div data-elementor-type=\"wp-page\" data-elementor-id=\"16422\" class=\"elementor elementor-16422\" data-elementor-post-type=\"page\">\n\t\t\t\t\t\t<section class=\"elementor-section elementor-top-section elementor-element elementor-element-7359eadd elementor-section-full_width elementor-section-stretched elementor-section-height-default elementor-section-height-default wd-section-disabled\" data-id=\"7359eadd\" data-element_type=\"section\" data-e-type=\"section\" data-settings=\"{&quot;stretch_section&quot;:&quot;section-stretched&quot;}\">\n\t\t\t\t\t\t<div class=\"elementor-container elementor-column-gap-default\">\n\t\t\t\t\t<div class=\"elementor-column elementor-col-100 elementor-top-column elementor-element elementor-element-47a07bac\" data-id=\"47a07bac\" data-element_type=\"column\" data-e-type=\"column\">\n\t\t\t<div class=\"elementor-widget-wrap elementor-element-populated\">\n\t\t\t\t\t\t<div class=\"elementor-element elementor-element-457bf672 elementor-widget elementor-widget-wd_text_block\" data-id=\"457bf672\" data-element_type=\"widget\" data-e-type=\"widget\" data-widget_type=\"wd_text_block.default\">\n\t\t\t\t<div class=\"elementor-widget-container\">\n\t\t\t\t\t\t\t<div class=\"wd-text-block reset-last-child text-left\">\n\t\t\t\n\t\t\t<video autoplay=\"autoplay\" loop=\"loop\" muted=\"\" width=\"100%\" height=\"100%\">\n<source src=\"\/wp-content\/uploads\/2022\/10\/bergbau.mp4\" type=\"video\/mp4\" \/>\n<\/video>\n\t\t\t\t\t<\/div>\n\t\t\t\t\t\t<\/div>\n\t\t\t\t<\/div>\n\t\t\t\t\t<\/div>\n\t\t<\/div>\n\t\t\t\t\t<\/div>\n\t\t<\/section>\n\t\t\t\t<section class=\"elementor-section elementor-top-section elementor-element elementor-element-164f3328 expertisesinglepage elementor-section-boxed elementor-section-height-default elementor-section-height-default wd-section-disabled\" data-id=\"164f3328\" data-element_type=\"section\" data-e-type=\"section\" id=\"umeltscrollsection\">\n\t\t\t\t\t\t<div class=\"elementor-container elementor-column-gap-default\">\n\t\t\t\t\t<div class=\"elementor-column elementor-col-100 elementor-top-column elementor-element elementor-element-75376bc7\" data-id=\"75376bc7\" data-element_type=\"column\" data-e-type=\"column\">\n\t\t\t<div class=\"elementor-widget-wrap elementor-element-populated\">\n\t\t\t\t\t\t<div class=\"elementor-element elementor-element-23136a2e section-title elementor-widget elementor-widget-wd_text_block\" data-id=\"23136a2e\" data-element_type=\"widget\" data-e-type=\"widget\" data-widget_type=\"wd_text_block.default\">\n\t\t\t\t<div class=\"elementor-widget-container\">\n\t\t\t\t\t\t\t<div class=\"wd-text-block reset-last-child text-left\">\n\t\t\t\n\t\t\t<h2 style=\"text-align: center;\"><span class=\"boxfirst boxnormal\">Mi<\/span>ning<\/h2>\n\t\t\t\t\t<\/div>\n\t\t\t\t\t\t<\/div>\n\t\t\t\t<\/div>\n\t\t\t\t<div class=\"elementor-element elementor-element-6cb5d43 elementor-widget elementor-widget-spacer\" data-id=\"6cb5d43\" data-element_type=\"widget\" data-e-type=\"widget\" data-widget_type=\"spacer.default\">\n\t\t\t\t<div class=\"elementor-widget-container\">\n\t\t\t\t\t\t\t<div class=\"elementor-spacer\">\n\t\t\t<div class=\"elementor-spacer-inner\"><\/div>\n\t\t<\/div>\n\t\t\t\t\t\t<\/div>\n\t\t\t\t<\/div>\n\t\t\t\t<div class=\"elementor-element elementor-element-6f490a4 profile-sec elementor-widget elementor-widget-wd_tabs\" data-id=\"6f490a4\" data-element_type=\"widget\" data-e-type=\"widget\" data-widget_type=\"wd_tabs.default\">\n\t\t\t\t<div class=\"elementor-widget-container\">\n\t\t\t\t\t\t\t<div class=\"wd-tabs\">\n\t\t\t<div class=\"wd-nav-wrapper wd-nav-tabs-wrapper text-center\">\n\t\t\t\t<ul class=\"wd-nav wd-nav-tabs wd-icon-pos-left wd-style-default\">\n\t\t\t\t\t\t\t\t\t\t\t\n\t\t\t\t\t\t<li>\n\t\t\t\t\t\t\t<a href=\"#\" class=\"wd-nav-link\">\n\t\t\t\t\t\t\t\t\n\t\t\t\t\t\t\t\t<span class=\"nav-link-text wd-tabs-title\">\n\t\t\t\t\t\t\t\t\tSub Area1\t\t\t\t\t\t\t\t<\/span>\n\t\t\t\t\t\t\t<\/a>\n\t\t\t\t\t\t<\/li>\n\n\t\t\t\t\t\t\t\t\t<\/ul>\n\t\t\t<\/div>\n\n\t\t\t<div class=\"wd-tab-content-wrapper\">\n\t\t\t\t\t\t\t\t\t\t\t\t\t\t\n\t\t\t\t\t\n\t\t\t\t\t<div class=\"wd-tab-content wd-active wd-in\">\n\t\t\t\t\t\t\t\t\t\t\t\t\t<div >\n\t\t\t\t\t\t\t\t<img fetchpriority=\"high\" decoding=\"async\" class=\"alignnone wp-image-11946 size-full\" src=\"\/wp-content\/uploads\/2022\/09\/New-Project-7.jpg\" alt=\"\" width=\"1200\" height=\"400\" \/>\n<div class=\"listitems\">\n<div class=\"listitempart\">\n<ul>\n \t<li>Mine image inspections and mining site analyses for the private developer<\/li>\n \t<li>Risk assessment of old mines: Exploration of near-surface mines and conception of safety measures<\/li>\n \t<li>Planning, tendering, monitoring and documentation of old mining exploration and safety measures<\/li>\n \t<li>Stability assessments of old shafts and conceptual design of shaft safety devices<\/li>\n \t<li>Recording and assessment of mining damage<\/li>\n \t<li>Design of mine gas drainage systems<\/li>\n \t<li>Lead processing by sworn experts for abandoned mines at the State of NRW, District Government Arnsberg<\/li>\n<\/ul>\n<\/div>\n<\/div>\n<div class=\"contactsec unknowncontractperson\">\n<div class=\"contactpersonname\"><img decoding=\"async\" src=\"\/wp-content\/uploads\/2022\/06\/Scherbeck.jpg\" \/><\/div>\n<div class=\"contactnamedes\">\n<h2>Your contact<\/h2>\n<h3>Dr.-Ing<\/h3>\n<span class=\"subjarea\"> Mining<\/span>\n\n<span class=\"actualnameperson\">Dr. Rainer Scherbeck<\/span>\n<span class=\"emailline\"><img decoding=\"async\" src=\"\/wp-content\/uploads\/2022\/08\/email-2.png\" \/> <a href=\"mailto:rainer.scherbeck@taberg.de\"> rainer.scherbeck@taberg.de<\/a><\/span>\n<span class=\"emailline phonenoperson\"><img decoding=\"async\" src=\"\/wp-content\/uploads\/2022\/11\/phone-call.png\" \/> <a> Office: +49 (0) 231 987 073 23\n<\/a><\/span>\n<span class=\"emailline phonenopersonmobile\"><img decoding=\"async\" src=\"\/wp-content\/uploads\/2022\/11\/phone-call.png\" \/> <a> Mobile: +49 (0) 176 187 073 23\n<\/a><\/span>\n\n<\/div>\n<\/div>\n<div class=\"contactsec unknowncontractperson\">\n<div class=\"contactpersonname\"><img decoding=\"async\" src=\"\/wp-content\/uploads\/2026\/02\/asslan-1-1.png\" \/><\/div>\n<div class=\"contactnamedes\">\n<h2>Your contact<\/h2>\n<h3>Dr.-Ing<\/h3>\n<span class=\"subjarea\"> Mining<\/span>\n\n<span class=\"actualnameperson\"> Dr Ferdinand St\u00f6ckhert<\/span>\n\n<span class=\"emailline\"><img decoding=\"async\" src=\"\/wp-content\/uploads\/2022\/08\/email-2.png\" \/> <a href=\"mailto:ferdinand.stoeckhert@taberg.de\"> ferdinand.stoeckhert@taberg.de<\/a><\/span>\n<span class=\"emailline phonenoperson\"><img decoding=\"async\" src=\"\/wp-content\/uploads\/2022\/11\/phone-call.png\" \/> <a> Office: +49 (0) 231 987 073 16\n<\/a><\/span>\n<span class=\"emailline phonenopersonmobile\"><img decoding=\"async\" src=\"\/wp-content\/uploads\/2022\/11\/phone-call.png\" \/> <a> Mobile: +49 (0) 151 599 378 53<\/a><\/span>\n\n<\/div>\n<\/div>\t\t\t\t\t\t\t<\/div>\n\t\t\t\t\t\t\t\t\t\t\t<\/div>\n\n\t\t\t\t\t\t\t<\/div>\n\t\t<\/div>\n\t\t\t\t\t\t<\/div>\n\t\t\t\t<\/div>\n\t\t\t\t\t<\/div>\n\t\t<\/div>\n\t\t\t\t\t<\/div>\n\t\t<\/section>\n\t\t\t\t<\/div>","protected":false},"excerpt":{"rendered":"<p>Mining Sub Area1 Mine image inspections and mining site analyses for the private developer Old mining risk assessment: exploration of near-surface mines and conception of safety measures<\/p>","protected":false},"author":3,"featured_media":0,"parent":0,"menu_order":0,"comment_status":"closed","ping_status":"closed","template":"","meta":{"footnotes":""},"class_list":["post-16422","page","type-page","status-publish","hentry"],"yoast_head":"<!-- This site is optimized with the Yoast SEO plugin v27.4 - https:\/\/yoast.com\/product\/yoast-seo-wordpress\/ -->\n<title>Bergbau &amp; Altbergbau \u2013 Gutachten, Bewertung &amp; Planung | TABERG<\/title>\n<meta name=\"description\" content=\"TABERG Ingenieure \u2013 Altbergbau-Expertise und \u00f6ffentlich bestellte Sachverst\u00e4ndige. Von Grubenbildeinsichtnahmen \u00fcber bergbauliche Erkundungen bis zu Sicherungs- und Planungsleistungen.\" \/>\n<meta name=\"robots\" content=\"index, follow, max-snippet:-1, max-image-preview:large, max-video-preview:-1\" \/>\n<link rel=\"canonical\" href=\"https:\/\/taberg.de\/en\/bergbau\/\" \/>\n<meta property=\"og:locale\" content=\"en_GB\" \/>\n<meta property=\"og:type\" content=\"article\" \/>\n<meta property=\"og:title\" content=\"Bergbau &amp; Altbergbau \u2013 Gutachten, Bewertung &amp; Planung | TABERG\" \/>\n<meta property=\"og:description\" content=\"TABERG Ingenieure \u2013 Altbergbau-Expertise und \u00f6ffentlich bestellte Sachverst\u00e4ndige. Von Grubenbildeinsichtnahmen \u00fcber bergbauliche Erkundungen bis zu Sicherungs- und Planungsleistungen.\" \/>\n<meta property=\"og:url\" content=\"https:\/\/taberg.de\/en\/bergbau\/\" \/>\n<meta property=\"og:site_name\" content=\"TABERG Ingenieure\" \/>\n<meta property=\"article:modified_time\" content=\"2026-02-03T06:45:49+00:00\" \/>\n<meta name=\"twitter:card\" content=\"summary_large_image\" \/>\n<meta name=\"twitter:label1\" content=\"Estimated reading time\" \/>\n\t<meta name=\"twitter:data1\" content=\"3 minutes\" \/>\n<script type=\"application\/ld+json\" class=\"yoast-schema-graph\">{\"@context\":\"https:\\\/\\\/schema.org\",\"@graph\":[{\"@type\":\"WebPage\",\"@id\":\"https:\\\/\\\/taberg.de\\\/bergbau\\\/\",\"url\":\"https:\\\/\\\/taberg.de\\\/bergbau\\\/\",\"name\":\"Bergbau & Altbergbau \u2013 Gutachten, Bewertung & Planung | TABERG\",\"isPartOf\":{\"@id\":\"https:\\\/\\\/taberg.de\\\/#website\"},\"datePublished\":\"2022-08-05T10:34:15+00:00\",\"dateModified\":\"2026-02-03T06:45:49+00:00\",\"description\":\"TABERG Ingenieure \u2013 Altbergbau-Expertise und \u00f6ffentlich bestellte Sachverst\u00e4ndige. Von Grubenbildeinsichtnahmen \u00fcber bergbauliche Erkundungen bis zu Sicherungs- und Planungsleistungen.\",\"breadcrumb\":{\"@id\":\"https:\\\/\\\/taberg.de\\\/bergbau\\\/#breadcrumb\"},\"inLanguage\":\"en-GB\",\"potentialAction\":[{\"@type\":\"ReadAction\",\"target\":[\"https:\\\/\\\/taberg.de\\\/bergbau\\\/\"]}]},{\"@type\":\"BreadcrumbList\",\"@id\":\"https:\\\/\\\/taberg.de\\\/bergbau\\\/#breadcrumb\",\"itemListElement\":[{\"@type\":\"ListItem\",\"position\":1,\"name\":\"Home\",\"item\":\"https:\\\/\\\/taberg.de\\\/\"},{\"@type\":\"ListItem\",\"position\":2,\"name\":\"Bergbau\"}]},{\"@type\":\"WebSite\",\"@id\":\"https:\\\/\\\/taberg.de\\\/#website\",\"url\":\"https:\\\/\\\/taberg.de\\\/\",\"name\":\"TABERG Ingenieure\",\"description\":\"Architekten und Ingenieure\",\"potentialAction\":[{\"@type\":\"SearchAction\",\"target\":{\"@type\":\"EntryPoint\",\"urlTemplate\":\"https:\\\/\\\/taberg.de\\\/?s={search_term_string}\"},\"query-input\":{\"@type\":\"PropertyValueSpecification\",\"valueRequired\":true,\"valueName\":\"search_term_string\"}}],\"inLanguage\":\"en-GB\"}]}<\/script>\n<!-- \/ Yoast SEO plugin. -->","yoast_head_json":{"title":"Bergbau & Altbergbau \u2013 Gutachten, Bewertung & Planung | TABERG","description":"TABERG Ingenieure \u2013 Altbergbau-Expertise und \u00f6ffentlich bestellte Sachverst\u00e4ndige. Von Grubenbildeinsichtnahmen \u00fcber bergbauliche Erkundungen bis zu Sicherungs- und Planungsleistungen.","robots":{"index":"index","follow":"follow","max-snippet":"max-snippet:-1","max-image-preview":"max-image-preview:large","max-video-preview":"max-video-preview:-1"},"canonical":"https:\/\/taberg.de\/en\/bergbau\/","og_locale":"en_GB","og_type":"article","og_title":"Bergbau & Altbergbau \u2013 Gutachten, Bewertung & Planung | TABERG","og_description":"TABERG Ingenieure \u2013 Altbergbau-Expertise und \u00f6ffentlich bestellte Sachverst\u00e4ndige. Von Grubenbildeinsichtnahmen \u00fcber bergbauliche Erkundungen bis zu Sicherungs- und Planungsleistungen.","og_url":"https:\/\/taberg.de\/en\/bergbau\/","og_site_name":"TABERG Ingenieure","article_modified_time":"2026-02-03T06:45:49+00:00","twitter_card":"summary_large_image","twitter_misc":{"Estimated reading time":"3 minutes"},"schema":{"@context":"https:\/\/schema.org","@graph":[{"@type":"WebPage","@id":"https:\/\/taberg.de\/bergbau\/","url":"https:\/\/taberg.de\/bergbau\/","name":"Bergbau & Altbergbau \u2013 Gutachten, Bewertung & Planung | TABERG","isPartOf":{"@id":"https:\/\/taberg.de\/#website"},"datePublished":"2022-08-05T10:34:15+00:00","dateModified":"2026-02-03T06:45:49+00:00","description":"TABERG Ingenieure \u2013 Altbergbau-Expertise und \u00f6ffentlich bestellte Sachverst\u00e4ndige. Von Grubenbildeinsichtnahmen \u00fcber bergbauliche Erkundungen bis zu Sicherungs- und Planungsleistungen.","breadcrumb":{"@id":"https:\/\/taberg.de\/bergbau\/#breadcrumb"},"inLanguage":"en-GB","potentialAction":[{"@type":"ReadAction","target":["https:\/\/taberg.de\/bergbau\/"]}]},{"@type":"BreadcrumbList","@id":"https:\/\/taberg.de\/bergbau\/#breadcrumb","itemListElement":[{"@type":"ListItem","position":1,"name":"Home","item":"https:\/\/taberg.de\/"},{"@type":"ListItem","position":2,"name":"Bergbau"}]},{"@type":"WebSite","@id":"https:\/\/taberg.de\/#website","url":"https:\/\/taberg.de\/","name":"TABERG Location","description":"Architects and engineers","potentialAction":[{"@type":"SearchAction","target":{"@type":"EntryPoint","urlTemplate":"https:\/\/taberg.de\/?s={search_term_string}"},"query-input":{"@type":"PropertyValueSpecification","valueRequired":true,"valueName":"search_term_string"}}],"inLanguage":"en-GB"}]}},"_links":{"self":[{"href":"https:\/\/taberg.de\/en\/wp-json\/wp\/v2\/pages\/16422","targetHints":{"allow":["GET"]}}],"collection":[{"href":"https:\/\/taberg.de\/en\/wp-json\/wp\/v2\/pages"}],"about":[{"href":"https:\/\/taberg.de\/en\/wp-json\/wp\/v2\/types\/page"}],"author":[{"embeddable":true,"href":"https:\/\/taberg.de\/en\/wp-json\/wp\/v2\/users\/3"}],"replies":[{"embeddable":true,"href":"https:\/\/taberg.de\/en\/wp-json\/wp\/v2\/comments?post=16422"}],"version-history":[{"count":124,"href":"https:\/\/taberg.de\/en\/wp-json\/wp\/v2\/pages\/16422\/revisions"}],"predecessor-version":[{"id":19246,"href":"https:\/\/taberg.de\/en\/wp-json\/wp\/v2\/pages\/16422\/revisions\/19246"}],"wp:attachment":[{"href":"https:\/\/taberg.de\/en\/wp-json\/wp\/v2\/media?parent=16422"}],"curies":[{"name":"wp","href":"https:\/\/api.w.org\/{rel}","templated":true}]}}