{"id":16424,"date":"2022-08-05T10:54:16","date_gmt":"2022-08-05T10:54:16","guid":{"rendered":"https:\/\/taberg.de\/?page_id=16424"},"modified":"2025-12-11T16:59:49","modified_gmt":"2025-12-11T16:59:49","slug":"umwelt","status":"publish","type":"page","link":"https:\/\/taberg.de\/en\/umwelt\/","title":{"rendered":"Environment"},"content":{"rendered":"<div data-elementor-type=\"wp-page\" data-elementor-id=\"16424\" class=\"elementor elementor-16424\" data-elementor-post-type=\"page\">\n\t\t\t\t\t\t<section class=\"elementor-section elementor-top-section elementor-element elementor-element-7359eadd elementor-section-full_width elementor-section-stretched elementor-section-height-default elementor-section-height-default wd-section-disabled\" data-id=\"7359eadd\" data-element_type=\"section\" data-e-type=\"section\" data-settings=\"{&quot;stretch_section&quot;:&quot;section-stretched&quot;}\">\n\t\t\t\t\t\t<div class=\"elementor-container elementor-column-gap-default\">\n\t\t\t\t\t<div class=\"elementor-column elementor-col-100 elementor-top-column elementor-element elementor-element-47a07bac\" data-id=\"47a07bac\" data-element_type=\"column\" data-e-type=\"column\">\n\t\t\t<div class=\"elementor-widget-wrap elementor-element-populated\">\n\t\t\t\t\t\t<div class=\"elementor-element elementor-element-457bf672 elementor-widget elementor-widget-wd_text_block\" data-id=\"457bf672\" data-element_type=\"widget\" data-e-type=\"widget\" data-widget_type=\"wd_text_block.default\">\n\t\t\t\t<div class=\"elementor-widget-container\">\n\t\t\t\t\t\t\t<div class=\"wd-text-block reset-last-child text-left\">\n\t\t\t\n\t\t\t<video autoplay=\"autoplay\" loop=\"loop\" muted=\"\" width=\"100%\" height=\"100%\">\n<source src=\"\/wp-content\/uploads\/2022\/10\/Umwelt.mp4\" type=\"video\/mp4\" \/>\n<\/video>\n\t\t\t\t\t<\/div>\n\t\t\t\t\t\t<\/div>\n\t\t\t\t<\/div>\n\t\t\t\t\t<\/div>\n\t\t<\/div>\n\t\t\t\t\t<\/div>\n\t\t<\/section>\n\t\t\t\t<section class=\"elementor-section elementor-top-section elementor-element elementor-element-164f3328 expertisesinglepage elementor-section-boxed elementor-section-height-default elementor-section-height-default wd-section-disabled\" data-id=\"164f3328\" data-element_type=\"section\" data-e-type=\"section\" id=\"umeltscrollsection\">\n\t\t\t\t\t\t<div class=\"elementor-container elementor-column-gap-default\">\n\t\t\t\t\t<div class=\"elementor-column elementor-col-100 elementor-top-column elementor-element elementor-element-75376bc7\" data-id=\"75376bc7\" data-element_type=\"column\" data-e-type=\"column\">\n\t\t\t<div class=\"elementor-widget-wrap elementor-element-populated\">\n\t\t\t\t\t\t<div class=\"elementor-element elementor-element-23136a2e section-title elementor-widget elementor-widget-wd_text_block\" data-id=\"23136a2e\" data-element_type=\"widget\" data-e-type=\"widget\" data-widget_type=\"wd_text_block.default\">\n\t\t\t\t<div class=\"elementor-widget-container\">\n\t\t\t\t\t\t\t<div class=\"wd-text-block reset-last-child text-left\">\n\t\t\t\n\t\t\t<h2 style=\"text-align: center;\"><span class=\"boxfirst boxnormal\">En<\/span>vironment<\/h2>\n\t\t\t\t\t<\/div>\n\t\t\t\t\t\t<\/div>\n\t\t\t\t<\/div>\n\t\t\t\t<div class=\"elementor-element elementor-element-6cb5d43 elementor-widget elementor-widget-spacer\" data-id=\"6cb5d43\" data-element_type=\"widget\" data-e-type=\"widget\" data-widget_type=\"spacer.default\">\n\t\t\t\t<div class=\"elementor-widget-container\">\n\t\t\t\t\t\t\t<div class=\"elementor-spacer\">\n\t\t\t<div class=\"elementor-spacer-inner\"><\/div>\n\t\t<\/div>\n\t\t\t\t\t\t<\/div>\n\t\t\t\t<\/div>\n\t\t\t\t<div class=\"elementor-element elementor-element-6f490a4 profile-sec elementor-widget elementor-widget-wd_tabs\" data-id=\"6f490a4\" data-element_type=\"widget\" data-e-type=\"widget\" data-widget_type=\"wd_tabs.default\">\n\t\t\t\t<div class=\"elementor-widget-container\">\n\t\t\t\t\t\t\t<div class=\"wd-tabs\">\n\t\t\t<div class=\"wd-nav-wrapper wd-nav-tabs-wrapper text-center\">\n\t\t\t\t<ul class=\"wd-nav wd-nav-tabs wd-icon-pos-left wd-style-default\">\n\t\t\t\t\t\t\t\t\t\t\t\n\t\t\t\t\t\t<li>\n\t\t\t\t\t\t\t<a href=\"#\" class=\"wd-nav-link\">\n\t\t\t\t\t\t\t\t\n\t\t\t\t\t\t\t\t<span class=\"nav-link-text wd-tabs-title\">\n\t\t\t\t\t\t\t\t\tContaminated sites \/ land recycling\t\t\t\t\t\t\t\t<\/span>\n\t\t\t\t\t\t\t<\/a>\n\t\t\t\t\t\t<\/li>\n\n\t\t\t\t\t\t\t\t\t\t\t\n\t\t\t\t\t\t<li>\n\t\t\t\t\t\t\t<a href=\"#\" class=\"wd-nav-link\">\n\t\t\t\t\t\t\t\t\n\t\t\t\t\t\t\t\t<span class=\"nav-link-text wd-tabs-title\">\n\t\t\t\t\t\t\t\t\tDeconstruction \/ building pollutants\t\t\t\t\t\t\t\t<\/span>\n\t\t\t\t\t\t\t<\/a>\n\t\t\t\t\t\t<\/li>\n\n\t\t\t\t\t\t\t\t\t\t\t\n\t\t\t\t\t\t<li>\n\t\t\t\t\t\t\t<a href=\"#\" class=\"wd-nav-link\">\n\t\t\t\t\t\t\t\t\n\t\t\t\t\t\t\t\t<span class=\"nav-link-text wd-tabs-title\">\n\t\t\t\t\t\t\t\t\tSoil science\t\t\t\t\t\t\t\t<\/span>\n\t\t\t\t\t\t\t<\/a>\n\t\t\t\t\t\t<\/li>\n\n\t\t\t\t\t\t\t\t\t<\/ul>\n\t\t\t<\/div>\n\n\t\t\t<div class=\"wd-tab-content-wrapper\">\n\t\t\t\t\t\t\t\t\t\t\t\t\t\t\n\t\t\t\t\t\n\t\t\t\t\t<div class=\"wd-tab-content wd-active wd-in\">\n\t\t\t\t\t\t\t\t\t\t\t\t\t<div >\n\t\t\t\t\t\t\t\t<a href=\"https:\/\/taberg-de-wordpress.rz.mup-digital.com\/wp-content\/uploads\/2022\/11\/Altlasten-Flachenrecycling-scaled.jpg\"><img decoding=\"async\" class=\"alignnone size-full wp-image-17841\" src=\"\/wp-content\/uploads\/2022\/11\/New-Project-40-1.jpg\" alt=\"\" \/><\/a>\n<div class=\"listitems\">\n<div class=\"listitempart\">\n<ul>\n \t<li>Exploratory measures and laboratory tests<\/li>\n \t<li>Hazard assessments and remediation planning<\/li>\n \t<li>Historical explorations<\/li>\n \t<li>Land recycling and remediation of contaminated sites<\/li>\n \t<li>Soil and waste management<\/li>\n \t<li>Environmental Due Diligence (EDD) \/ Environmental Risk Analyses<\/li>\n \t<li>Initial status reports according to BImSchG<\/li>\n \t<li>Environmental measurements \/ monitoring<\/li>\n \t<li>Preparation of occupational safety concepts according to DGUV 101-004<\/li>\n \t<li>Experts appointed and sworn in by the IHK for contaminated sites in accordance with \u00a718 BBodSchG Subject area v2<\/li>\n<\/ul>\n<\/div>\n<\/div>\n<div class=\"contactsec unknowncontractperson\">\n<div class=\"contactpersonname\"><img decoding=\"async\" src=\"\/wp-content\/uploads\/2022\/11\/Pletz.jpg\" \/><\/div>\n<div class=\"contactnamedes\">\n<h2>Your contact person<\/h2>\n<h3>Dr.-Ing<\/h3>\n<span class=\"subjarea\">Contaminated sites \/ land recycling<\/span>\n\n<span class=\"actualnameperson\">Dr Astrid Pletz<\/span>\n<span class=\"emailline\"><img decoding=\"async\" src=\"\/wp-content\/uploads\/2022\/08\/email-2.png\" \/> <a href=\"mailto:astrid.pletz@taberg.de\"> astrid.pletz@taberg.de<\/a><\/span>\n\n<span class=\"emailline phonenoperson\"><img decoding=\"async\" src=\"\/wp-content\/uploads\/2022\/11\/phone-call.png\" \/> <a> Office: +49 (0) 231 987 073 19\n<\/a><\/span>\n<span class=\"emailline phonenopersonmobile\"><img decoding=\"async\" src=\"\/wp-content\/uploads\/2022\/11\/phone-call.png\" \/> <a> Mobile: +49 (0) 176 187 073 19<\/a><\/span>\n\n<\/div>\n<\/div>\t\t\t\t\t\t\t<\/div>\n\t\t\t\t\t\t\t\t\t\t\t<\/div>\n\n\t\t\t\t\t\t\t\t\t\t\t\t\t\t\n\t\t\t\t\t\n\t\t\t\t\t<div class=\"wd-tab-content\">\n\t\t\t\t\t\t\t\t\t\t\t\t\t<div >\n\t\t\t\t\t\t\t\t<img decoding=\"async\" src=\"\/wp-content\/uploads\/2022\/11\/New-Project-41.jpg\" \/>\n<div class=\"listitems\">\n<div class=\"listitempart\">\n<ul>\n \t<li>Technical building surveys<\/li>\n \t<li>Sampling and material testing of all kinds<\/li>\n \t<li>Pollutant register and deconstruction, remediation and disposal concepts<\/li>\n \t<li>Pollutant remediation concepts in existing buildings<\/li>\n \t<li>Indoor air measurements<\/li>\n<\/ul>\n<\/div>\n<\/div>\n<div class=\"contactsec unknowncontractperson\">\n<div class=\"contactpersonname\"><img decoding=\"async\" src=\"\/wp-content\/uploads\/2022\/06\/Grawe.jpg\" \/><\/div>\n<div class=\"contactnamedes\">\n<h2>Your contact<\/h2>\n<h3>Dipl.-Ing<\/h3>\n<span class=\"subjarea\">Deconstruction \/ building pollutants<\/span>\n<span class=\"actualnameperson\">Dipl.-Ing. Sebastian Grawe<\/span>\n<span class=\"emailline\"><img decoding=\"async\" src=\"\/wp-content\/uploads\/2022\/08\/email-2.png\" \/> <a href=\"mailto:sebastian.grawe@taberg.de\"> sebastian.grawe@taberg.de<\/a><\/span>\n<span class=\"emailline phonenoperson\"><img decoding=\"async\" src=\"\/wp-content\/uploads\/2022\/11\/phone-call.png\" \/> <a> Office: +49 (0) 231 987 073 35\n<\/a><\/span>\n<span class=\"emailline phonenopersonmobile\"><img decoding=\"async\" src=\"\/wp-content\/uploads\/2022\/11\/phone-call.png\" \/> <a> Mobile: +49 (0) 176 187 073 26\n<\/a><\/span>\n\n<\/div>\n<\/div>\t\t\t\t\t\t\t<\/div>\n\t\t\t\t\t\t\t\t\t\t\t<\/div>\n\n\t\t\t\t\t\t\t\t\t\t\t\t\t\t\n\t\t\t\t\t\n\t\t\t\t\t<div class=\"wd-tab-content\">\n\t\t\t\t\t\t\t\t\t\t\t\t\t<div >\n\t\t\t\t\t\t\t\t<img decoding=\"async\" src=\"\/wp-content\/uploads\/2022\/11\/boden.jpg\" \/>\n<div class=\"listitems\">\n<div class=\"listitempart\">\n<ul>\n \t<li>Soil science site mapping according to KA 6<\/li>\n \t<li>Soil function assessment and evaluation of the worthiness of protection and sensitivity of soils<\/li>\n \t<li>Sampling, examination and evaluation of soils according to BBodSchV<\/li>\n \t<li>Soil evaluation for agricultural and forestry use<\/li>\n \t<li>Preparation of soil protection concepts and soil protection plans according to DIN 19639 and DIN 18915<\/li>\n \t<li>Technical papers and advice on soil protection in various planning phases<\/li>\n \t<li>Investigations, expert reports and advice on special issues relating to soil and soil ecology in individual cases<\/li>\n \t<li>Soil monitoring during construction<\/li>\n \t<li>Preparation of concepts for case-by-case condition assessment, recultivation, interim management and subsequent use<\/li>\n \t<li>Advice and cooperation in the preparation of tender documents for construction services<\/li>\n<\/ul>\n<\/div>\n<\/div>\n<div class=\"contactsec unknowncontractperson\">\n<div class=\"contactpersonname\"><img decoding=\"async\" src=\"\/wp-content\/uploads\/2022\/12\/scheiber.jpg\" \/><\/div>\n<div class=\"contactnamedes\">\n<h2 style=\"color: #405c9c !important;\">Your contact<\/h2>\n<h3>Dr.-Ing<\/h3>\n<span class=\"subjarea\">Soil science<\/span>\n<span class=\"actualnameperson\">Dr Benjamin Schieber<\/span>\n<span class=\"emailline\"><img decoding=\"async\" src=\"\/wp-content\/uploads\/2022\/08\/email-2.png\" \/> <a href=\"mailto:benjamin.schieber@taberg.de\">benjamin.schieber@taberg.de<\/a><\/span>\n<span class=\"emailline phonenoperson\"><img decoding=\"async\" src=\"\/wp-content\/uploads\/2022\/11\/phone-call.png\" \/> <a> Office: 0231 \/ 987073 - 12\n<\/a><\/span>\n<span class=\"emailline phonenopersonmobile\"><img decoding=\"async\" src=\"\/wp-content\/uploads\/2022\/11\/phone-call.png\" \/> <a> Mobile: 0171 \/ 5697279\n<\/a><\/span>\n\n<\/div>\n<\/div>\t\t\t\t\t\t\t<\/div>\n\t\t\t\t\t\t\t\t\t\t\t<\/div>\n\n\t\t\t\t\t\t\t<\/div>\n\t\t<\/div>\n\t\t\t\t\t\t<\/div>\n\t\t\t\t<\/div>\n\t\t\t\t\t<\/div>\n\t\t<\/div>\n\t\t\t\t\t<\/div>\n\t\t<\/section>\n\t\t\t\t<\/div>","protected":false},"excerpt":{"rendered":"<p>Environment Contaminated sites \/ land recycling Deconstruction \/ building pollutants Soil science Exploration measures and laboratory tests Hazard assessments and remediation planning Historical investigations Land recycling and remediation of contaminated sites Soil-<\/p>","protected":false},"author":3,"featured_media":0,"parent":0,"menu_order":0,"comment_status":"closed","ping_status":"closed","template":"","meta":{"footnotes":""},"class_list":["post-16424","page","type-page","status-publish","hentry"],"yoast_head":"<!-- This site is optimized with the Yoast SEO plugin v27.4 - https:\/\/yoast.com\/product\/yoast-seo-wordpress\/ -->\n<title>Umwelt, Bodenschutz &amp; Fl\u00e4chenentwicklung | TABERG Ingenieure<\/title>\n<meta name=\"description\" content=\"TABERG Ingenieure \u2013 Experten und Sachverst\u00e4ndige f\u00fcr Altlasten, Geb\u00e4udeschadstoffe, R\u00fcckbau, Abfallwirtschaft &amp; Bodenschutz. Nachhaltige L\u00f6sungen f\u00fcr Boden, Wasser und die Entwicklung von Fl\u00e4chen &amp; Brownfields.\" \/>\n<meta name=\"robots\" content=\"index, follow, max-snippet:-1, max-image-preview:large, max-video-preview:-1\" \/>\n<link rel=\"canonical\" href=\"https:\/\/taberg.de\/en\/umwelt\/\" \/>\n<meta property=\"og:locale\" content=\"en_GB\" \/>\n<meta property=\"og:type\" content=\"article\" \/>\n<meta property=\"og:title\" content=\"Umwelt, Bodenschutz &amp; Fl\u00e4chenentwicklung | TABERG Ingenieure\" \/>\n<meta property=\"og:description\" content=\"TABERG Ingenieure \u2013 Experten und Sachverst\u00e4ndige f\u00fcr Altlasten, Geb\u00e4udeschadstoffe, R\u00fcckbau, Abfallwirtschaft &amp; Bodenschutz. Nachhaltige L\u00f6sungen f\u00fcr Boden, Wasser und die Entwicklung von Fl\u00e4chen &amp; Brownfields.\" \/>\n<meta property=\"og:url\" content=\"https:\/\/taberg.de\/en\/umwelt\/\" \/>\n<meta property=\"og:site_name\" content=\"TABERG Ingenieure\" \/>\n<meta property=\"article:modified_time\" content=\"2025-12-11T16:59:49+00:00\" \/>\n<meta name=\"twitter:card\" content=\"summary_large_image\" \/>\n<meta name=\"twitter:label1\" content=\"Estimated reading time\" \/>\n\t<meta name=\"twitter:data1\" content=\"4 minutes\" \/>\n<script type=\"application\/ld+json\" class=\"yoast-schema-graph\">{\"@context\":\"https:\\\/\\\/schema.org\",\"@graph\":[{\"@type\":\"WebPage\",\"@id\":\"https:\\\/\\\/taberg.de\\\/umwelt\\\/\",\"url\":\"https:\\\/\\\/taberg.de\\\/umwelt\\\/\",\"name\":\"Umwelt, Bodenschutz & Fl\u00e4chenentwicklung | TABERG Ingenieure\",\"isPartOf\":{\"@id\":\"https:\\\/\\\/taberg.de\\\/#website\"},\"datePublished\":\"2022-08-05T10:54:16+00:00\",\"dateModified\":\"2025-12-11T16:59:49+00:00\",\"description\":\"TABERG Ingenieure \u2013 Experten und Sachverst\u00e4ndige f\u00fcr Altlasten, Geb\u00e4udeschadstoffe, R\u00fcckbau, Abfallwirtschaft & Bodenschutz. Nachhaltige L\u00f6sungen f\u00fcr Boden, Wasser und die Entwicklung von Fl\u00e4chen & Brownfields.\",\"breadcrumb\":{\"@id\":\"https:\\\/\\\/taberg.de\\\/umwelt\\\/#breadcrumb\"},\"inLanguage\":\"en-GB\",\"potentialAction\":[{\"@type\":\"ReadAction\",\"target\":[\"https:\\\/\\\/taberg.de\\\/umwelt\\\/\"]}]},{\"@type\":\"BreadcrumbList\",\"@id\":\"https:\\\/\\\/taberg.de\\\/umwelt\\\/#breadcrumb\",\"itemListElement\":[{\"@type\":\"ListItem\",\"position\":1,\"name\":\"Home\",\"item\":\"https:\\\/\\\/taberg.de\\\/\"},{\"@type\":\"ListItem\",\"position\":2,\"name\":\"Umwelt\"}]},{\"@type\":\"WebSite\",\"@id\":\"https:\\\/\\\/taberg.de\\\/#website\",\"url\":\"https:\\\/\\\/taberg.de\\\/\",\"name\":\"TABERG Ingenieure\",\"description\":\"Architekten und Ingenieure\",\"potentialAction\":[{\"@type\":\"SearchAction\",\"target\":{\"@type\":\"EntryPoint\",\"urlTemplate\":\"https:\\\/\\\/taberg.de\\\/?s={search_term_string}\"},\"query-input\":{\"@type\":\"PropertyValueSpecification\",\"valueRequired\":true,\"valueName\":\"search_term_string\"}}],\"inLanguage\":\"en-GB\"}]}<\/script>\n<!-- \/ Yoast SEO plugin. -->","yoast_head_json":{"title":"Umwelt, Bodenschutz & Fl\u00e4chenentwicklung | TABERG Ingenieure","description":"TABERG Ingenieure \u2013 Experten und Sachverst\u00e4ndige f\u00fcr Altlasten, Geb\u00e4udeschadstoffe, R\u00fcckbau, Abfallwirtschaft & Bodenschutz. Nachhaltige L\u00f6sungen f\u00fcr Boden, Wasser und die Entwicklung von Fl\u00e4chen & Brownfields.","robots":{"index":"index","follow":"follow","max-snippet":"max-snippet:-1","max-image-preview":"max-image-preview:large","max-video-preview":"max-video-preview:-1"},"canonical":"https:\/\/taberg.de\/en\/umwelt\/","og_locale":"en_GB","og_type":"article","og_title":"Umwelt, Bodenschutz & Fl\u00e4chenentwicklung | TABERG Ingenieure","og_description":"TABERG Ingenieure \u2013 Experten und Sachverst\u00e4ndige f\u00fcr Altlasten, Geb\u00e4udeschadstoffe, R\u00fcckbau, Abfallwirtschaft & Bodenschutz. Nachhaltige L\u00f6sungen f\u00fcr Boden, Wasser und die Entwicklung von Fl\u00e4chen & Brownfields.","og_url":"https:\/\/taberg.de\/en\/umwelt\/","og_site_name":"TABERG Ingenieure","article_modified_time":"2025-12-11T16:59:49+00:00","twitter_card":"summary_large_image","twitter_misc":{"Estimated reading time":"4 minutes"},"schema":{"@context":"https:\/\/schema.org","@graph":[{"@type":"WebPage","@id":"https:\/\/taberg.de\/umwelt\/","url":"https:\/\/taberg.de\/umwelt\/","name":"Umwelt, Bodenschutz & Fl\u00e4chenentwicklung | TABERG Ingenieure","isPartOf":{"@id":"https:\/\/taberg.de\/#website"},"datePublished":"2022-08-05T10:54:16+00:00","dateModified":"2025-12-11T16:59:49+00:00","description":"TABERG Ingenieure \u2013 Experten und Sachverst\u00e4ndige f\u00fcr Altlasten, Geb\u00e4udeschadstoffe, R\u00fcckbau, Abfallwirtschaft & Bodenschutz. Nachhaltige L\u00f6sungen f\u00fcr Boden, Wasser und die Entwicklung von Fl\u00e4chen & Brownfields.","breadcrumb":{"@id":"https:\/\/taberg.de\/umwelt\/#breadcrumb"},"inLanguage":"en-GB","potentialAction":[{"@type":"ReadAction","target":["https:\/\/taberg.de\/umwelt\/"]}]},{"@type":"BreadcrumbList","@id":"https:\/\/taberg.de\/umwelt\/#breadcrumb","itemListElement":[{"@type":"ListItem","position":1,"name":"Home","item":"https:\/\/taberg.de\/"},{"@type":"ListItem","position":2,"name":"Umwelt"}]},{"@type":"WebSite","@id":"https:\/\/taberg.de\/#website","url":"https:\/\/taberg.de\/","name":"TABERG Location","description":"Architects and engineers","potentialAction":[{"@type":"SearchAction","target":{"@type":"EntryPoint","urlTemplate":"https:\/\/taberg.de\/?s={search_term_string}"},"query-input":{"@type":"PropertyValueSpecification","valueRequired":true,"valueName":"search_term_string"}}],"inLanguage":"en-GB"}]}},"_links":{"self":[{"href":"https:\/\/taberg.de\/en\/wp-json\/wp\/v2\/pages\/16424","targetHints":{"allow":["GET"]}}],"collection":[{"href":"https:\/\/taberg.de\/en\/wp-json\/wp\/v2\/pages"}],"about":[{"href":"https:\/\/taberg.de\/en\/wp-json\/wp\/v2\/types\/page"}],"author":[{"embeddable":true,"href":"https:\/\/taberg.de\/en\/wp-json\/wp\/v2\/users\/3"}],"replies":[{"embeddable":true,"href":"https:\/\/taberg.de\/en\/wp-json\/wp\/v2\/comments?post=16424"}],"version-history":[{"count":166,"href":"https:\/\/taberg.de\/en\/wp-json\/wp\/v2\/pages\/16424\/revisions"}],"predecessor-version":[{"id":19055,"href":"https:\/\/taberg.de\/en\/wp-json\/wp\/v2\/pages\/16424\/revisions\/19055"}],"wp:attachment":[{"href":"https:\/\/taberg.de\/en\/wp-json\/wp\/v2\/media?parent=16424"}],"curies":[{"name":"wp","href":"https:\/\/api.w.org\/{rel}","templated":true}]}}