{"id":19011,"date":"2025-07-29T13:07:11","date_gmt":"2025-07-29T13:07:11","guid":{"rendered":"https:\/\/taberg.de\/?page_id=19011"},"modified":"2025-12-11T17:02:28","modified_gmt":"2025-12-11T17:02:28","slug":"siera-alliances","status":"publish","type":"page","link":"https:\/\/taberg.de\/en\/siera-alliances\/","title":{"rendered":"SIERA Alliance"},"content":{"rendered":"<div data-elementor-type=\"wp-page\" data-elementor-id=\"19011\" class=\"elementor elementor-19011\" data-elementor-post-type=\"page\">\n\t\t\t\t<div class=\"elementor-element elementor-element-3851dc1f e-con-full e-flex e-con e-parent\" data-id=\"3851dc1f\" data-element_type=\"container\" data-e-type=\"container\">\n\t\t<div class=\"elementor-element elementor-element-5497c722 e-con-full e-flex e-con e-child\" data-id=\"5497c722\" data-element_type=\"container\" data-e-type=\"container\">\n\t\t\t\t<div class=\"elementor-element elementor-element-317c62a0 section-title elementor-invisible elementor-widget elementor-widget-wd_text_block\" data-id=\"317c62a0\" data-element_type=\"widget\" data-e-type=\"widget\" data-settings=\"{&quot;_animation&quot;:&quot;fadeInUp&quot;}\" data-widget_type=\"wd_text_block.default\">\n\t\t\t\t<div class=\"elementor-widget-container\">\n\t\t\t\t\t\t\t<div class=\"wd-text-block reset-last-child text-left\">\n\t\t\t\n\t\t\t<h2 style=\"color: #38344d; text-align: center;\"><span class=\"#boxfirst #boxnormal\">About<\/span> SIERA <span class=\"color-primary\">Alliance<\/span><\/h2>\n\t\t\t\t\t<\/div>\n\t\t\t\t\t\t<\/div>\n\t\t\t\t<\/div>\n\t\t\t\t<div class=\"elementor-element elementor-element-12b0fdbd color-scheme-inherit text-left elementor-widget elementor-widget-text-editor\" data-id=\"12b0fdbd\" data-element_type=\"widget\" data-e-type=\"widget\" data-widget_type=\"text-editor.default\">\n\t\t\t\t<div class=\"elementor-widget-container\">\n\t\t\t\t\t\t\t\t\t<p><strong>SIERA Alliance <\/strong>is an association of leading companies specialising in environmental engineering. Together, we are committed to tackling global challenges with sustainable solutions, innovative technology and impact-orientated projects.<br \/>Our experts design, realise and manage projects that create long-term positive change. Our range of services addresses three key global challenges: climate change, ecological destruction and social inequality.<\/p><p>Our environmental engineers identify challenges, recognise opportunities and deliver sustainable solutions. It's not just about finding solutions - it's about fixing the mistakes of the past: repairing what's broken, restoring what's lost and bringing ecosystems back into natural balance.<\/p><p>Through innovative engineering, advanced technologies and impactful projects, we help our customers create a better, more sustainable future.<\/p>\t\t\t\t\t\t\t\t<\/div>\n\t\t\t\t<\/div>\n\t\t\t\t<div class=\"elementor-element elementor-element-55a38c7a elementor-widget elementor-widget-button\" data-id=\"55a38c7a\" data-element_type=\"widget\" data-e-type=\"widget\" data-widget_type=\"button.default\">\n\t\t\t\t<div class=\"elementor-widget-container\">\n\t\t\t\t\t\t\t\t\t<div class=\"elementor-button-wrapper\">\n\t\t\t\t\t<a class=\"elementor-button elementor-button-link elementor-size-sm\" href=\"https:\/\/siera-alliance.com\/\">\n\t\t\t\t\t\t<span class=\"elementor-button-content-wrapper\">\n\t\t\t\t\t\t<span class=\"elementor-button-icon\">\n\t\t\t\t<i aria-hidden=\"true\" class=\"fas fa-external-link-alt\"><\/i>\t\t\t<\/span>\n\t\t\t\t\t\t\t\t\t<span class=\"elementor-button-text\">Learn more<\/span>\n\t\t\t\t\t<\/span>\n\t\t\t\t\t<\/a>\n\t\t\t\t<\/div>\n\t\t\t\t\t\t\t\t<\/div>\n\t\t\t\t<\/div>\n\t\t\t\t<\/div>\n\t\t<div class=\"elementor-element elementor-element-45752e9e e-con-full e-flex e-con e-child\" data-id=\"45752e9e\" data-element_type=\"container\" data-e-type=\"container\">\n\t\t\t\t<div class=\"elementor-element elementor-element-51d4fade elementor-widget__width-initial elementor-widget elementor-widget-image\" data-id=\"51d4fade\" data-element_type=\"widget\" data-e-type=\"widget\" data-widget_type=\"image.default\">\n\t\t\t\t<div class=\"elementor-widget-container\">\n\t\t\t\t\t\t\t\t\t\t\t\t\t\t\t<img fetchpriority=\"high\" decoding=\"async\" width=\"1024\" height=\"492\" src=\"https:\/\/taberg.de\/wp-content\/uploads\/2025\/07\/Corporate-Sustainability-Blog-Posts-1-1024x492.webp\" class=\"attachment-large size-large wp-image-19013\" alt=\"\" srcset=\"https:\/\/taberg.de\/wp-content\/uploads\/2025\/07\/Corporate-Sustainability-Blog-Posts-1-1024x492.webp 1024w, https:\/\/taberg.de\/wp-content\/uploads\/2025\/07\/Corporate-Sustainability-Blog-Posts-1-300x144.webp 300w, https:\/\/taberg.de\/wp-content\/uploads\/2025\/07\/Corporate-Sustainability-Blog-Posts-1-768x369.webp 768w, https:\/\/taberg.de\/wp-content\/uploads\/2025\/07\/Corporate-Sustainability-Blog-Posts-1-18x9.webp 18w, https:\/\/taberg.de\/wp-content\/uploads\/2025\/07\/Corporate-Sustainability-Blog-Posts-1-600x288.webp 600w, https:\/\/taberg.de\/wp-content\/uploads\/2025\/07\/Corporate-Sustainability-Blog-Posts-1-150x72.webp 150w, https:\/\/taberg.de\/wp-content\/uploads\/2025\/07\/Corporate-Sustainability-Blog-Posts-1.webp 1250w\" sizes=\"(max-width: 1024px) 100vw, 1024px\" \/>\t\t\t\t\t\t\t\t\t\t\t\t\t\t\t<\/div>\n\t\t\t\t<\/div>\n\t\t\t\t<div class=\"elementor-element elementor-element-104da005 elementor-widget__width-initial elementor-absolute elementor-widget elementor-widget-image\" data-id=\"104da005\" data-element_type=\"widget\" data-e-type=\"widget\" data-settings=\"{&quot;_position&quot;:&quot;absolute&quot;}\" data-widget_type=\"image.default\">\n\t\t\t\t<div class=\"elementor-widget-container\">\n\t\t\t\t\t\t\t\t\t\t\t\t\t\t\t<img decoding=\"async\" width=\"1024\" height=\"683\" src=\"https:\/\/taberg.de\/wp-content\/uploads\/2025\/07\/realistic-water-drop-with-ecosystem-scaled-1-1024x683.jpg\" class=\"attachment-large size-large wp-image-19014\" alt=\"\" srcset=\"https:\/\/taberg.de\/wp-content\/uploads\/2025\/07\/realistic-water-drop-with-ecosystem-scaled-1-1024x683.jpg 1024w, https:\/\/taberg.de\/wp-content\/uploads\/2025\/07\/realistic-water-drop-with-ecosystem-scaled-1-300x200.jpg 300w, https:\/\/taberg.de\/wp-content\/uploads\/2025\/07\/realistic-water-drop-with-ecosystem-scaled-1-768x512.jpg 768w, https:\/\/taberg.de\/wp-content\/uploads\/2025\/07\/realistic-water-drop-with-ecosystem-scaled-1-18x12.jpg 18w, https:\/\/taberg.de\/wp-content\/uploads\/2025\/07\/realistic-water-drop-with-ecosystem-scaled-1-600x400.jpg 600w, https:\/\/taberg.de\/wp-content\/uploads\/2025\/07\/realistic-water-drop-with-ecosystem-scaled-1-150x100.jpg 150w, https:\/\/taberg.de\/wp-content\/uploads\/2025\/07\/realistic-water-drop-with-ecosystem-scaled-1.jpg 1350w\" sizes=\"(max-width: 1024px) 100vw, 1024px\" \/>\t\t\t\t\t\t\t\t\t\t\t\t\t\t\t<\/div>\n\t\t\t\t<\/div>\n\t\t\t\t<\/div>\n\t\t\t\t<\/div>\n\t\t<div class=\"elementor-element elementor-element-6b9f402f e-con-full e-flex e-con e-parent\" data-id=\"6b9f402f\" data-element_type=\"container\" data-e-type=\"container\">\n\t\t\t\t<div class=\"elementor-element elementor-element-77b994a2 elementor-widget elementor-widget-heading\" data-id=\"77b994a2\" data-element_type=\"widget\" data-e-type=\"widget\" data-widget_type=\"heading.default\">\n\t\t\t\t<div class=\"elementor-widget-container\">\n\t\t\t\t\t<h3 class=\"elementor-heading-title elementor-size-default\">SIERA Alliance - Engineering for a Better Tomorrow<\/h3>\t\t\t\t<\/div>\n\t\t\t\t<\/div>\n\t\t\t\t<\/div>\n\t\t<div class=\"elementor-element elementor-element-1cdb3f1b e-con-full e-flex e-con e-parent\" data-id=\"1cdb3f1b\" data-element_type=\"container\" data-e-type=\"container\">\n\t\t\t\t<div class=\"elementor-element elementor-element-4206af4 section-title elementor-invisible elementor-widget elementor-widget-wd_text_block\" data-id=\"4206af4\" data-element_type=\"widget\" data-e-type=\"widget\" data-settings=\"{&quot;_animation&quot;:&quot;fadeInUp&quot;}\" data-widget_type=\"wd_text_block.default\">\n\t\t\t\t<div class=\"elementor-widget-container\">\n\t\t\t\t\t\t\t<div class=\"wd-text-block reset-last-child text-left\">\n\t\t\t\n\t\t\t<h2 style=\"color: #38344d; text-align: center;\"><span class=\"#boxfirst #boxnormal\">O<\/span>ur <span class=\"color-primary\">Values<\/span><\/h2>\n\t\t\t\t\t<\/div>\n\t\t\t\t\t\t<\/div>\n\t\t\t\t<\/div>\n\t\t<div class=\"elementor-element elementor-element-aef8010 e-con-full e-flex e-con e-child\" data-id=\"aef8010\" data-element_type=\"container\" data-e-type=\"container\">\n\t\t\t\t<div class=\"elementor-element elementor-element-298131b elementor-widget__width-initial elementor-widget elementor-widget-icon-box\" data-id=\"298131b\" data-element_type=\"widget\" data-e-type=\"widget\" data-widget_type=\"icon-box.default\">\n\t\t\t\t<div class=\"elementor-widget-container\">\n\t\t\t\t\t\t\t<div class=\"elementor-icon-box-wrapper\">\n\n\t\t\t\n\t\t\t\t\t\t<div class=\"elementor-icon-box-content\">\n\n\t\t\t\t\t\t\t\t\t<h3 class=\"elementor-icon-box-title\">\n\t\t\t\t\t\t<span  >\n\t\t\t\t\t\t\tIntegrity \t\t\t\t\t\t<\/span>\n\t\t\t\t\t<\/h3>\n\t\t\t\t\n\t\t\t\t\t\t\t\t\t<p class=\"elementor-icon-box-description\">\n\t\t\t\t\t\tEthical, honest and responsible behaviour in everything we do.\t\t\t\t\t<\/p>\n\t\t\t\t\n\t\t\t<\/div>\n\t\t\t\n\t\t<\/div>\n\t\t\t\t\t\t<\/div>\n\t\t\t\t<\/div>\n\t\t\t\t<div class=\"elementor-element elementor-element-2c99e75c elementor-widget__width-initial elementor-widget elementor-widget-icon-box\" data-id=\"2c99e75c\" data-element_type=\"widget\" data-e-type=\"widget\" data-widget_type=\"icon-box.default\">\n\t\t\t\t<div class=\"elementor-widget-container\">\n\t\t\t\t\t\t\t<div class=\"elementor-icon-box-wrapper\">\n\n\t\t\t\n\t\t\t\t\t\t<div class=\"elementor-icon-box-content\">\n\n\t\t\t\t\t\t\t\t\t<h3 class=\"elementor-icon-box-title\">\n\t\t\t\t\t\t<span  >\n\t\t\t\t\t\t\tDiversity\t\t\t\t\t\t<\/span>\n\t\t\t\t\t<\/h3>\n\t\t\t\t\n\t\t\t\t\t\t\t\t\t<p class=\"elementor-icon-box-description\">\n\t\t\t\t\t\tPromoting an inclusive and fair working environment.\t\t\t\t\t<\/p>\n\t\t\t\t\n\t\t\t<\/div>\n\t\t\t\n\t\t<\/div>\n\t\t\t\t\t\t<\/div>\n\t\t\t\t<\/div>\n\t\t\t\t<div class=\"elementor-element elementor-element-73339a02 elementor-widget__width-initial elementor-widget elementor-widget-icon-box\" data-id=\"73339a02\" data-element_type=\"widget\" data-e-type=\"widget\" data-widget_type=\"icon-box.default\">\n\t\t\t\t<div class=\"elementor-widget-container\">\n\t\t\t\t\t\t\t<div class=\"elementor-icon-box-wrapper\">\n\n\t\t\t\n\t\t\t\t\t\t<div class=\"elementor-icon-box-content\">\n\n\t\t\t\t\t\t\t\t\t<h3 class=\"elementor-icon-box-title\">\n\t\t\t\t\t\t<span  >\n\t\t\t\t\t\t\tCooperation\t\t\t\t\t\t<\/span>\n\t\t\t\t\t<\/h3>\n\t\t\t\t\n\t\t\t\t\t\t\t\t\t<p class=\"elementor-icon-box-description\">\n\t\t\t\t\t\tSeamless working across teams, companies and partners.\t\t\t\t\t<\/p>\n\t\t\t\t\n\t\t\t<\/div>\n\t\t\t\n\t\t<\/div>\n\t\t\t\t\t\t<\/div>\n\t\t\t\t<\/div>\n\t\t\t\t<div class=\"elementor-element elementor-element-118771a elementor-widget__width-initial elementor-widget elementor-widget-icon-box\" data-id=\"118771a\" data-element_type=\"widget\" data-e-type=\"widget\" data-widget_type=\"icon-box.default\">\n\t\t\t\t<div class=\"elementor-widget-container\">\n\t\t\t\t\t\t\t<div class=\"elementor-icon-box-wrapper\">\n\n\t\t\t\n\t\t\t\t\t\t<div class=\"elementor-icon-box-content\">\n\n\t\t\t\t\t\t\t\t\t<h3 class=\"elementor-icon-box-title\">\n\t\t\t\t\t\t<span  >\n\t\t\t\t\t\t\tRealisation power\t\t\t\t\t\t<\/span>\n\t\t\t\t\t<\/h3>\n\t\t\t\t\n\t\t\t\t\t\t\t\t\t<p class=\"elementor-icon-box-description\">\n\t\t\t\t\t\tPersonal responsibility and results-orientation strengthen our teams.\t\t\t\t\t<\/p>\n\t\t\t\t\n\t\t\t<\/div>\n\t\t\t\n\t\t<\/div>\n\t\t\t\t\t\t<\/div>\n\t\t\t\t<\/div>\n\t\t\t\t<div class=\"elementor-element elementor-element-5a7d709a elementor-widget__width-initial elementor-widget elementor-widget-icon-box\" data-id=\"5a7d709a\" data-element_type=\"widget\" data-e-type=\"widget\" data-widget_type=\"icon-box.default\">\n\t\t\t\t<div class=\"elementor-widget-container\">\n\t\t\t\t\t\t\t<div class=\"elementor-icon-box-wrapper\">\n\n\t\t\t\n\t\t\t\t\t\t<div class=\"elementor-icon-box-content\">\n\n\t\t\t\t\t\t\t\t\t<h3 class=\"elementor-icon-box-title\">\n\t\t\t\t\t\t<span  >\n\t\t\t\t\t\t\tPerformance orientation\t\t\t\t\t\t<\/span>\n\t\t\t\t\t<\/h3>\n\t\t\t\t\n\t\t\t\t\t\t\t\t\t<p class=\"elementor-icon-box-description\">\n\t\t\t\t\t\tRecognition of successes and continuous development.\t\t\t\t\t<\/p>\n\t\t\t\t\n\t\t\t<\/div>\n\t\t\t\n\t\t<\/div>\n\t\t\t\t\t\t<\/div>\n\t\t\t\t<\/div>\n\t\t\t\t<div class=\"elementor-element elementor-element-4f8e19fe elementor-widget__width-initial elementor-widget elementor-widget-icon-box\" data-id=\"4f8e19fe\" data-element_type=\"widget\" data-e-type=\"widget\" data-widget_type=\"icon-box.default\">\n\t\t\t\t<div class=\"elementor-widget-container\">\n\t\t\t\t\t\t\t<div class=\"elementor-icon-box-wrapper\">\n\n\t\t\t\n\t\t\t\t\t\t<div class=\"elementor-icon-box-content\">\n\n\t\t\t\t\t\t\t\t\t<h3 class=\"elementor-icon-box-title\">\n\t\t\t\t\t\t<span  >\n\t\t\t\t\t\t\tRespect\t\t\t\t\t\t<\/span>\n\t\t\t\t\t<\/h3>\n\t\t\t\t\n\t\t\t\t\t\t\t\t\t<p class=\"elementor-icon-box-description\">\n\t\t\t\t\t\tAppreciation of people, nature and society.\t\t\t\t\t<\/p>\n\t\t\t\t\n\t\t\t<\/div>\n\t\t\t\n\t\t<\/div>\n\t\t\t\t\t\t<\/div>\n\t\t\t\t<\/div>\n\t\t\t\t<div class=\"elementor-element elementor-element-217eefc elementor-widget__width-initial elementor-widget elementor-widget-icon-box\" data-id=\"217eefc\" data-element_type=\"widget\" data-e-type=\"widget\" data-widget_type=\"icon-box.default\">\n\t\t\t\t<div class=\"elementor-widget-container\">\n\t\t\t\t\t\t\t<div class=\"elementor-icon-box-wrapper\">\n\n\t\t\t\n\t\t\t\t\t\t<div class=\"elementor-icon-box-content\">\n\n\t\t\t\t\t\t\t\t\t<h3 class=\"elementor-icon-box-title\">\n\t\t\t\t\t\t<span  >\n\t\t\t\t\t\t\tAgility\t\t\t\t\t\t<\/span>\n\t\t\t\t\t<\/h3>\n\t\t\t\t\n\t\t\t\t\t\t\t\t\t<p class=\"elementor-icon-box-description\">\n\t\t\t\t\t\tRapid adaptability with customer-centred, efficient processes.\t\t\t\t\t<\/p>\n\t\t\t\t\n\t\t\t<\/div>\n\t\t\t\n\t\t<\/div>\n\t\t\t\t\t\t<\/div>\n\t\t\t\t<\/div>\n\t\t\t\t<div class=\"elementor-element elementor-element-3d41ee84 elementor-widget__width-initial elementor-widget elementor-widget-icon-box\" data-id=\"3d41ee84\" data-element_type=\"widget\" data-e-type=\"widget\" data-widget_type=\"icon-box.default\">\n\t\t\t\t<div class=\"elementor-widget-container\">\n\t\t\t\t\t\t\t<div class=\"elementor-icon-box-wrapper\">\n\n\t\t\t\n\t\t\t\t\t\t<div class=\"elementor-icon-box-content\">\n\n\t\t\t\t\t\t\t\t\t<h3 class=\"elementor-icon-box-title\">\n\t\t\t\t\t\t<span  >\n\t\t\t\t\t\t\tInnovation\t\t\t\t\t\t<\/span>\n\t\t\t\t\t<\/h3>\n\t\t\t\t\n\t\t\t\t\t\t\t\t\t<p class=\"elementor-icon-box-description\">\n\t\t\t\t\t\tPioneering work in engineering methods, technologies and services.\t\t\t\t\t<\/p>\n\t\t\t\t\n\t\t\t<\/div>\n\t\t\t\n\t\t<\/div>\n\t\t\t\t\t\t<\/div>\n\t\t\t\t<\/div>\n\t\t\t\t<\/div>\n\t\t\t\t<\/div>\n\t\t<div class=\"elementor-element elementor-element-1aeb7030 e-con-full e-flex e-con e-parent\" data-id=\"1aeb7030\" data-element_type=\"container\" data-e-type=\"container\">\n\t\t<div class=\"elementor-element elementor-element-7720b46e e-con-full e-flex e-con e-child\" data-id=\"7720b46e\" data-element_type=\"container\" data-e-type=\"container\" data-settings=\"{&quot;background_background&quot;:&quot;classic&quot;}\">\n\t\t\t\t<div class=\"elementor-element elementor-element-a86aca1 elementor-widget elementor-widget-heading\" data-id=\"a86aca1\" data-element_type=\"widget\" data-e-type=\"widget\" data-widget_type=\"heading.default\">\n\t\t\t\t<div class=\"elementor-widget-container\">\n\t\t\t\t\t<h3 class=\"elementor-heading-title elementor-size-default\">Vision<\/h3>\t\t\t\t<\/div>\n\t\t\t\t<\/div>\n\t\t\t\t<div class=\"elementor-element elementor-element-ff017d8 color-scheme-inherit text-left elementor-widget elementor-widget-text-editor\" data-id=\"ff017d8\" data-element_type=\"widget\" data-e-type=\"widget\" data-widget_type=\"text-editor.default\">\n\t\t\t\t<div class=\"elementor-widget-container\">\n\t\t\t\t\t\t\t\t\t<p><span data-teams=\"true\">The SIERA Alliance strives for a future where sustainable solutions are driven by innovation, responsibility and collaboration. Together, we face global challenges and create sustainable, positive change through a shared vision - restoring the balance between nature, society and technology for a resilient and sustainable tomorrow, always in line with \u201eEngineering for a Better Tomorrow\u201c.<\/span><\/p>\t\t\t\t\t\t\t\t<\/div>\n\t\t\t\t<\/div>\n\t\t\t\t<\/div>\n\t\t<div class=\"elementor-element elementor-element-236e5551 e-con-full e-flex e-con e-child\" data-id=\"236e5551\" data-element_type=\"container\" data-e-type=\"container\" data-settings=\"{&quot;background_background&quot;:&quot;classic&quot;}\">\n\t\t\t\t<div class=\"elementor-element elementor-element-22dc58df elementor-widget elementor-widget-heading\" data-id=\"22dc58df\" data-element_type=\"widget\" data-e-type=\"widget\" data-widget_type=\"heading.default\">\n\t\t\t\t<div class=\"elementor-widget-container\">\n\t\t\t\t\t<h3 class=\"elementor-heading-title elementor-size-default\">Mission<\/h3>\t\t\t\t<\/div>\n\t\t\t\t<\/div>\n\t\t\t\t<div class=\"elementor-element elementor-element-64201f03 color-scheme-inherit text-left elementor-widget elementor-widget-text-editor\" data-id=\"64201f03\" data-element_type=\"widget\" data-e-type=\"widget\" data-widget_type=\"text-editor.default\">\n\t\t\t\t<div class=\"elementor-widget-container\">\n\t\t\t\t\t\t\t\t\t<p><span data-teams=\"true\">The SIERA Alliance is a coalition of forward-thinking environmental engineering companies dedicated to delivering transformative environmental solutions to address climate change, ecological degradation and socio-economic inequalities. With a shared commitment to innovation and sustainability, we work collaboratively to empower businesses and communities and promote a better, more sustainable future for all - always in line with \u201eEngineering for a Better Tomorrow\u201c.<\/span><\/p>\t\t\t\t\t\t\t\t<\/div>\n\t\t\t\t<\/div>\n\t\t\t\t<\/div>\n\t\t\t\t<\/div>\n\t\t\t\t<\/div>","protected":false},"excerpt":{"rendered":"<p>\u00dcber SIERA Allianz SIERA Allianz ist ein Zusammenschluss f\u00fchrender Unternehmen, die auf Umweltingenieurwesen spezialisiert sind. Gemeinsam setzen wir uns daf\u00fcr<\/p>","protected":false},"author":3,"featured_media":0,"parent":0,"menu_order":0,"comment_status":"closed","ping_status":"closed","template":"elementor_header_footer","meta":{"footnotes":""},"class_list":["post-19011","page","type-page","status-publish","hentry"],"yoast_head":"<!-- This site is optimized with the Yoast SEO plugin v27.4 - https:\/\/yoast.com\/product\/yoast-seo-wordpress\/ -->\n<title>SIERA Allianz \u2013 Nachhaltige Ingenieur- &amp; Umweltl\u00f6sungen | TABERG<\/title>\n<meta name=\"description\" content=\"TABERG Ingenieure \u2013 Partner der SIERA Allianz. Interdisziplin\u00e4re Ingenieurl\u00f6sungen mit Fokus auf Umwelt, Klimawandel, soziale Wirkung &amp; nachhaltige Entwicklung.\" \/>\n<meta name=\"robots\" content=\"index, follow, max-snippet:-1, max-image-preview:large, max-video-preview:-1\" \/>\n<link rel=\"canonical\" href=\"https:\/\/taberg.de\/en\/siera-alliances\/\" \/>\n<meta property=\"og:locale\" content=\"en_GB\" \/>\n<meta property=\"og:type\" content=\"article\" \/>\n<meta property=\"og:title\" content=\"SIERA Allianz \u2013 Nachhaltige Ingenieur- &amp; Umweltl\u00f6sungen | TABERG\" \/>\n<meta property=\"og:description\" content=\"TABERG Ingenieure \u2013 Partner der SIERA Allianz. Interdisziplin\u00e4re Ingenieurl\u00f6sungen mit Fokus auf Umwelt, Klimawandel, soziale Wirkung &amp; nachhaltige Entwicklung.\" \/>\n<meta property=\"og:url\" content=\"https:\/\/taberg.de\/en\/siera-alliances\/\" \/>\n<meta property=\"og:site_name\" content=\"TABERG Ingenieure\" \/>\n<meta property=\"article:modified_time\" content=\"2025-12-11T17:02:28+00:00\" \/>\n<meta property=\"og:image\" content=\"https:\/\/taberg.de\/wp-content\/uploads\/2025\/07\/Corporate-Sustainability-Blog-Posts-1-1024x492.webp\" \/>\n<meta name=\"twitter:card\" content=\"summary_large_image\" \/>\n<meta name=\"twitter:label1\" content=\"Estimated reading time\" \/>\n\t<meta name=\"twitter:data1\" content=\"2 minutes\" \/>\n<script type=\"application\/ld+json\" class=\"yoast-schema-graph\">{\"@context\":\"https:\\\/\\\/schema.org\",\"@graph\":[{\"@type\":\"WebPage\",\"@id\":\"https:\\\/\\\/taberg.de\\\/siera-alliances\\\/\",\"url\":\"https:\\\/\\\/taberg.de\\\/siera-alliances\\\/\",\"name\":\"SIERA Allianz \u2013 Nachhaltige Ingenieur- & Umweltl\u00f6sungen | TABERG\",\"isPartOf\":{\"@id\":\"https:\\\/\\\/taberg.de\\\/#website\"},\"primaryImageOfPage\":{\"@id\":\"https:\\\/\\\/taberg.de\\\/siera-alliances\\\/#primaryimage\"},\"image\":{\"@id\":\"https:\\\/\\\/taberg.de\\\/siera-alliances\\\/#primaryimage\"},\"thumbnailUrl\":\"https:\\\/\\\/taberg.de\\\/wp-content\\\/uploads\\\/2025\\\/07\\\/Corporate-Sustainability-Blog-Posts-1-1024x492.webp\",\"datePublished\":\"2025-07-29T13:07:11+00:00\",\"dateModified\":\"2025-12-11T17:02:28+00:00\",\"description\":\"TABERG Ingenieure \u2013 Partner der SIERA Allianz. Interdisziplin\u00e4re Ingenieurl\u00f6sungen mit Fokus auf Umwelt, Klimawandel, soziale Wirkung & nachhaltige Entwicklung.\",\"breadcrumb\":{\"@id\":\"https:\\\/\\\/taberg.de\\\/siera-alliances\\\/#breadcrumb\"},\"inLanguage\":\"en-GB\",\"potentialAction\":[{\"@type\":\"ReadAction\",\"target\":[\"https:\\\/\\\/taberg.de\\\/siera-alliances\\\/\"]}]},{\"@type\":\"ImageObject\",\"inLanguage\":\"en-GB\",\"@id\":\"https:\\\/\\\/taberg.de\\\/siera-alliances\\\/#primaryimage\",\"url\":\"https:\\\/\\\/taberg.de\\\/wp-content\\\/uploads\\\/2025\\\/07\\\/Corporate-Sustainability-Blog-Posts-1-1024x492.webp\",\"contentUrl\":\"https:\\\/\\\/taberg.de\\\/wp-content\\\/uploads\\\/2025\\\/07\\\/Corporate-Sustainability-Blog-Posts-1-1024x492.webp\"},{\"@type\":\"BreadcrumbList\",\"@id\":\"https:\\\/\\\/taberg.de\\\/siera-alliances\\\/#breadcrumb\",\"itemListElement\":[{\"@type\":\"ListItem\",\"position\":1,\"name\":\"Home\",\"item\":\"https:\\\/\\\/taberg.de\\\/\"},{\"@type\":\"ListItem\",\"position\":2,\"name\":\"SIERA Allianz\"}]},{\"@type\":\"WebSite\",\"@id\":\"https:\\\/\\\/taberg.de\\\/#website\",\"url\":\"https:\\\/\\\/taberg.de\\\/\",\"name\":\"TABERG Ingenieure\",\"description\":\"Architekten und Ingenieure\",\"potentialAction\":[{\"@type\":\"SearchAction\",\"target\":{\"@type\":\"EntryPoint\",\"urlTemplate\":\"https:\\\/\\\/taberg.de\\\/?s={search_term_string}\"},\"query-input\":{\"@type\":\"PropertyValueSpecification\",\"valueRequired\":true,\"valueName\":\"search_term_string\"}}],\"inLanguage\":\"en-GB\"}]}<\/script>\n<!-- \/ Yoast SEO plugin. -->","yoast_head_json":{"title":"SIERA Allianz \u2013 Nachhaltige Ingenieur- & Umweltl\u00f6sungen | TABERG","description":"TABERG Ingenieure \u2013 Partner der SIERA Allianz. Interdisziplin\u00e4re Ingenieurl\u00f6sungen mit Fokus auf Umwelt, Klimawandel, soziale Wirkung & nachhaltige Entwicklung.","robots":{"index":"index","follow":"follow","max-snippet":"max-snippet:-1","max-image-preview":"max-image-preview:large","max-video-preview":"max-video-preview:-1"},"canonical":"https:\/\/taberg.de\/en\/siera-alliances\/","og_locale":"en_GB","og_type":"article","og_title":"SIERA Allianz \u2013 Nachhaltige Ingenieur- & Umweltl\u00f6sungen | TABERG","og_description":"TABERG Ingenieure \u2013 Partner der SIERA Allianz. Interdisziplin\u00e4re Ingenieurl\u00f6sungen mit Fokus auf Umwelt, Klimawandel, soziale Wirkung & nachhaltige Entwicklung.","og_url":"https:\/\/taberg.de\/en\/siera-alliances\/","og_site_name":"TABERG Ingenieure","article_modified_time":"2025-12-11T17:02:28+00:00","og_image":[{"url":"https:\/\/taberg.de\/wp-content\/uploads\/2025\/07\/Corporate-Sustainability-Blog-Posts-1-1024x492.webp","type":"","width":"","height":""}],"twitter_card":"summary_large_image","twitter_misc":{"Estimated reading time":"2 minutes"},"schema":{"@context":"https:\/\/schema.org","@graph":[{"@type":"WebPage","@id":"https:\/\/taberg.de\/siera-alliances\/","url":"https:\/\/taberg.de\/siera-alliances\/","name":"SIERA Allianz \u2013 Nachhaltige Ingenieur- & Umweltl\u00f6sungen | TABERG","isPartOf":{"@id":"https:\/\/taberg.de\/#website"},"primaryImageOfPage":{"@id":"https:\/\/taberg.de\/siera-alliances\/#primaryimage"},"image":{"@id":"https:\/\/taberg.de\/siera-alliances\/#primaryimage"},"thumbnailUrl":"https:\/\/taberg.de\/wp-content\/uploads\/2025\/07\/Corporate-Sustainability-Blog-Posts-1-1024x492.webp","datePublished":"2025-07-29T13:07:11+00:00","dateModified":"2025-12-11T17:02:28+00:00","description":"TABERG Ingenieure \u2013 Partner der SIERA Allianz. Interdisziplin\u00e4re Ingenieurl\u00f6sungen mit Fokus auf Umwelt, Klimawandel, soziale Wirkung & nachhaltige Entwicklung.","breadcrumb":{"@id":"https:\/\/taberg.de\/siera-alliances\/#breadcrumb"},"inLanguage":"en-GB","potentialAction":[{"@type":"ReadAction","target":["https:\/\/taberg.de\/siera-alliances\/"]}]},{"@type":"ImageObject","inLanguage":"en-GB","@id":"https:\/\/taberg.de\/siera-alliances\/#primaryimage","url":"https:\/\/taberg.de\/wp-content\/uploads\/2025\/07\/Corporate-Sustainability-Blog-Posts-1-1024x492.webp","contentUrl":"https:\/\/taberg.de\/wp-content\/uploads\/2025\/07\/Corporate-Sustainability-Blog-Posts-1-1024x492.webp"},{"@type":"BreadcrumbList","@id":"https:\/\/taberg.de\/siera-alliances\/#breadcrumb","itemListElement":[{"@type":"ListItem","position":1,"name":"Home","item":"https:\/\/taberg.de\/"},{"@type":"ListItem","position":2,"name":"SIERA Allianz"}]},{"@type":"WebSite","@id":"https:\/\/taberg.de\/#website","url":"https:\/\/taberg.de\/","name":"TABERG Location","description":"Architects and engineers","potentialAction":[{"@type":"SearchAction","target":{"@type":"EntryPoint","urlTemplate":"https:\/\/taberg.de\/?s={search_term_string}"},"query-input":{"@type":"PropertyValueSpecification","valueRequired":true,"valueName":"search_term_string"}}],"inLanguage":"en-GB"}]}},"_links":{"self":[{"href":"https:\/\/taberg.de\/en\/wp-json\/wp\/v2\/pages\/19011","targetHints":{"allow":["GET"]}}],"collection":[{"href":"https:\/\/taberg.de\/en\/wp-json\/wp\/v2\/pages"}],"about":[{"href":"https:\/\/taberg.de\/en\/wp-json\/wp\/v2\/types\/page"}],"author":[{"embeddable":true,"href":"https:\/\/taberg.de\/en\/wp-json\/wp\/v2\/users\/3"}],"replies":[{"embeddable":true,"href":"https:\/\/taberg.de\/en\/wp-json\/wp\/v2\/comments?post=19011"}],"version-history":[{"count":13,"href":"https:\/\/taberg.de\/en\/wp-json\/wp\/v2\/pages\/19011\/revisions"}],"predecessor-version":[{"id":19144,"href":"https:\/\/taberg.de\/en\/wp-json\/wp\/v2\/pages\/19011\/revisions\/19144"}],"wp:attachment":[{"href":"https:\/\/taberg.de\/en\/wp-json\/wp\/v2\/media?parent=19011"}],"curies":[{"name":"wp","href":"https:\/\/api.w.org\/{rel}","templated":true}]}}