{"id":16207,"date":"2022-08-04T11:37:43","date_gmt":"2022-08-04T11:37:43","guid":{"rendered":"https:\/\/taberg.de\/?post_type=product&#038;p=16207"},"modified":"2022-08-30T13:07:27","modified_gmt":"2022-08-30T13:07:27","slug":"orientierende-untersuchungen-der-bohrschlammgrube-wustrow-z3","status":"publish","type":"product","link":"https:\/\/taberg.de\/en\/product\/orientierende-untersuchungen-der-bohrschlammgrube-wustrow-z3\/","title":{"rendered":"Orienting investigations of the \"Wustrow Z3\" drilling mud pit"},"content":{"rendered":"<table>\n<tbody>\n<tr>\n<td width=\"333\">Period:<\/td>\n<td width=\"333\">2018<\/td>\n<\/tr>\n<tr>\n<td width=\"333\">Field of activity:<\/td>\n<td width=\"333\">Historical reconnaissance as well as orienting investigation<\/p>\n<p>Sampling<\/p>\n<p>Risk assessment<\/td>\n<\/tr>\n<tr>\n<td width=\"333\">Scope of services:<\/td>\n<td width=\"333\">Historical exploration<\/p>\n<p>orienting investigation incl. field work<\/p>\n<p>Risk assessment<\/td>\n<\/tr>\n<tr>\n<td width=\"333\">Short description:<\/td>\n<td width=\"333\">Conducting an orienting investigation of the Wustrow Z3 drilling mud pit near B\u00f6sel in L\u00fcchow (Wendland). The work is carried out in accordance with the GEOFAKTEN 29 working aids, Phase II - Confirmation\/elimination of suspected hazards.<\/p>\n<p>This was preceded by a Phase I (historical reconnaissance)<\/td>\n<\/tr>\n<\/tbody>\n<\/table>","protected":false},"excerpt":{"rendered":"<p>Period: 2018 Field of activity: Historical exploration and exploratory investigation Sampling Hazard assessment Scope of services: Historical exploration Exploratory investigation incl. field work Hazard assessment Brief description: Implementation<\/p>","protected":false},"featured_media":16247,"template":"","meta":[],"product_brand":[],"product_cat":[38],"product_tag":[],"class_list":{"0":"post-16207","1":"product","2":"type-product","3":"status-publish","4":"has-post-thumbnail","6":"product_cat-boden","8":"first","9":"instock","10":"shipping-taxable","11":"product-type-simple"},"yoast_head":"<!-- This site is optimized with the Yoast SEO plugin v27.4 - https:\/\/yoast.com\/product\/yoast-seo-wordpress\/ -->\n<title>Orientierende Untersuchungen der Bohrschlammgrube \u201eWustrow Z3\u201c - TABERG Ingenieure<\/title>\n<meta name=\"robots\" content=\"index, follow, max-snippet:-1, max-image-preview:large, max-video-preview:-1\" \/>\n<link rel=\"canonical\" href=\"https:\/\/taberg.de\/en\/product\/orientierende-untersuchungen-der-bohrschlammgrube-wustrow-z3\/\" \/>\n<meta property=\"og:locale\" content=\"en_GB\" \/>\n<meta property=\"og:type\" content=\"article\" \/>\n<meta property=\"og:title\" content=\"Orientierende Untersuchungen der Bohrschlammgrube \u201eWustrow Z3\u201c - TABERG Ingenieure\" \/>\n<meta property=\"og:description\" content=\"Zeitraum: 2018 T\u00e4tigkeitsfeld: Historische Erkundung sowie orientierende Untersuchung Probenahme Gef\u00e4hrdungsabsch\u00e4tzung Leistungsumfang: Historische Erkundung orientierende Untersuchung einschl. Feldarbeiten Gef\u00e4hrdungsabsch\u00e4tzung Kurzbeschreibung: Durchf\u00fchrung\" \/>\n<meta property=\"og:url\" content=\"https:\/\/taberg.de\/en\/product\/orientierende-untersuchungen-der-bohrschlammgrube-wustrow-z3\/\" \/>\n<meta property=\"og:site_name\" content=\"TABERG Ingenieure\" \/>\n<meta property=\"article:modified_time\" content=\"2022-08-30T13:07:27+00:00\" \/>\n<meta property=\"og:image\" content=\"https:\/\/taberg.de\/wp-content\/uploads\/2022\/08\/Picture13-1.png\" \/>\n\t<meta property=\"og:image:width\" content=\"586\" \/>\n\t<meta property=\"og:image:height\" content=\"439\" \/>\n\t<meta property=\"og:image:type\" content=\"image\/png\" \/>\n<meta name=\"twitter:card\" content=\"summary_large_image\" \/>\n<script type=\"application\/ld+json\" class=\"yoast-schema-graph\">{\"@context\":\"https:\\\/\\\/schema.org\",\"@graph\":[{\"@type\":\"WebPage\",\"@id\":\"https:\\\/\\\/taberg.de\\\/product\\\/orientierende-untersuchungen-der-bohrschlammgrube-wustrow-z3\\\/\",\"url\":\"https:\\\/\\\/taberg.de\\\/product\\\/orientierende-untersuchungen-der-bohrschlammgrube-wustrow-z3\\\/\",\"name\":\"Orientierende Untersuchungen der Bohrschlammgrube \u201eWustrow Z3\u201c - TABERG Ingenieure\",\"isPartOf\":{\"@id\":\"https:\\\/\\\/taberg.de\\\/#website\"},\"primaryImageOfPage\":{\"@id\":\"https:\\\/\\\/taberg.de\\\/product\\\/orientierende-untersuchungen-der-bohrschlammgrube-wustrow-z3\\\/#primaryimage\"},\"image\":{\"@id\":\"https:\\\/\\\/taberg.de\\\/product\\\/orientierende-untersuchungen-der-bohrschlammgrube-wustrow-z3\\\/#primaryimage\"},\"thumbnailUrl\":\"https:\\\/\\\/taberg.de\\\/wp-content\\\/uploads\\\/2022\\\/08\\\/Picture13-1.png\",\"datePublished\":\"2022-08-04T11:37:43+00:00\",\"dateModified\":\"2022-08-30T13:07:27+00:00\",\"breadcrumb\":{\"@id\":\"https:\\\/\\\/taberg.de\\\/product\\\/orientierende-untersuchungen-der-bohrschlammgrube-wustrow-z3\\\/#breadcrumb\"},\"inLanguage\":\"en-GB\",\"potentialAction\":[{\"@type\":\"ReadAction\",\"target\":[\"https:\\\/\\\/taberg.de\\\/product\\\/orientierende-untersuchungen-der-bohrschlammgrube-wustrow-z3\\\/\"]}]},{\"@type\":\"ImageObject\",\"inLanguage\":\"en-GB\",\"@id\":\"https:\\\/\\\/taberg.de\\\/product\\\/orientierende-untersuchungen-der-bohrschlammgrube-wustrow-z3\\\/#primaryimage\",\"url\":\"https:\\\/\\\/taberg.de\\\/wp-content\\\/uploads\\\/2022\\\/08\\\/Picture13-1.png\",\"contentUrl\":\"https:\\\/\\\/taberg.de\\\/wp-content\\\/uploads\\\/2022\\\/08\\\/Picture13-1.png\",\"width\":586,\"height\":439},{\"@type\":\"BreadcrumbList\",\"@id\":\"https:\\\/\\\/taberg.de\\\/product\\\/orientierende-untersuchungen-der-bohrschlammgrube-wustrow-z3\\\/#breadcrumb\",\"itemListElement\":[{\"@type\":\"ListItem\",\"position\":1,\"name\":\"Home\",\"item\":\"https:\\\/\\\/taberg.de\\\/\"},{\"@type\":\"ListItem\",\"position\":2,\"name\":\"ALLE PROJEKTE\",\"item\":\"https:\\\/\\\/taberg.de\\\/alle-projekte\\\/\"},{\"@type\":\"ListItem\",\"position\":3,\"name\":\"Orientierende Untersuchungen der Bohrschlammgrube \u201eWustrow Z3\u201c\"}]},{\"@type\":\"WebSite\",\"@id\":\"https:\\\/\\\/taberg.de\\\/#website\",\"url\":\"https:\\\/\\\/taberg.de\\\/\",\"name\":\"TABERG Ingenieure\",\"description\":\"Architekten und Ingenieure\",\"potentialAction\":[{\"@type\":\"SearchAction\",\"target\":{\"@type\":\"EntryPoint\",\"urlTemplate\":\"https:\\\/\\\/taberg.de\\\/?s={search_term_string}\"},\"query-input\":{\"@type\":\"PropertyValueSpecification\",\"valueRequired\":true,\"valueName\":\"search_term_string\"}}],\"inLanguage\":\"en-GB\"}]}<\/script>\n<!-- \/ Yoast SEO plugin. -->","yoast_head_json":{"title":"Orientierende Untersuchungen der Bohrschlammgrube \u201eWustrow Z3\u201c - TABERG Ingenieure","robots":{"index":"index","follow":"follow","max-snippet":"max-snippet:-1","max-image-preview":"max-image-preview:large","max-video-preview":"max-video-preview:-1"},"canonical":"https:\/\/taberg.de\/en\/product\/orientierende-untersuchungen-der-bohrschlammgrube-wustrow-z3\/","og_locale":"en_GB","og_type":"article","og_title":"Orientierende Untersuchungen der Bohrschlammgrube \u201eWustrow Z3\u201c - TABERG Ingenieure","og_description":"Zeitraum: 2018 T\u00e4tigkeitsfeld: Historische Erkundung sowie orientierende Untersuchung Probenahme Gef\u00e4hrdungsabsch\u00e4tzung Leistungsumfang: Historische Erkundung orientierende Untersuchung einschl. Feldarbeiten Gef\u00e4hrdungsabsch\u00e4tzung Kurzbeschreibung: Durchf\u00fchrung","og_url":"https:\/\/taberg.de\/en\/product\/orientierende-untersuchungen-der-bohrschlammgrube-wustrow-z3\/","og_site_name":"TABERG Ingenieure","article_modified_time":"2022-08-30T13:07:27+00:00","og_image":[{"width":586,"height":439,"url":"https:\/\/taberg.de\/wp-content\/uploads\/2022\/08\/Picture13-1.png","type":"image\/png"}],"twitter_card":"summary_large_image","schema":{"@context":"https:\/\/schema.org","@graph":[{"@type":"WebPage","@id":"https:\/\/taberg.de\/product\/orientierende-untersuchungen-der-bohrschlammgrube-wustrow-z3\/","url":"https:\/\/taberg.de\/product\/orientierende-untersuchungen-der-bohrschlammgrube-wustrow-z3\/","name":"Orientierende Untersuchungen der Bohrschlammgrube \u201eWustrow Z3\u201c - TABERG Ingenieure","isPartOf":{"@id":"https:\/\/taberg.de\/#website"},"primaryImageOfPage":{"@id":"https:\/\/taberg.de\/product\/orientierende-untersuchungen-der-bohrschlammgrube-wustrow-z3\/#primaryimage"},"image":{"@id":"https:\/\/taberg.de\/product\/orientierende-untersuchungen-der-bohrschlammgrube-wustrow-z3\/#primaryimage"},"thumbnailUrl":"https:\/\/taberg.de\/wp-content\/uploads\/2022\/08\/Picture13-1.png","datePublished":"2022-08-04T11:37:43+00:00","dateModified":"2022-08-30T13:07:27+00:00","breadcrumb":{"@id":"https:\/\/taberg.de\/product\/orientierende-untersuchungen-der-bohrschlammgrube-wustrow-z3\/#breadcrumb"},"inLanguage":"en-GB","potentialAction":[{"@type":"ReadAction","target":["https:\/\/taberg.de\/product\/orientierende-untersuchungen-der-bohrschlammgrube-wustrow-z3\/"]}]},{"@type":"ImageObject","inLanguage":"en-GB","@id":"https:\/\/taberg.de\/product\/orientierende-untersuchungen-der-bohrschlammgrube-wustrow-z3\/#primaryimage","url":"https:\/\/taberg.de\/wp-content\/uploads\/2022\/08\/Picture13-1.png","contentUrl":"https:\/\/taberg.de\/wp-content\/uploads\/2022\/08\/Picture13-1.png","width":586,"height":439},{"@type":"BreadcrumbList","@id":"https:\/\/taberg.de\/product\/orientierende-untersuchungen-der-bohrschlammgrube-wustrow-z3\/#breadcrumb","itemListElement":[{"@type":"ListItem","position":1,"name":"Home","item":"https:\/\/taberg.de\/"},{"@type":"ListItem","position":2,"name":"ALLE PROJEKTE","item":"https:\/\/taberg.de\/alle-projekte\/"},{"@type":"ListItem","position":3,"name":"Orientierende Untersuchungen der Bohrschlammgrube \u201eWustrow Z3\u201c"}]},{"@type":"WebSite","@id":"https:\/\/taberg.de\/#website","url":"https:\/\/taberg.de\/","name":"TABERG Location","description":"Architects and engineers","potentialAction":[{"@type":"SearchAction","target":{"@type":"EntryPoint","urlTemplate":"https:\/\/taberg.de\/?s={search_term_string}"},"query-input":{"@type":"PropertyValueSpecification","valueRequired":true,"valueName":"search_term_string"}}],"inLanguage":"en-GB"}]}},"_links":{"self":[{"href":"https:\/\/taberg.de\/en\/wp-json\/wp\/v2\/product\/16207","targetHints":{"allow":["GET"]}}],"collection":[{"href":"https:\/\/taberg.de\/en\/wp-json\/wp\/v2\/product"}],"about":[{"href":"https:\/\/taberg.de\/en\/wp-json\/wp\/v2\/types\/product"}],"version-history":[{"count":1,"href":"https:\/\/taberg.de\/en\/wp-json\/wp\/v2\/product\/16207\/revisions"}],"predecessor-version":[{"id":17071,"href":"https:\/\/taberg.de\/en\/wp-json\/wp\/v2\/product\/16207\/revisions\/17071"}],"wp:featuredmedia":[{"embeddable":true,"href":"https:\/\/taberg.de\/en\/wp-json\/wp\/v2\/media\/16247"}],"wp:attachment":[{"href":"https:\/\/taberg.de\/en\/wp-json\/wp\/v2\/media?parent=16207"}],"wp:term":[{"taxonomy":"product_brand","embeddable":true,"href":"https:\/\/taberg.de\/en\/wp-json\/wp\/v2\/product_brand?post=16207"},{"taxonomy":"product_cat","embeddable":true,"href":"https:\/\/taberg.de\/en\/wp-json\/wp\/v2\/product_cat?post=16207"},{"taxonomy":"product_tag","embeddable":true,"href":"https:\/\/taberg.de\/en\/wp-json\/wp\/v2\/product_tag?post=16207"}],"curies":[{"name":"wp","href":"https:\/\/api.w.org\/{rel}","templated":true}]}}