{"id":16209,"date":"2022-08-04T11:37:43","date_gmt":"2022-08-04T11:37:43","guid":{"rendered":"https:\/\/taberg.de\/?post_type=product&#038;p=16209"},"modified":"2022-08-30T13:10:36","modified_gmt":"2022-08-30T13:10:36","slug":"historische-erkundung-ehem-kurhessenkaserne-hann-munden","status":"publish","type":"product","link":"https:\/\/taberg.de\/en\/product\/historische-erkundung-ehem-kurhessenkaserne-hann-munden\/","title":{"rendered":"Historical exploration of the former Kurhessen barracks, Hann. M\u00fcnden"},"content":{"rendered":"<table width=\"666\">\n<tbody>\n<tr>\n<td width=\"130\">Field of activity:<\/td>\n<td width=\"536\">Phase I according to BFR BoGwS<\/td>\n<\/tr>\n<tr>\n<td width=\"130\">Scope of services:<\/td>\n<td width=\"536\"><strong>Archive research &amp; enquiries, aerial photo evaluation, site inspection, OU concept &amp; cost estimate <\/strong><\/td>\n<\/tr>\n<tr>\n<td width=\"130\">Short description:<\/td>\n<td width=\"536\">Since its construction in 1901, the site has been in continuous use until 1993. During the imperial era, the area was used as a training ground for pioneers, with the \"Gro\u00dfes Pionier\u00fcbungswerk\" as its centrepiece. After it was partially filled in, a land training area was created and motor vehicle halls and accommodation were built. A phase of civilian use followed around the end of the First World War. From 1934 until the end of the Second World War, pioneers were again trained for frontline operations. At the end of the 1940s, small companies settled here, including a car repair shop, a seed trade and a metal recycling company, and used the former pioneer training site partly as a rubbish dump. In 1956, the Bundewehr took over an almost complete old building stock.<\/p>\n<p>Due to the long and complex history, the focus was on processing and clarifying the partially small-scale uses. A total of 19 areas suspected of contamination were identified. Each site was described and assessed in a fact sheet. For 17 contaminated sites, there was a need for further investigation within the framework of Phase IIa.<\/p>\n<p>An investigation concept for orienting investigations was prepared. Due to the extensive sealing of the area, investigations of the groundwater were initially dispensed with. For the exploration of the subsoil, small percussion borings (KRB) were recommended in the area of the KVF until the grown soil was safely reached or until organoleptically \/ sensory inconspicuous soil layers were reached.<\/td>\n<\/tr>\n<\/tbody>\n<\/table>","protected":false},"excerpt":{"rendered":"<p>Field of activity: Phase I in accordance with BFR BoGwS Scope of services: Archive research &amp; enquiries, aerial photo evaluation, site inspection, OU concept &amp; cost estimate Brief description: The plant has been in operation since<\/p>","protected":false},"featured_media":16249,"template":"","meta":[],"product_brand":[],"product_cat":[38],"product_tag":[],"class_list":{"0":"post-16209","1":"product","2":"type-product","3":"status-publish","4":"has-post-thumbnail","6":"product_cat-boden","8":"first","9":"instock","10":"shipping-taxable","11":"product-type-simple"},"yoast_head":"<!-- This site is optimized with the Yoast SEO plugin v27.4 - https:\/\/yoast.com\/product\/yoast-seo-wordpress\/ -->\n<title>Historische Erkundung ehem. Kurhessenkaserne, Hann. M\u00fcnden - TABERG Ingenieure<\/title>\n<meta name=\"robots\" content=\"index, follow, max-snippet:-1, max-image-preview:large, max-video-preview:-1\" \/>\n<link rel=\"canonical\" href=\"https:\/\/taberg.de\/en\/product\/historische-erkundung-ehem-kurhessenkaserne-hann-munden\/\" \/>\n<meta property=\"og:locale\" content=\"en_GB\" \/>\n<meta property=\"og:type\" content=\"article\" \/>\n<meta property=\"og:title\" content=\"Historische Erkundung ehem. Kurhessenkaserne, Hann. M\u00fcnden - TABERG Ingenieure\" \/>\n<meta property=\"og:description\" content=\"T\u00e4tigkeitsfeld: Phase I gem. BFR BoGwS Leistungsumfang: Archivrecherchen &amp; Anfragen, Luftbildauswertung, Gel\u00e4ndebegehung, OU-Konzept &amp; Kostensch\u00e4tzung Kurzbeschreibung: Die Anlage weist seit\" \/>\n<meta property=\"og:url\" content=\"https:\/\/taberg.de\/en\/product\/historische-erkundung-ehem-kurhessenkaserne-hann-munden\/\" \/>\n<meta property=\"og:site_name\" content=\"TABERG Ingenieure\" \/>\n<meta property=\"article:modified_time\" content=\"2022-08-30T13:10:36+00:00\" \/>\n<meta property=\"og:image\" content=\"https:\/\/taberg.de\/wp-content\/uploads\/2022\/08\/Picture13-3.png\" \/>\n\t<meta property=\"og:image:width\" content=\"586\" \/>\n\t<meta property=\"og:image:height\" content=\"439\" \/>\n\t<meta property=\"og:image:type\" content=\"image\/png\" \/>\n<meta name=\"twitter:card\" content=\"summary_large_image\" \/>\n<meta name=\"twitter:label1\" content=\"Estimated reading time\" \/>\n\t<meta name=\"twitter:data1\" content=\"1 minute\" \/>\n<script type=\"application\/ld+json\" class=\"yoast-schema-graph\">{\"@context\":\"https:\\\/\\\/schema.org\",\"@graph\":[{\"@type\":\"WebPage\",\"@id\":\"https:\\\/\\\/taberg.de\\\/product\\\/historische-erkundung-ehem-kurhessenkaserne-hann-munden\\\/\",\"url\":\"https:\\\/\\\/taberg.de\\\/product\\\/historische-erkundung-ehem-kurhessenkaserne-hann-munden\\\/\",\"name\":\"Historische Erkundung ehem. Kurhessenkaserne, Hann. M\u00fcnden - TABERG Ingenieure\",\"isPartOf\":{\"@id\":\"https:\\\/\\\/taberg.de\\\/#website\"},\"primaryImageOfPage\":{\"@id\":\"https:\\\/\\\/taberg.de\\\/product\\\/historische-erkundung-ehem-kurhessenkaserne-hann-munden\\\/#primaryimage\"},\"image\":{\"@id\":\"https:\\\/\\\/taberg.de\\\/product\\\/historische-erkundung-ehem-kurhessenkaserne-hann-munden\\\/#primaryimage\"},\"thumbnailUrl\":\"https:\\\/\\\/taberg.de\\\/wp-content\\\/uploads\\\/2022\\\/08\\\/Picture13-3.png\",\"datePublished\":\"2022-08-04T11:37:43+00:00\",\"dateModified\":\"2022-08-30T13:10:36+00:00\",\"breadcrumb\":{\"@id\":\"https:\\\/\\\/taberg.de\\\/product\\\/historische-erkundung-ehem-kurhessenkaserne-hann-munden\\\/#breadcrumb\"},\"inLanguage\":\"en-GB\",\"potentialAction\":[{\"@type\":\"ReadAction\",\"target\":[\"https:\\\/\\\/taberg.de\\\/product\\\/historische-erkundung-ehem-kurhessenkaserne-hann-munden\\\/\"]}]},{\"@type\":\"ImageObject\",\"inLanguage\":\"en-GB\",\"@id\":\"https:\\\/\\\/taberg.de\\\/product\\\/historische-erkundung-ehem-kurhessenkaserne-hann-munden\\\/#primaryimage\",\"url\":\"https:\\\/\\\/taberg.de\\\/wp-content\\\/uploads\\\/2022\\\/08\\\/Picture13-3.png\",\"contentUrl\":\"https:\\\/\\\/taberg.de\\\/wp-content\\\/uploads\\\/2022\\\/08\\\/Picture13-3.png\",\"width\":586,\"height\":439},{\"@type\":\"BreadcrumbList\",\"@id\":\"https:\\\/\\\/taberg.de\\\/product\\\/historische-erkundung-ehem-kurhessenkaserne-hann-munden\\\/#breadcrumb\",\"itemListElement\":[{\"@type\":\"ListItem\",\"position\":1,\"name\":\"Home\",\"item\":\"https:\\\/\\\/taberg.de\\\/\"},{\"@type\":\"ListItem\",\"position\":2,\"name\":\"ALLE PROJEKTE\",\"item\":\"https:\\\/\\\/taberg.de\\\/alle-projekte\\\/\"},{\"@type\":\"ListItem\",\"position\":3,\"name\":\"Historische Erkundung ehem. Kurhessenkaserne, Hann. M\u00fcnden\"}]},{\"@type\":\"WebSite\",\"@id\":\"https:\\\/\\\/taberg.de\\\/#website\",\"url\":\"https:\\\/\\\/taberg.de\\\/\",\"name\":\"TABERG Ingenieure\",\"description\":\"Architekten und Ingenieure\",\"potentialAction\":[{\"@type\":\"SearchAction\",\"target\":{\"@type\":\"EntryPoint\",\"urlTemplate\":\"https:\\\/\\\/taberg.de\\\/?s={search_term_string}\"},\"query-input\":{\"@type\":\"PropertyValueSpecification\",\"valueRequired\":true,\"valueName\":\"search_term_string\"}}],\"inLanguage\":\"en-GB\"}]}<\/script>\n<!-- \/ Yoast SEO plugin. -->","yoast_head_json":{"title":"Historische Erkundung ehem. Kurhessenkaserne, Hann. M\u00fcnden - TABERG Ingenieure","robots":{"index":"index","follow":"follow","max-snippet":"max-snippet:-1","max-image-preview":"max-image-preview:large","max-video-preview":"max-video-preview:-1"},"canonical":"https:\/\/taberg.de\/en\/product\/historische-erkundung-ehem-kurhessenkaserne-hann-munden\/","og_locale":"en_GB","og_type":"article","og_title":"Historische Erkundung ehem. Kurhessenkaserne, Hann. M\u00fcnden - TABERG Ingenieure","og_description":"T\u00e4tigkeitsfeld: Phase I gem. BFR BoGwS Leistungsumfang: Archivrecherchen &amp; Anfragen, Luftbildauswertung, Gel\u00e4ndebegehung, OU-Konzept &amp; Kostensch\u00e4tzung Kurzbeschreibung: Die Anlage weist seit","og_url":"https:\/\/taberg.de\/en\/product\/historische-erkundung-ehem-kurhessenkaserne-hann-munden\/","og_site_name":"TABERG Ingenieure","article_modified_time":"2022-08-30T13:10:36+00:00","og_image":[{"width":586,"height":439,"url":"https:\/\/taberg.de\/wp-content\/uploads\/2022\/08\/Picture13-3.png","type":"image\/png"}],"twitter_card":"summary_large_image","twitter_misc":{"Estimated reading time":"1 minute"},"schema":{"@context":"https:\/\/schema.org","@graph":[{"@type":"WebPage","@id":"https:\/\/taberg.de\/product\/historische-erkundung-ehem-kurhessenkaserne-hann-munden\/","url":"https:\/\/taberg.de\/product\/historische-erkundung-ehem-kurhessenkaserne-hann-munden\/","name":"Historische Erkundung ehem. Kurhessenkaserne, Hann. M\u00fcnden - TABERG Ingenieure","isPartOf":{"@id":"https:\/\/taberg.de\/#website"},"primaryImageOfPage":{"@id":"https:\/\/taberg.de\/product\/historische-erkundung-ehem-kurhessenkaserne-hann-munden\/#primaryimage"},"image":{"@id":"https:\/\/taberg.de\/product\/historische-erkundung-ehem-kurhessenkaserne-hann-munden\/#primaryimage"},"thumbnailUrl":"https:\/\/taberg.de\/wp-content\/uploads\/2022\/08\/Picture13-3.png","datePublished":"2022-08-04T11:37:43+00:00","dateModified":"2022-08-30T13:10:36+00:00","breadcrumb":{"@id":"https:\/\/taberg.de\/product\/historische-erkundung-ehem-kurhessenkaserne-hann-munden\/#breadcrumb"},"inLanguage":"en-GB","potentialAction":[{"@type":"ReadAction","target":["https:\/\/taberg.de\/product\/historische-erkundung-ehem-kurhessenkaserne-hann-munden\/"]}]},{"@type":"ImageObject","inLanguage":"en-GB","@id":"https:\/\/taberg.de\/product\/historische-erkundung-ehem-kurhessenkaserne-hann-munden\/#primaryimage","url":"https:\/\/taberg.de\/wp-content\/uploads\/2022\/08\/Picture13-3.png","contentUrl":"https:\/\/taberg.de\/wp-content\/uploads\/2022\/08\/Picture13-3.png","width":586,"height":439},{"@type":"BreadcrumbList","@id":"https:\/\/taberg.de\/product\/historische-erkundung-ehem-kurhessenkaserne-hann-munden\/#breadcrumb","itemListElement":[{"@type":"ListItem","position":1,"name":"Home","item":"https:\/\/taberg.de\/"},{"@type":"ListItem","position":2,"name":"ALLE PROJEKTE","item":"https:\/\/taberg.de\/alle-projekte\/"},{"@type":"ListItem","position":3,"name":"Historische Erkundung ehem. Kurhessenkaserne, Hann. M\u00fcnden"}]},{"@type":"WebSite","@id":"https:\/\/taberg.de\/#website","url":"https:\/\/taberg.de\/","name":"TABERG Location","description":"Architects and engineers","potentialAction":[{"@type":"SearchAction","target":{"@type":"EntryPoint","urlTemplate":"https:\/\/taberg.de\/?s={search_term_string}"},"query-input":{"@type":"PropertyValueSpecification","valueRequired":true,"valueName":"search_term_string"}}],"inLanguage":"en-GB"}]}},"_links":{"self":[{"href":"https:\/\/taberg.de\/en\/wp-json\/wp\/v2\/product\/16209","targetHints":{"allow":["GET"]}}],"collection":[{"href":"https:\/\/taberg.de\/en\/wp-json\/wp\/v2\/product"}],"about":[{"href":"https:\/\/taberg.de\/en\/wp-json\/wp\/v2\/types\/product"}],"version-history":[{"count":2,"href":"https:\/\/taberg.de\/en\/wp-json\/wp\/v2\/product\/16209\/revisions"}],"predecessor-version":[{"id":17078,"href":"https:\/\/taberg.de\/en\/wp-json\/wp\/v2\/product\/16209\/revisions\/17078"}],"wp:featuredmedia":[{"embeddable":true,"href":"https:\/\/taberg.de\/en\/wp-json\/wp\/v2\/media\/16249"}],"wp:attachment":[{"href":"https:\/\/taberg.de\/en\/wp-json\/wp\/v2\/media?parent=16209"}],"wp:term":[{"taxonomy":"product_brand","embeddable":true,"href":"https:\/\/taberg.de\/en\/wp-json\/wp\/v2\/product_brand?post=16209"},{"taxonomy":"product_cat","embeddable":true,"href":"https:\/\/taberg.de\/en\/wp-json\/wp\/v2\/product_cat?post=16209"},{"taxonomy":"product_tag","embeddable":true,"href":"https:\/\/taberg.de\/en\/wp-json\/wp\/v2\/product_tag?post=16209"}],"curies":[{"name":"wp","href":"https:\/\/api.w.org\/{rel}","templated":true}]}}