{"id":16211,"date":"2022-08-04T11:37:44","date_gmt":"2022-08-04T11:37:44","guid":{"rendered":"https:\/\/taberg.de\/?post_type=product&#038;p=16211"},"modified":"2022-08-30T13:09:35","modified_gmt":"2022-08-30T13:09:35","slug":"erganzende-detailuntersuchung-zum-altlastenrisiko-des-grundstucks-hastedter-osterdeich-in-bremen","status":"publish","type":"product","link":"https:\/\/taberg.de\/en\/product\/erganzende-detailuntersuchung-zum-altlastenrisiko-des-grundstucks-hastedter-osterdeich-in-bremen\/","title":{"rendered":"Supplementary Detailed Investigation of the Contaminated Site Risk of the Hastedter Osterdeich Property in Bremen"},"content":{"rendered":"<table width=\"666\">\n<tbody>\n<tr>\n<td width=\"140\">Period:<\/td>\n<td width=\"527\">2017-2019<\/td>\n<\/tr>\n<tr>\n<td width=\"140\">Field of activity:<\/td>\n<td width=\"527\">Orienting investigation of contaminated sites, detailed investigation, supplementary detailed investigation<\/td>\n<\/tr>\n<tr>\n<td width=\"140\">Scope of services:<\/td>\n<td width=\"527\">Soil, soil air and groundwater investigations on the suspected contaminated site of a former transformer station in connection with several contaminated sites in the immediate vicinity<\/td>\n<\/tr>\n<tr>\n<td width=\"140\">Short description:<\/td>\n<td width=\"527\">Before the Second World War, a roofing felt factory was located in the area of the study site and the adjacent property to the east, which burned down completely in 1938.<\/p>\n<p>In the area of the Hastedter Osterdeich property, a total of two areas of damage were localised, which can be differentiated into a central and a southern entry area.<\/p>\n<p>In addition to considerable PAH contamination, high concentrations of CHC and BTEX were detected in the soil and groundwater.<\/p>\n<p>In the course of several investigation steps, the source areas were roughly localised and delimited, including detailed exploration of the contaminant plume in the groundwater downstream.<\/td>\n<\/tr>\n<\/tbody>\n<\/table>","protected":false},"excerpt":{"rendered":"<p>Period: 2017-2019 Field of activity: Orientational investigation of contaminated sites, detailed investigation, supplementary detailed investigation Scope of services: Soil, soil gas and groundwater investigations on the site of a former transformer station suspected of being contaminated<\/p>","protected":false},"featured_media":16253,"template":"","meta":[],"product_brand":[],"product_cat":[38],"product_tag":[],"class_list":{"0":"post-16211","1":"product","2":"type-product","3":"status-publish","4":"has-post-thumbnail","6":"product_cat-boden","8":"first","9":"instock","10":"shipping-taxable","11":"product-type-simple"},"yoast_head":"<!-- This site is optimized with the Yoast SEO plugin v27.4 - https:\/\/yoast.com\/product\/yoast-seo-wordpress\/ -->\n<title>Erg\u00e4nzende Detailuntersuchung zum Altlastenrisiko des Grundst\u00fccks Hastedter Osterdeich in Bremen - TABERG Ingenieure<\/title>\n<meta name=\"robots\" content=\"index, follow, max-snippet:-1, max-image-preview:large, max-video-preview:-1\" \/>\n<link rel=\"canonical\" href=\"https:\/\/taberg.de\/en\/product\/erganzende-detailuntersuchung-zum-altlastenrisiko-des-grundstucks-hastedter-osterdeich-in-bremen\/\" \/>\n<meta property=\"og:locale\" content=\"en_GB\" \/>\n<meta property=\"og:type\" content=\"article\" \/>\n<meta property=\"og:title\" content=\"Erg\u00e4nzende Detailuntersuchung zum Altlastenrisiko des Grundst\u00fccks Hastedter Osterdeich in Bremen - TABERG Ingenieure\" \/>\n<meta property=\"og:description\" content=\"Zeitraum: 2017-2019 T\u00e4tigkeitsfeld: Orientierende Altlastenuntersuchung, Detailuntersuchung, erg\u00e4nzende Detailuntersuchung Leistungsumfang: Boden-, Bodenluft- und Grundwasseruntersuchungen auf dem altlastverd\u00e4chtigen Grundst\u00fcck eines ehemaligen Umspannwerkes\" \/>\n<meta property=\"og:url\" content=\"https:\/\/taberg.de\/en\/product\/erganzende-detailuntersuchung-zum-altlastenrisiko-des-grundstucks-hastedter-osterdeich-in-bremen\/\" \/>\n<meta property=\"og:site_name\" content=\"TABERG Ingenieure\" \/>\n<meta property=\"article:modified_time\" content=\"2022-08-30T13:09:35+00:00\" \/>\n<meta property=\"og:image\" content=\"https:\/\/taberg.de\/wp-content\/uploads\/2022\/08\/Picture21.png\" \/>\n\t<meta property=\"og:image:width\" content=\"405\" \/>\n\t<meta property=\"og:image:height\" content=\"301\" \/>\n\t<meta property=\"og:image:type\" content=\"image\/png\" \/>\n<meta name=\"twitter:card\" content=\"summary_large_image\" \/>\n<meta name=\"twitter:label1\" content=\"Estimated reading time\" \/>\n\t<meta name=\"twitter:data1\" content=\"1 minute\" \/>\n<script type=\"application\/ld+json\" class=\"yoast-schema-graph\">{\"@context\":\"https:\\\/\\\/schema.org\",\"@graph\":[{\"@type\":\"WebPage\",\"@id\":\"https:\\\/\\\/taberg.de\\\/product\\\/erganzende-detailuntersuchung-zum-altlastenrisiko-des-grundstucks-hastedter-osterdeich-in-bremen\\\/\",\"url\":\"https:\\\/\\\/taberg.de\\\/product\\\/erganzende-detailuntersuchung-zum-altlastenrisiko-des-grundstucks-hastedter-osterdeich-in-bremen\\\/\",\"name\":\"Erg\u00e4nzende Detailuntersuchung zum Altlastenrisiko des Grundst\u00fccks Hastedter Osterdeich in Bremen - TABERG Ingenieure\",\"isPartOf\":{\"@id\":\"https:\\\/\\\/taberg.de\\\/#website\"},\"primaryImageOfPage\":{\"@id\":\"https:\\\/\\\/taberg.de\\\/product\\\/erganzende-detailuntersuchung-zum-altlastenrisiko-des-grundstucks-hastedter-osterdeich-in-bremen\\\/#primaryimage\"},\"image\":{\"@id\":\"https:\\\/\\\/taberg.de\\\/product\\\/erganzende-detailuntersuchung-zum-altlastenrisiko-des-grundstucks-hastedter-osterdeich-in-bremen\\\/#primaryimage\"},\"thumbnailUrl\":\"https:\\\/\\\/taberg.de\\\/wp-content\\\/uploads\\\/2022\\\/08\\\/Picture21.png\",\"datePublished\":\"2022-08-04T11:37:44+00:00\",\"dateModified\":\"2022-08-30T13:09:35+00:00\",\"breadcrumb\":{\"@id\":\"https:\\\/\\\/taberg.de\\\/product\\\/erganzende-detailuntersuchung-zum-altlastenrisiko-des-grundstucks-hastedter-osterdeich-in-bremen\\\/#breadcrumb\"},\"inLanguage\":\"en-GB\",\"potentialAction\":[{\"@type\":\"ReadAction\",\"target\":[\"https:\\\/\\\/taberg.de\\\/product\\\/erganzende-detailuntersuchung-zum-altlastenrisiko-des-grundstucks-hastedter-osterdeich-in-bremen\\\/\"]}]},{\"@type\":\"ImageObject\",\"inLanguage\":\"en-GB\",\"@id\":\"https:\\\/\\\/taberg.de\\\/product\\\/erganzende-detailuntersuchung-zum-altlastenrisiko-des-grundstucks-hastedter-osterdeich-in-bremen\\\/#primaryimage\",\"url\":\"https:\\\/\\\/taberg.de\\\/wp-content\\\/uploads\\\/2022\\\/08\\\/Picture21.png\",\"contentUrl\":\"https:\\\/\\\/taberg.de\\\/wp-content\\\/uploads\\\/2022\\\/08\\\/Picture21.png\",\"width\":405,\"height\":301},{\"@type\":\"BreadcrumbList\",\"@id\":\"https:\\\/\\\/taberg.de\\\/product\\\/erganzende-detailuntersuchung-zum-altlastenrisiko-des-grundstucks-hastedter-osterdeich-in-bremen\\\/#breadcrumb\",\"itemListElement\":[{\"@type\":\"ListItem\",\"position\":1,\"name\":\"Home\",\"item\":\"https:\\\/\\\/taberg.de\\\/\"},{\"@type\":\"ListItem\",\"position\":2,\"name\":\"ALLE PROJEKTE\",\"item\":\"https:\\\/\\\/taberg.de\\\/alle-projekte\\\/\"},{\"@type\":\"ListItem\",\"position\":3,\"name\":\"Erg\u00e4nzende Detailuntersuchung zum Altlastenrisiko des Grundst\u00fccks Hastedter Osterdeich in Bremen\"}]},{\"@type\":\"WebSite\",\"@id\":\"https:\\\/\\\/taberg.de\\\/#website\",\"url\":\"https:\\\/\\\/taberg.de\\\/\",\"name\":\"TABERG Ingenieure\",\"description\":\"Architekten und Ingenieure\",\"potentialAction\":[{\"@type\":\"SearchAction\",\"target\":{\"@type\":\"EntryPoint\",\"urlTemplate\":\"https:\\\/\\\/taberg.de\\\/?s={search_term_string}\"},\"query-input\":{\"@type\":\"PropertyValueSpecification\",\"valueRequired\":true,\"valueName\":\"search_term_string\"}}],\"inLanguage\":\"en-GB\"}]}<\/script>\n<!-- \/ Yoast SEO plugin. -->","yoast_head_json":{"title":"Erg\u00e4nzende Detailuntersuchung zum Altlastenrisiko des Grundst\u00fccks Hastedter Osterdeich in Bremen - TABERG Ingenieure","robots":{"index":"index","follow":"follow","max-snippet":"max-snippet:-1","max-image-preview":"max-image-preview:large","max-video-preview":"max-video-preview:-1"},"canonical":"https:\/\/taberg.de\/en\/product\/erganzende-detailuntersuchung-zum-altlastenrisiko-des-grundstucks-hastedter-osterdeich-in-bremen\/","og_locale":"en_GB","og_type":"article","og_title":"Erg\u00e4nzende Detailuntersuchung zum Altlastenrisiko des Grundst\u00fccks Hastedter Osterdeich in Bremen - TABERG Ingenieure","og_description":"Zeitraum: 2017-2019 T\u00e4tigkeitsfeld: Orientierende Altlastenuntersuchung, Detailuntersuchung, erg\u00e4nzende Detailuntersuchung Leistungsumfang: Boden-, Bodenluft- und Grundwasseruntersuchungen auf dem altlastverd\u00e4chtigen Grundst\u00fcck eines ehemaligen Umspannwerkes","og_url":"https:\/\/taberg.de\/en\/product\/erganzende-detailuntersuchung-zum-altlastenrisiko-des-grundstucks-hastedter-osterdeich-in-bremen\/","og_site_name":"TABERG Ingenieure","article_modified_time":"2022-08-30T13:09:35+00:00","og_image":[{"width":405,"height":301,"url":"https:\/\/taberg.de\/wp-content\/uploads\/2022\/08\/Picture21.png","type":"image\/png"}],"twitter_card":"summary_large_image","twitter_misc":{"Estimated reading time":"1 minute"},"schema":{"@context":"https:\/\/schema.org","@graph":[{"@type":"WebPage","@id":"https:\/\/taberg.de\/product\/erganzende-detailuntersuchung-zum-altlastenrisiko-des-grundstucks-hastedter-osterdeich-in-bremen\/","url":"https:\/\/taberg.de\/product\/erganzende-detailuntersuchung-zum-altlastenrisiko-des-grundstucks-hastedter-osterdeich-in-bremen\/","name":"Erg\u00e4nzende Detailuntersuchung zum Altlastenrisiko des Grundst\u00fccks Hastedter Osterdeich in Bremen - TABERG Ingenieure","isPartOf":{"@id":"https:\/\/taberg.de\/#website"},"primaryImageOfPage":{"@id":"https:\/\/taberg.de\/product\/erganzende-detailuntersuchung-zum-altlastenrisiko-des-grundstucks-hastedter-osterdeich-in-bremen\/#primaryimage"},"image":{"@id":"https:\/\/taberg.de\/product\/erganzende-detailuntersuchung-zum-altlastenrisiko-des-grundstucks-hastedter-osterdeich-in-bremen\/#primaryimage"},"thumbnailUrl":"https:\/\/taberg.de\/wp-content\/uploads\/2022\/08\/Picture21.png","datePublished":"2022-08-04T11:37:44+00:00","dateModified":"2022-08-30T13:09:35+00:00","breadcrumb":{"@id":"https:\/\/taberg.de\/product\/erganzende-detailuntersuchung-zum-altlastenrisiko-des-grundstucks-hastedter-osterdeich-in-bremen\/#breadcrumb"},"inLanguage":"en-GB","potentialAction":[{"@type":"ReadAction","target":["https:\/\/taberg.de\/product\/erganzende-detailuntersuchung-zum-altlastenrisiko-des-grundstucks-hastedter-osterdeich-in-bremen\/"]}]},{"@type":"ImageObject","inLanguage":"en-GB","@id":"https:\/\/taberg.de\/product\/erganzende-detailuntersuchung-zum-altlastenrisiko-des-grundstucks-hastedter-osterdeich-in-bremen\/#primaryimage","url":"https:\/\/taberg.de\/wp-content\/uploads\/2022\/08\/Picture21.png","contentUrl":"https:\/\/taberg.de\/wp-content\/uploads\/2022\/08\/Picture21.png","width":405,"height":301},{"@type":"BreadcrumbList","@id":"https:\/\/taberg.de\/product\/erganzende-detailuntersuchung-zum-altlastenrisiko-des-grundstucks-hastedter-osterdeich-in-bremen\/#breadcrumb","itemListElement":[{"@type":"ListItem","position":1,"name":"Home","item":"https:\/\/taberg.de\/"},{"@type":"ListItem","position":2,"name":"ALLE PROJEKTE","item":"https:\/\/taberg.de\/alle-projekte\/"},{"@type":"ListItem","position":3,"name":"Erg\u00e4nzende Detailuntersuchung zum Altlastenrisiko des Grundst\u00fccks Hastedter Osterdeich in Bremen"}]},{"@type":"WebSite","@id":"https:\/\/taberg.de\/#website","url":"https:\/\/taberg.de\/","name":"TABERG Location","description":"Architects and engineers","potentialAction":[{"@type":"SearchAction","target":{"@type":"EntryPoint","urlTemplate":"https:\/\/taberg.de\/?s={search_term_string}"},"query-input":{"@type":"PropertyValueSpecification","valueRequired":true,"valueName":"search_term_string"}}],"inLanguage":"en-GB"}]}},"_links":{"self":[{"href":"https:\/\/taberg.de\/en\/wp-json\/wp\/v2\/product\/16211","targetHints":{"allow":["GET"]}}],"collection":[{"href":"https:\/\/taberg.de\/en\/wp-json\/wp\/v2\/product"}],"about":[{"href":"https:\/\/taberg.de\/en\/wp-json\/wp\/v2\/types\/product"}],"version-history":[{"count":2,"href":"https:\/\/taberg.de\/en\/wp-json\/wp\/v2\/product\/16211\/revisions"}],"predecessor-version":[{"id":17076,"href":"https:\/\/taberg.de\/en\/wp-json\/wp\/v2\/product\/16211\/revisions\/17076"}],"wp:featuredmedia":[{"embeddable":true,"href":"https:\/\/taberg.de\/en\/wp-json\/wp\/v2\/media\/16253"}],"wp:attachment":[{"href":"https:\/\/taberg.de\/en\/wp-json\/wp\/v2\/media?parent=16211"}],"wp:term":[{"taxonomy":"product_brand","embeddable":true,"href":"https:\/\/taberg.de\/en\/wp-json\/wp\/v2\/product_brand?post=16211"},{"taxonomy":"product_cat","embeddable":true,"href":"https:\/\/taberg.de\/en\/wp-json\/wp\/v2\/product_cat?post=16211"},{"taxonomy":"product_tag","embeddable":true,"href":"https:\/\/taberg.de\/en\/wp-json\/wp\/v2\/product_tag?post=16211"}],"curies":[{"name":"wp","href":"https:\/\/api.w.org\/{rel}","templated":true}]}}