{"id":16212,"date":"2022-08-04T11:37:44","date_gmt":"2022-08-04T11:37:44","guid":{"rendered":"https:\/\/taberg.de\/?post_type=product&#038;p=16212"},"modified":"2022-08-30T13:06:50","modified_gmt":"2022-08-30T13:06:50","slug":"konversion-ehem-bw-krankenhaus-rostrup-bad-zwischenahn","status":"publish","type":"product","link":"https:\/\/taberg.de\/en\/product\/konversion-ehem-bw-krankenhaus-rostrup-bad-zwischenahn\/","title":{"rendered":"Conversion of former BW hospital Rostrup, Bad Zwischenahn"},"content":{"rendered":"<p><strong>Period: <\/strong>Since 2009<\/p>\n<p><strong>Field of activity: <\/strong>Explosive ordnance clearance, construction site construction, deconstruction, contaminated sites, unsealing,<\/p>\n<p>Soil and waste management (material flows),<\/p>\n<p><strong>Planning services in accordance with federal working aids<\/strong><\/p>\n<p><strong>Scope of services: <\/strong><\/p>\n<ul>\n<li>Creation of a historical-genetic reconstruction (HgR)<\/li>\n<\/ul>\n<p>Explosive ordnance and contaminated sites<\/p>\n<ul>\n<li>Preparation of a cost estimate for the implementation of phase B\/C -<\/li>\n<li>Sounding and clearing concept<\/li>\n<li>Preparation of the sounding and clearance concept Deconstruction planning incl. pollutant register<\/li>\n<li>Explosive ordnance detection and clearance planning<\/li>\n<li>Investigation\/hazard assessment in the sense of BBodSchG<\/li>\n<li>Planning soil remediation<\/li>\n<li>Soil and waste management planning<\/li>\n<li>Preparing investigations in the LSG<\/li>\n<li>Conducting discussions with authorities<\/li>\n<li>Support of the AG in renegotiations with the BImA<\/li>\n<li>Preparation of tender documents and participation in<\/li>\n<li>Bidder talks<\/li>\n<li>Supervision of the execution, coordination of the individual trades,<\/li>\n<li>Cost controlling, sampling and analytics<\/li>\n<li>Implementation of funding management (N-Bank -&gt; EFRE)<\/li>\n<\/ul>\n<p><strong>The above services cover the AHO\/HOAI planning areas in all phases.<\/strong><\/p>","protected":false},"excerpt":{"rendered":"<p>Period: Since 2009 Field of activity: Explosive ordnance clearance, construction site construction, demolition, contaminated sites, unsealing, soil and waste management (material flows), planning services in accordance with federal work aids Scope of services: Creation<\/p>","protected":false},"featured_media":16256,"template":"","meta":[],"product_brand":[],"product_cat":[38],"product_tag":[],"class_list":{"0":"post-16212","1":"product","2":"type-product","3":"status-publish","4":"has-post-thumbnail","6":"product_cat-boden","8":"first","9":"instock","10":"shipping-taxable","11":"product-type-simple"},"yoast_head":"<!-- This site is optimized with the Yoast SEO plugin v27.4 - https:\/\/yoast.com\/product\/yoast-seo-wordpress\/ -->\n<title>Konversion ehem. BW-Krankenhaus Rostrup, Bad Zwischenahn - TABERG Ingenieure<\/title>\n<meta name=\"robots\" content=\"index, follow, max-snippet:-1, max-image-preview:large, max-video-preview:-1\" \/>\n<link rel=\"canonical\" href=\"https:\/\/taberg.de\/en\/product\/konversion-ehem-bw-krankenhaus-rostrup-bad-zwischenahn\/\" \/>\n<meta property=\"og:locale\" content=\"en_GB\" \/>\n<meta property=\"og:type\" content=\"article\" \/>\n<meta property=\"og:title\" content=\"Konversion ehem. BW-Krankenhaus Rostrup, Bad Zwischenahn - TABERG Ingenieure\" \/>\n<meta property=\"og:description\" content=\"Zeitraum: Seit 2009 T\u00e4tigkeitsfeld: Kampfmittelr\u00e4umung, Baufeldherrichtung, R\u00fcckbau, Altlasten, Entsiegelung, Boden- und Abfallmanagement (Stoffstr\u00f6me), Planungsleistungen gem. Arbeitshilfen des Bundes Leistungsumfang: Erstellung\" \/>\n<meta property=\"og:url\" content=\"https:\/\/taberg.de\/en\/product\/konversion-ehem-bw-krankenhaus-rostrup-bad-zwischenahn\/\" \/>\n<meta property=\"og:site_name\" content=\"TABERG Ingenieure\" \/>\n<meta property=\"article:modified_time\" content=\"2022-08-30T13:06:50+00:00\" \/>\n<meta property=\"og:image\" content=\"https:\/\/taberg.de\/wp-content\/uploads\/2022\/08\/Picture13-7.png\" \/>\n\t<meta property=\"og:image:width\" content=\"586\" \/>\n\t<meta property=\"og:image:height\" content=\"439\" \/>\n\t<meta property=\"og:image:type\" content=\"image\/png\" \/>\n<meta name=\"twitter:card\" content=\"summary_large_image\" \/>\n<meta name=\"twitter:label1\" content=\"Estimated reading time\" \/>\n\t<meta name=\"twitter:data1\" content=\"1 minute\" \/>\n<script type=\"application\/ld+json\" class=\"yoast-schema-graph\">{\"@context\":\"https:\\\/\\\/schema.org\",\"@graph\":[{\"@type\":\"WebPage\",\"@id\":\"https:\\\/\\\/taberg.de\\\/product\\\/konversion-ehem-bw-krankenhaus-rostrup-bad-zwischenahn\\\/\",\"url\":\"https:\\\/\\\/taberg.de\\\/product\\\/konversion-ehem-bw-krankenhaus-rostrup-bad-zwischenahn\\\/\",\"name\":\"Konversion ehem. BW-Krankenhaus Rostrup, Bad Zwischenahn - TABERG Ingenieure\",\"isPartOf\":{\"@id\":\"https:\\\/\\\/taberg.de\\\/#website\"},\"primaryImageOfPage\":{\"@id\":\"https:\\\/\\\/taberg.de\\\/product\\\/konversion-ehem-bw-krankenhaus-rostrup-bad-zwischenahn\\\/#primaryimage\"},\"image\":{\"@id\":\"https:\\\/\\\/taberg.de\\\/product\\\/konversion-ehem-bw-krankenhaus-rostrup-bad-zwischenahn\\\/#primaryimage\"},\"thumbnailUrl\":\"https:\\\/\\\/taberg.de\\\/wp-content\\\/uploads\\\/2022\\\/08\\\/Picture13-7.png\",\"datePublished\":\"2022-08-04T11:37:44+00:00\",\"dateModified\":\"2022-08-30T13:06:50+00:00\",\"breadcrumb\":{\"@id\":\"https:\\\/\\\/taberg.de\\\/product\\\/konversion-ehem-bw-krankenhaus-rostrup-bad-zwischenahn\\\/#breadcrumb\"},\"inLanguage\":\"en-GB\",\"potentialAction\":[{\"@type\":\"ReadAction\",\"target\":[\"https:\\\/\\\/taberg.de\\\/product\\\/konversion-ehem-bw-krankenhaus-rostrup-bad-zwischenahn\\\/\"]}]},{\"@type\":\"ImageObject\",\"inLanguage\":\"en-GB\",\"@id\":\"https:\\\/\\\/taberg.de\\\/product\\\/konversion-ehem-bw-krankenhaus-rostrup-bad-zwischenahn\\\/#primaryimage\",\"url\":\"https:\\\/\\\/taberg.de\\\/wp-content\\\/uploads\\\/2022\\\/08\\\/Picture13-7.png\",\"contentUrl\":\"https:\\\/\\\/taberg.de\\\/wp-content\\\/uploads\\\/2022\\\/08\\\/Picture13-7.png\",\"width\":586,\"height\":439},{\"@type\":\"BreadcrumbList\",\"@id\":\"https:\\\/\\\/taberg.de\\\/product\\\/konversion-ehem-bw-krankenhaus-rostrup-bad-zwischenahn\\\/#breadcrumb\",\"itemListElement\":[{\"@type\":\"ListItem\",\"position\":1,\"name\":\"Home\",\"item\":\"https:\\\/\\\/taberg.de\\\/\"},{\"@type\":\"ListItem\",\"position\":2,\"name\":\"ALLE PROJEKTE\",\"item\":\"https:\\\/\\\/taberg.de\\\/alle-projekte\\\/\"},{\"@type\":\"ListItem\",\"position\":3,\"name\":\"Konversion ehem. BW-Krankenhaus Rostrup, Bad Zwischenahn\"}]},{\"@type\":\"WebSite\",\"@id\":\"https:\\\/\\\/taberg.de\\\/#website\",\"url\":\"https:\\\/\\\/taberg.de\\\/\",\"name\":\"TABERG Ingenieure\",\"description\":\"Architekten und Ingenieure\",\"potentialAction\":[{\"@type\":\"SearchAction\",\"target\":{\"@type\":\"EntryPoint\",\"urlTemplate\":\"https:\\\/\\\/taberg.de\\\/?s={search_term_string}\"},\"query-input\":{\"@type\":\"PropertyValueSpecification\",\"valueRequired\":true,\"valueName\":\"search_term_string\"}}],\"inLanguage\":\"en-GB\"}]}<\/script>\n<!-- \/ Yoast SEO plugin. -->","yoast_head_json":{"title":"Konversion ehem. BW-Krankenhaus Rostrup, Bad Zwischenahn - TABERG Ingenieure","robots":{"index":"index","follow":"follow","max-snippet":"max-snippet:-1","max-image-preview":"max-image-preview:large","max-video-preview":"max-video-preview:-1"},"canonical":"https:\/\/taberg.de\/en\/product\/konversion-ehem-bw-krankenhaus-rostrup-bad-zwischenahn\/","og_locale":"en_GB","og_type":"article","og_title":"Konversion ehem. BW-Krankenhaus Rostrup, Bad Zwischenahn - TABERG Ingenieure","og_description":"Zeitraum: Seit 2009 T\u00e4tigkeitsfeld: Kampfmittelr\u00e4umung, Baufeldherrichtung, R\u00fcckbau, Altlasten, Entsiegelung, Boden- und Abfallmanagement (Stoffstr\u00f6me), Planungsleistungen gem. Arbeitshilfen des Bundes Leistungsumfang: Erstellung","og_url":"https:\/\/taberg.de\/en\/product\/konversion-ehem-bw-krankenhaus-rostrup-bad-zwischenahn\/","og_site_name":"TABERG Ingenieure","article_modified_time":"2022-08-30T13:06:50+00:00","og_image":[{"width":586,"height":439,"url":"https:\/\/taberg.de\/wp-content\/uploads\/2022\/08\/Picture13-7.png","type":"image\/png"}],"twitter_card":"summary_large_image","twitter_misc":{"Estimated reading time":"1 minute"},"schema":{"@context":"https:\/\/schema.org","@graph":[{"@type":"WebPage","@id":"https:\/\/taberg.de\/product\/konversion-ehem-bw-krankenhaus-rostrup-bad-zwischenahn\/","url":"https:\/\/taberg.de\/product\/konversion-ehem-bw-krankenhaus-rostrup-bad-zwischenahn\/","name":"Konversion ehem. BW-Krankenhaus Rostrup, Bad Zwischenahn - TABERG Ingenieure","isPartOf":{"@id":"https:\/\/taberg.de\/#website"},"primaryImageOfPage":{"@id":"https:\/\/taberg.de\/product\/konversion-ehem-bw-krankenhaus-rostrup-bad-zwischenahn\/#primaryimage"},"image":{"@id":"https:\/\/taberg.de\/product\/konversion-ehem-bw-krankenhaus-rostrup-bad-zwischenahn\/#primaryimage"},"thumbnailUrl":"https:\/\/taberg.de\/wp-content\/uploads\/2022\/08\/Picture13-7.png","datePublished":"2022-08-04T11:37:44+00:00","dateModified":"2022-08-30T13:06:50+00:00","breadcrumb":{"@id":"https:\/\/taberg.de\/product\/konversion-ehem-bw-krankenhaus-rostrup-bad-zwischenahn\/#breadcrumb"},"inLanguage":"en-GB","potentialAction":[{"@type":"ReadAction","target":["https:\/\/taberg.de\/product\/konversion-ehem-bw-krankenhaus-rostrup-bad-zwischenahn\/"]}]},{"@type":"ImageObject","inLanguage":"en-GB","@id":"https:\/\/taberg.de\/product\/konversion-ehem-bw-krankenhaus-rostrup-bad-zwischenahn\/#primaryimage","url":"https:\/\/taberg.de\/wp-content\/uploads\/2022\/08\/Picture13-7.png","contentUrl":"https:\/\/taberg.de\/wp-content\/uploads\/2022\/08\/Picture13-7.png","width":586,"height":439},{"@type":"BreadcrumbList","@id":"https:\/\/taberg.de\/product\/konversion-ehem-bw-krankenhaus-rostrup-bad-zwischenahn\/#breadcrumb","itemListElement":[{"@type":"ListItem","position":1,"name":"Home","item":"https:\/\/taberg.de\/"},{"@type":"ListItem","position":2,"name":"ALLE PROJEKTE","item":"https:\/\/taberg.de\/alle-projekte\/"},{"@type":"ListItem","position":3,"name":"Konversion ehem. BW-Krankenhaus Rostrup, Bad Zwischenahn"}]},{"@type":"WebSite","@id":"https:\/\/taberg.de\/#website","url":"https:\/\/taberg.de\/","name":"TABERG Location","description":"Architects and engineers","potentialAction":[{"@type":"SearchAction","target":{"@type":"EntryPoint","urlTemplate":"https:\/\/taberg.de\/?s={search_term_string}"},"query-input":{"@type":"PropertyValueSpecification","valueRequired":true,"valueName":"search_term_string"}}],"inLanguage":"en-GB"}]}},"_links":{"self":[{"href":"https:\/\/taberg.de\/en\/wp-json\/wp\/v2\/product\/16212","targetHints":{"allow":["GET"]}}],"collection":[{"href":"https:\/\/taberg.de\/en\/wp-json\/wp\/v2\/product"}],"about":[{"href":"https:\/\/taberg.de\/en\/wp-json\/wp\/v2\/types\/product"}],"version-history":[{"count":1,"href":"https:\/\/taberg.de\/en\/wp-json\/wp\/v2\/product\/16212\/revisions"}],"predecessor-version":[{"id":17068,"href":"https:\/\/taberg.de\/en\/wp-json\/wp\/v2\/product\/16212\/revisions\/17068"}],"wp:featuredmedia":[{"embeddable":true,"href":"https:\/\/taberg.de\/en\/wp-json\/wp\/v2\/media\/16256"}],"wp:attachment":[{"href":"https:\/\/taberg.de\/en\/wp-json\/wp\/v2\/media?parent=16212"}],"wp:term":[{"taxonomy":"product_brand","embeddable":true,"href":"https:\/\/taberg.de\/en\/wp-json\/wp\/v2\/product_brand?post=16212"},{"taxonomy":"product_cat","embeddable":true,"href":"https:\/\/taberg.de\/en\/wp-json\/wp\/v2\/product_cat?post=16212"},{"taxonomy":"product_tag","embeddable":true,"href":"https:\/\/taberg.de\/en\/wp-json\/wp\/v2\/product_tag?post=16212"}],"curies":[{"name":"wp","href":"https:\/\/api.w.org\/{rel}","templated":true}]}}