{"id":16213,"date":"2022-08-04T11:37:44","date_gmt":"2022-08-04T11:37:44","guid":{"rendered":"https:\/\/taberg.de\/?post_type=product&#038;p=16213"},"modified":"2022-08-30T13:07:14","modified_gmt":"2022-08-30T13:07:14","slug":"versmannkai-ost-baufeldfreimachung-bf-102-110","status":"publish","type":"product","link":"https:\/\/taberg.de\/en\/product\/versmannkai-ost-baufeldfreimachung-bf-102-110\/","title":{"rendered":"Versmannkai East, site clearance BF 102-110"},"content":{"rendered":"<table width=\"666\">\n<tbody>\n<tr>\n<td width=\"140\">Period:<\/td>\n<td width=\"527\">2016 - 2018<\/td>\n<\/tr>\n<tr>\n<td width=\"140\">Field of activity:<\/td>\n<td width=\"527\">Explosive ordnance clearance<\/td>\n<\/tr>\n<tr>\n<td width=\"140\">Scope of services:<\/td>\n<td width=\"527\"><strong>Consultancy services, planning services, tendering, participation in award of contract, construction supervision <\/strong><\/td>\n<\/tr>\n<tr>\n<td width=\"140\">Short description:<\/td>\n<td width=\"527\">Versmannkai Ost is located in the Elbbr\u00fccken quarter of HafenCity. This is currently being developed into a new district with residential and commercial development.<\/p>\n<p>The construction sites 102, 105, 108 and 110 were located in a former water area that had not yet been explored. The aim of the work was to check the unexplored construction sites with suspected unexploded bombs down to a depth of -9.5 m below sea level (-15 m below ground level) by means of borehole probing and to achieve clearance.<\/p>\n<p>In the run-up to the exploratory work, existing quay installations (quay slab, concrete spar, sheet pile wall) had to be demolished in some areas. The sheet pile wall was only partially removed. The soundings were carried out by means of a triaxial magnetometer, supplemented by an active method (here 4R-EM) and borehole georadar in order to determine the<\/p>\n<p>The aim was to keep civil engineering costs for the recovery as low as possible. The recovery at greater depths was carried out by means of large-hole drilling and diving operations.<\/p>\n<p>The terrain was adjusted by backfilling the excavation pits and modelling to contractually agreed transfer heights.<\/td>\n<\/tr>\n<\/tbody>\n<\/table>","protected":false},"excerpt":{"rendered":"<p>Period: 2016 - 2018 Field of activity: Explosive ordnance clearance Scope of services: Consultancy services, planning services, tendering, participation in the awarding of contracts, specialist construction supervision Brief description: Versmannkai Ost is located<\/p>","protected":false},"featured_media":16257,"template":"","meta":[],"product_brand":[],"product_cat":[38],"product_tag":[],"class_list":{"0":"post-16213","1":"product","2":"type-product","3":"status-publish","4":"has-post-thumbnail","6":"product_cat-boden","8":"first","9":"instock","10":"shipping-taxable","11":"product-type-simple"},"yoast_head":"<!-- This site is optimized with the Yoast SEO plugin v27.4 - https:\/\/yoast.com\/product\/yoast-seo-wordpress\/ -->\n<title>Versmannkai Ost, Baufeldfreimachung BF 102-110 - TABERG Ingenieure<\/title>\n<meta name=\"robots\" content=\"index, follow, max-snippet:-1, max-image-preview:large, max-video-preview:-1\" \/>\n<link rel=\"canonical\" href=\"https:\/\/taberg.de\/en\/product\/versmannkai-ost-baufeldfreimachung-bf-102-110\/\" \/>\n<meta property=\"og:locale\" content=\"en_GB\" \/>\n<meta property=\"og:type\" content=\"article\" \/>\n<meta property=\"og:title\" content=\"Versmannkai Ost, Baufeldfreimachung BF 102-110 - TABERG Ingenieure\" \/>\n<meta property=\"og:description\" content=\"Zeitraum: 2016 \u2013 2018 T\u00e4tigkeitsfeld: Kampfmittelr\u00e4umung Leistungsumfang: Beratungsleistung, Planungsleistungen, Ausschreibung, Mitwirkung bei der Vergabe, Fachbau\u00fcberwachung Kurzbeschreibung: Der Versmannkai Ost liegt\" \/>\n<meta property=\"og:url\" content=\"https:\/\/taberg.de\/en\/product\/versmannkai-ost-baufeldfreimachung-bf-102-110\/\" \/>\n<meta property=\"og:site_name\" content=\"TABERG Ingenieure\" \/>\n<meta property=\"article:modified_time\" content=\"2022-08-30T13:07:14+00:00\" \/>\n<meta property=\"og:image\" content=\"https:\/\/taberg.de\/wp-content\/uploads\/2022\/08\/Picture13-9.png\" \/>\n\t<meta property=\"og:image:width\" content=\"586\" \/>\n\t<meta property=\"og:image:height\" content=\"439\" \/>\n\t<meta property=\"og:image:type\" content=\"image\/png\" \/>\n<meta name=\"twitter:card\" content=\"summary_large_image\" \/>\n<meta name=\"twitter:label1\" content=\"Estimated reading time\" \/>\n\t<meta name=\"twitter:data1\" content=\"1 minute\" \/>\n<script type=\"application\/ld+json\" class=\"yoast-schema-graph\">{\"@context\":\"https:\\\/\\\/schema.org\",\"@graph\":[{\"@type\":\"WebPage\",\"@id\":\"https:\\\/\\\/taberg.de\\\/product\\\/versmannkai-ost-baufeldfreimachung-bf-102-110\\\/\",\"url\":\"https:\\\/\\\/taberg.de\\\/product\\\/versmannkai-ost-baufeldfreimachung-bf-102-110\\\/\",\"name\":\"Versmannkai Ost, Baufeldfreimachung BF 102-110 - TABERG Ingenieure\",\"isPartOf\":{\"@id\":\"https:\\\/\\\/taberg.de\\\/#website\"},\"primaryImageOfPage\":{\"@id\":\"https:\\\/\\\/taberg.de\\\/product\\\/versmannkai-ost-baufeldfreimachung-bf-102-110\\\/#primaryimage\"},\"image\":{\"@id\":\"https:\\\/\\\/taberg.de\\\/product\\\/versmannkai-ost-baufeldfreimachung-bf-102-110\\\/#primaryimage\"},\"thumbnailUrl\":\"https:\\\/\\\/taberg.de\\\/wp-content\\\/uploads\\\/2022\\\/08\\\/Picture13-9.png\",\"datePublished\":\"2022-08-04T11:37:44+00:00\",\"dateModified\":\"2022-08-30T13:07:14+00:00\",\"breadcrumb\":{\"@id\":\"https:\\\/\\\/taberg.de\\\/product\\\/versmannkai-ost-baufeldfreimachung-bf-102-110\\\/#breadcrumb\"},\"inLanguage\":\"en-GB\",\"potentialAction\":[{\"@type\":\"ReadAction\",\"target\":[\"https:\\\/\\\/taberg.de\\\/product\\\/versmannkai-ost-baufeldfreimachung-bf-102-110\\\/\"]}]},{\"@type\":\"ImageObject\",\"inLanguage\":\"en-GB\",\"@id\":\"https:\\\/\\\/taberg.de\\\/product\\\/versmannkai-ost-baufeldfreimachung-bf-102-110\\\/#primaryimage\",\"url\":\"https:\\\/\\\/taberg.de\\\/wp-content\\\/uploads\\\/2022\\\/08\\\/Picture13-9.png\",\"contentUrl\":\"https:\\\/\\\/taberg.de\\\/wp-content\\\/uploads\\\/2022\\\/08\\\/Picture13-9.png\",\"width\":586,\"height\":439},{\"@type\":\"BreadcrumbList\",\"@id\":\"https:\\\/\\\/taberg.de\\\/product\\\/versmannkai-ost-baufeldfreimachung-bf-102-110\\\/#breadcrumb\",\"itemListElement\":[{\"@type\":\"ListItem\",\"position\":1,\"name\":\"Home\",\"item\":\"https:\\\/\\\/taberg.de\\\/\"},{\"@type\":\"ListItem\",\"position\":2,\"name\":\"ALLE PROJEKTE\",\"item\":\"https:\\\/\\\/taberg.de\\\/alle-projekte\\\/\"},{\"@type\":\"ListItem\",\"position\":3,\"name\":\"Versmannkai Ost, Baufeldfreimachung BF 102-110\"}]},{\"@type\":\"WebSite\",\"@id\":\"https:\\\/\\\/taberg.de\\\/#website\",\"url\":\"https:\\\/\\\/taberg.de\\\/\",\"name\":\"TABERG Ingenieure\",\"description\":\"Architekten und Ingenieure\",\"potentialAction\":[{\"@type\":\"SearchAction\",\"target\":{\"@type\":\"EntryPoint\",\"urlTemplate\":\"https:\\\/\\\/taberg.de\\\/?s={search_term_string}\"},\"query-input\":{\"@type\":\"PropertyValueSpecification\",\"valueRequired\":true,\"valueName\":\"search_term_string\"}}],\"inLanguage\":\"en-GB\"}]}<\/script>\n<!-- \/ Yoast SEO plugin. -->","yoast_head_json":{"title":"Versmannkai Ost, Baufeldfreimachung BF 102-110 - TABERG Ingenieure","robots":{"index":"index","follow":"follow","max-snippet":"max-snippet:-1","max-image-preview":"max-image-preview:large","max-video-preview":"max-video-preview:-1"},"canonical":"https:\/\/taberg.de\/en\/product\/versmannkai-ost-baufeldfreimachung-bf-102-110\/","og_locale":"en_GB","og_type":"article","og_title":"Versmannkai Ost, Baufeldfreimachung BF 102-110 - TABERG Ingenieure","og_description":"Zeitraum: 2016 \u2013 2018 T\u00e4tigkeitsfeld: Kampfmittelr\u00e4umung Leistungsumfang: Beratungsleistung, Planungsleistungen, Ausschreibung, Mitwirkung bei der Vergabe, Fachbau\u00fcberwachung Kurzbeschreibung: Der Versmannkai Ost liegt","og_url":"https:\/\/taberg.de\/en\/product\/versmannkai-ost-baufeldfreimachung-bf-102-110\/","og_site_name":"TABERG Ingenieure","article_modified_time":"2022-08-30T13:07:14+00:00","og_image":[{"width":586,"height":439,"url":"https:\/\/taberg.de\/wp-content\/uploads\/2022\/08\/Picture13-9.png","type":"image\/png"}],"twitter_card":"summary_large_image","twitter_misc":{"Estimated reading time":"1 minute"},"schema":{"@context":"https:\/\/schema.org","@graph":[{"@type":"WebPage","@id":"https:\/\/taberg.de\/product\/versmannkai-ost-baufeldfreimachung-bf-102-110\/","url":"https:\/\/taberg.de\/product\/versmannkai-ost-baufeldfreimachung-bf-102-110\/","name":"Versmannkai Ost, Baufeldfreimachung BF 102-110 - TABERG Ingenieure","isPartOf":{"@id":"https:\/\/taberg.de\/#website"},"primaryImageOfPage":{"@id":"https:\/\/taberg.de\/product\/versmannkai-ost-baufeldfreimachung-bf-102-110\/#primaryimage"},"image":{"@id":"https:\/\/taberg.de\/product\/versmannkai-ost-baufeldfreimachung-bf-102-110\/#primaryimage"},"thumbnailUrl":"https:\/\/taberg.de\/wp-content\/uploads\/2022\/08\/Picture13-9.png","datePublished":"2022-08-04T11:37:44+00:00","dateModified":"2022-08-30T13:07:14+00:00","breadcrumb":{"@id":"https:\/\/taberg.de\/product\/versmannkai-ost-baufeldfreimachung-bf-102-110\/#breadcrumb"},"inLanguage":"en-GB","potentialAction":[{"@type":"ReadAction","target":["https:\/\/taberg.de\/product\/versmannkai-ost-baufeldfreimachung-bf-102-110\/"]}]},{"@type":"ImageObject","inLanguage":"en-GB","@id":"https:\/\/taberg.de\/product\/versmannkai-ost-baufeldfreimachung-bf-102-110\/#primaryimage","url":"https:\/\/taberg.de\/wp-content\/uploads\/2022\/08\/Picture13-9.png","contentUrl":"https:\/\/taberg.de\/wp-content\/uploads\/2022\/08\/Picture13-9.png","width":586,"height":439},{"@type":"BreadcrumbList","@id":"https:\/\/taberg.de\/product\/versmannkai-ost-baufeldfreimachung-bf-102-110\/#breadcrumb","itemListElement":[{"@type":"ListItem","position":1,"name":"Home","item":"https:\/\/taberg.de\/"},{"@type":"ListItem","position":2,"name":"ALLE PROJEKTE","item":"https:\/\/taberg.de\/alle-projekte\/"},{"@type":"ListItem","position":3,"name":"Versmannkai Ost, Baufeldfreimachung BF 102-110"}]},{"@type":"WebSite","@id":"https:\/\/taberg.de\/#website","url":"https:\/\/taberg.de\/","name":"TABERG Location","description":"Architects and engineers","potentialAction":[{"@type":"SearchAction","target":{"@type":"EntryPoint","urlTemplate":"https:\/\/taberg.de\/?s={search_term_string}"},"query-input":{"@type":"PropertyValueSpecification","valueRequired":true,"valueName":"search_term_string"}}],"inLanguage":"en-GB"}]}},"_links":{"self":[{"href":"https:\/\/taberg.de\/en\/wp-json\/wp\/v2\/product\/16213","targetHints":{"allow":["GET"]}}],"collection":[{"href":"https:\/\/taberg.de\/en\/wp-json\/wp\/v2\/product"}],"about":[{"href":"https:\/\/taberg.de\/en\/wp-json\/wp\/v2\/types\/product"}],"version-history":[{"count":1,"href":"https:\/\/taberg.de\/en\/wp-json\/wp\/v2\/product\/16213\/revisions"}],"predecessor-version":[{"id":17069,"href":"https:\/\/taberg.de\/en\/wp-json\/wp\/v2\/product\/16213\/revisions\/17069"}],"wp:featuredmedia":[{"embeddable":true,"href":"https:\/\/taberg.de\/en\/wp-json\/wp\/v2\/media\/16257"}],"wp:attachment":[{"href":"https:\/\/taberg.de\/en\/wp-json\/wp\/v2\/media?parent=16213"}],"wp:term":[{"taxonomy":"product_brand","embeddable":true,"href":"https:\/\/taberg.de\/en\/wp-json\/wp\/v2\/product_brand?post=16213"},{"taxonomy":"product_cat","embeddable":true,"href":"https:\/\/taberg.de\/en\/wp-json\/wp\/v2\/product_cat?post=16213"},{"taxonomy":"product_tag","embeddable":true,"href":"https:\/\/taberg.de\/en\/wp-json\/wp\/v2\/product_tag?post=16213"}],"curies":[{"name":"wp","href":"https:\/\/api.w.org\/{rel}","templated":true}]}}