{"id":16214,"date":"2022-08-04T11:37:45","date_gmt":"2022-08-04T11:37:45","guid":{"rendered":"https:\/\/taberg.de\/?post_type=product&#038;p=16214"},"modified":"2022-08-30T13:04:29","modified_gmt":"2022-08-30T13:04:29","slug":"stadtteilentwicklung-grasbrook","status":"publish","type":"product","link":"https:\/\/taberg.de\/en\/product\/stadtteilentwicklung-grasbrook\/","title":{"rendered":"Grasbrook district development"},"content":{"rendered":"<table width=\"666\">\n<tbody>\n<tr>\n<td width=\"140\">Period:<\/td>\n<td width=\"527\">2018<\/td>\n<\/tr>\n<tr>\n<td width=\"140\">Field of activity:<\/td>\n<td width=\"527\">Explosive ordnance clearance<\/td>\n<\/tr>\n<tr>\n<td width=\"140\">Scope of services:<\/td>\n<td width=\"527\"><strong>Consultancy services, basic evaluation, planning services <\/strong><\/td>\n<\/tr>\n<tr>\n<td width=\"140\">Short description:<\/td>\n<td width=\"527\">The \u00dcberseezentrum is the first section of the Grasbrook project area currently under development. A new district with residential and commercial development is planned.<\/p>\n<p>A detailed report on the explosive ordnance situation was prepared by M&amp;P experts.<\/p>\n<p>This includes the basic investigation with detailed historical research of the development of the site, as well as the risk assessment for various future construction works. Furthermore, the report includes a preliminary planning of the necessary exploratory and clearance measures with cost estimation.<\/p>\n<p>An excerpt from the report forms the technical contribution to the explosive ordnance clearance for the site report.<\/td>\n<\/tr>\n<\/tbody>\n<\/table>","protected":false},"excerpt":{"rendered":"<p>Period: 2018 Field of activity: Explosive ordnance clearance Scope of services: Consultancy services, basic evaluation, planning services Brief description: The \u00dcberseezentrum is the first sub-area of the \u00dcberseezentrum, which is currently under development.<\/p>","protected":false},"featured_media":16261,"template":"","meta":[],"product_brand":[],"product_cat":[38],"product_tag":[],"class_list":{"0":"post-16214","1":"product","2":"type-product","3":"status-publish","4":"has-post-thumbnail","6":"product_cat-boden","8":"first","9":"instock","10":"shipping-taxable","11":"product-type-simple"},"yoast_head":"<!-- This site is optimized with the Yoast SEO plugin v27.4 - https:\/\/yoast.com\/product\/yoast-seo-wordpress\/ -->\n<title>Stadtteilentwicklung Grasbrook - TABERG Ingenieure<\/title>\n<meta name=\"robots\" content=\"index, follow, max-snippet:-1, max-image-preview:large, max-video-preview:-1\" \/>\n<link rel=\"canonical\" href=\"https:\/\/taberg.de\/en\/product\/stadtteilentwicklung-grasbrook\/\" \/>\n<meta property=\"og:locale\" content=\"en_GB\" \/>\n<meta property=\"og:type\" content=\"article\" \/>\n<meta property=\"og:title\" content=\"Stadtteilentwicklung Grasbrook - TABERG Ingenieure\" \/>\n<meta property=\"og:description\" content=\"Zeitraum: 2018 T\u00e4tigkeitsfeld: Kampfmittelr\u00e4umung Leistungsumfang: Beratungsleistung, Grundlagenermittlung, Planungsleistungen Kurzbeschreibung: Das \u00dcberseezentrum ist der erste Teilbereich des in der Entwicklung befindlichen\" \/>\n<meta property=\"og:url\" content=\"https:\/\/taberg.de\/en\/product\/stadtteilentwicklung-grasbrook\/\" \/>\n<meta property=\"og:site_name\" content=\"TABERG Ingenieure\" \/>\n<meta property=\"article:modified_time\" content=\"2022-08-30T13:04:29+00:00\" \/>\n<meta property=\"og:image\" content=\"https:\/\/taberg.de\/wp-content\/uploads\/2022\/08\/Picture13-10.png\" \/>\n\t<meta property=\"og:image:width\" content=\"586\" \/>\n\t<meta property=\"og:image:height\" content=\"439\" \/>\n\t<meta property=\"og:image:type\" content=\"image\/png\" \/>\n<meta name=\"twitter:card\" content=\"summary_large_image\" \/>\n<meta name=\"twitter:label1\" content=\"Estimated reading time\" \/>\n\t<meta name=\"twitter:data1\" content=\"1 minute\" \/>\n<script type=\"application\/ld+json\" class=\"yoast-schema-graph\">{\"@context\":\"https:\\\/\\\/schema.org\",\"@graph\":[{\"@type\":\"WebPage\",\"@id\":\"https:\\\/\\\/taberg.de\\\/product\\\/stadtteilentwicklung-grasbrook\\\/\",\"url\":\"https:\\\/\\\/taberg.de\\\/product\\\/stadtteilentwicklung-grasbrook\\\/\",\"name\":\"Stadtteilentwicklung Grasbrook - TABERG Ingenieure\",\"isPartOf\":{\"@id\":\"https:\\\/\\\/taberg.de\\\/#website\"},\"primaryImageOfPage\":{\"@id\":\"https:\\\/\\\/taberg.de\\\/product\\\/stadtteilentwicklung-grasbrook\\\/#primaryimage\"},\"image\":{\"@id\":\"https:\\\/\\\/taberg.de\\\/product\\\/stadtteilentwicklung-grasbrook\\\/#primaryimage\"},\"thumbnailUrl\":\"https:\\\/\\\/taberg.de\\\/wp-content\\\/uploads\\\/2022\\\/08\\\/Picture13-10.png\",\"datePublished\":\"2022-08-04T11:37:45+00:00\",\"dateModified\":\"2022-08-30T13:04:29+00:00\",\"breadcrumb\":{\"@id\":\"https:\\\/\\\/taberg.de\\\/product\\\/stadtteilentwicklung-grasbrook\\\/#breadcrumb\"},\"inLanguage\":\"en-GB\",\"potentialAction\":[{\"@type\":\"ReadAction\",\"target\":[\"https:\\\/\\\/taberg.de\\\/product\\\/stadtteilentwicklung-grasbrook\\\/\"]}]},{\"@type\":\"ImageObject\",\"inLanguage\":\"en-GB\",\"@id\":\"https:\\\/\\\/taberg.de\\\/product\\\/stadtteilentwicklung-grasbrook\\\/#primaryimage\",\"url\":\"https:\\\/\\\/taberg.de\\\/wp-content\\\/uploads\\\/2022\\\/08\\\/Picture13-10.png\",\"contentUrl\":\"https:\\\/\\\/taberg.de\\\/wp-content\\\/uploads\\\/2022\\\/08\\\/Picture13-10.png\",\"width\":586,\"height\":439},{\"@type\":\"BreadcrumbList\",\"@id\":\"https:\\\/\\\/taberg.de\\\/product\\\/stadtteilentwicklung-grasbrook\\\/#breadcrumb\",\"itemListElement\":[{\"@type\":\"ListItem\",\"position\":1,\"name\":\"Home\",\"item\":\"https:\\\/\\\/taberg.de\\\/\"},{\"@type\":\"ListItem\",\"position\":2,\"name\":\"ALLE PROJEKTE\",\"item\":\"https:\\\/\\\/taberg.de\\\/alle-projekte\\\/\"},{\"@type\":\"ListItem\",\"position\":3,\"name\":\"Stadtteilentwicklung Grasbrook\"}]},{\"@type\":\"WebSite\",\"@id\":\"https:\\\/\\\/taberg.de\\\/#website\",\"url\":\"https:\\\/\\\/taberg.de\\\/\",\"name\":\"TABERG Ingenieure\",\"description\":\"Architekten und Ingenieure\",\"potentialAction\":[{\"@type\":\"SearchAction\",\"target\":{\"@type\":\"EntryPoint\",\"urlTemplate\":\"https:\\\/\\\/taberg.de\\\/?s={search_term_string}\"},\"query-input\":{\"@type\":\"PropertyValueSpecification\",\"valueRequired\":true,\"valueName\":\"search_term_string\"}}],\"inLanguage\":\"en-GB\"}]}<\/script>\n<!-- \/ Yoast SEO plugin. -->","yoast_head_json":{"title":"Stadtteilentwicklung Grasbrook - TABERG Ingenieure","robots":{"index":"index","follow":"follow","max-snippet":"max-snippet:-1","max-image-preview":"max-image-preview:large","max-video-preview":"max-video-preview:-1"},"canonical":"https:\/\/taberg.de\/en\/product\/stadtteilentwicklung-grasbrook\/","og_locale":"en_GB","og_type":"article","og_title":"Stadtteilentwicklung Grasbrook - TABERG Ingenieure","og_description":"Zeitraum: 2018 T\u00e4tigkeitsfeld: Kampfmittelr\u00e4umung Leistungsumfang: Beratungsleistung, Grundlagenermittlung, Planungsleistungen Kurzbeschreibung: Das \u00dcberseezentrum ist der erste Teilbereich des in der Entwicklung befindlichen","og_url":"https:\/\/taberg.de\/en\/product\/stadtteilentwicklung-grasbrook\/","og_site_name":"TABERG Ingenieure","article_modified_time":"2022-08-30T13:04:29+00:00","og_image":[{"width":586,"height":439,"url":"https:\/\/taberg.de\/wp-content\/uploads\/2022\/08\/Picture13-10.png","type":"image\/png"}],"twitter_card":"summary_large_image","twitter_misc":{"Estimated reading time":"1 minute"},"schema":{"@context":"https:\/\/schema.org","@graph":[{"@type":"WebPage","@id":"https:\/\/taberg.de\/product\/stadtteilentwicklung-grasbrook\/","url":"https:\/\/taberg.de\/product\/stadtteilentwicklung-grasbrook\/","name":"Stadtteilentwicklung Grasbrook - TABERG Ingenieure","isPartOf":{"@id":"https:\/\/taberg.de\/#website"},"primaryImageOfPage":{"@id":"https:\/\/taberg.de\/product\/stadtteilentwicklung-grasbrook\/#primaryimage"},"image":{"@id":"https:\/\/taberg.de\/product\/stadtteilentwicklung-grasbrook\/#primaryimage"},"thumbnailUrl":"https:\/\/taberg.de\/wp-content\/uploads\/2022\/08\/Picture13-10.png","datePublished":"2022-08-04T11:37:45+00:00","dateModified":"2022-08-30T13:04:29+00:00","breadcrumb":{"@id":"https:\/\/taberg.de\/product\/stadtteilentwicklung-grasbrook\/#breadcrumb"},"inLanguage":"en-GB","potentialAction":[{"@type":"ReadAction","target":["https:\/\/taberg.de\/product\/stadtteilentwicklung-grasbrook\/"]}]},{"@type":"ImageObject","inLanguage":"en-GB","@id":"https:\/\/taberg.de\/product\/stadtteilentwicklung-grasbrook\/#primaryimage","url":"https:\/\/taberg.de\/wp-content\/uploads\/2022\/08\/Picture13-10.png","contentUrl":"https:\/\/taberg.de\/wp-content\/uploads\/2022\/08\/Picture13-10.png","width":586,"height":439},{"@type":"BreadcrumbList","@id":"https:\/\/taberg.de\/product\/stadtteilentwicklung-grasbrook\/#breadcrumb","itemListElement":[{"@type":"ListItem","position":1,"name":"Home","item":"https:\/\/taberg.de\/"},{"@type":"ListItem","position":2,"name":"ALLE PROJEKTE","item":"https:\/\/taberg.de\/alle-projekte\/"},{"@type":"ListItem","position":3,"name":"Stadtteilentwicklung Grasbrook"}]},{"@type":"WebSite","@id":"https:\/\/taberg.de\/#website","url":"https:\/\/taberg.de\/","name":"TABERG Location","description":"Architects and engineers","potentialAction":[{"@type":"SearchAction","target":{"@type":"EntryPoint","urlTemplate":"https:\/\/taberg.de\/?s={search_term_string}"},"query-input":{"@type":"PropertyValueSpecification","valueRequired":true,"valueName":"search_term_string"}}],"inLanguage":"en-GB"}]}},"_links":{"self":[{"href":"https:\/\/taberg.de\/en\/wp-json\/wp\/v2\/product\/16214","targetHints":{"allow":["GET"]}}],"collection":[{"href":"https:\/\/taberg.de\/en\/wp-json\/wp\/v2\/product"}],"about":[{"href":"https:\/\/taberg.de\/en\/wp-json\/wp\/v2\/types\/product"}],"version-history":[{"count":1,"href":"https:\/\/taberg.de\/en\/wp-json\/wp\/v2\/product\/16214\/revisions"}],"predecessor-version":[{"id":17065,"href":"https:\/\/taberg.de\/en\/wp-json\/wp\/v2\/product\/16214\/revisions\/17065"}],"wp:featuredmedia":[{"embeddable":true,"href":"https:\/\/taberg.de\/en\/wp-json\/wp\/v2\/media\/16261"}],"wp:attachment":[{"href":"https:\/\/taberg.de\/en\/wp-json\/wp\/v2\/media?parent=16214"}],"wp:term":[{"taxonomy":"product_brand","embeddable":true,"href":"https:\/\/taberg.de\/en\/wp-json\/wp\/v2\/product_brand?post=16214"},{"taxonomy":"product_cat","embeddable":true,"href":"https:\/\/taberg.de\/en\/wp-json\/wp\/v2\/product_cat?post=16214"},{"taxonomy":"product_tag","embeddable":true,"href":"https:\/\/taberg.de\/en\/wp-json\/wp\/v2\/product_tag?post=16214"}],"curies":[{"name":"wp","href":"https:\/\/api.w.org\/{rel}","templated":true}]}}