{"id":16215,"date":"2022-08-04T11:37:45","date_gmt":"2022-08-04T11:37:45","guid":{"rendered":"https:\/\/taberg.de\/?post_type=product&#038;p=16215"},"modified":"2022-08-30T13:04:55","modified_gmt":"2022-08-30T13:04:55","slug":"erweiterungs-neu-und-umbaumasnahmen-flugplatz-wunstorf","status":"publish","type":"product","link":"https:\/\/taberg.de\/en\/product\/erweiterungs-neu-und-umbaumasnahmen-flugplatz-wunstorf\/","title":{"rendered":"Extension, new construction and conversion measures, Wunstorf airfield"},"content":{"rendered":"<p><strong>Period: <\/strong>Since 2012<\/p>\n<p><strong>Field of activity: Historical investigation of explosive ordnance,<\/strong><\/p>\n<p><strong>Technical construction management and local construction supervision for explosive ordnance disposal in accordance with the German Ordinance on Explosive Ordnance Disposal (Ordinance on Explosive Ordnance Disposal).<\/strong><\/p>\n<p><strong>Construction guidelines for explosive ordnance disposal<\/strong><\/p>\n<p><strong>Scope of services: <\/strong><\/p>\n<ul>\n<li>Creation of a historical-genetic reconstruction<\/li>\n<li>Planning services<\/li>\n<li>Preparation of clearance concepts, consulting services<\/li>\n<li>Participation in construction meetings<\/li>\n<li>Coordination\/control of explosive ordnance clearance<\/li>\n<li>Preparation of work\/safety plans<\/li>\n<li>Preparation of tender documents, assistance in awarding contracts<\/li>\n<li>Cost\/invoice control<\/li>\n<li>Local construction supervision<\/li>\n<\/ul>\n<p><strong>Short description: <\/strong>With the planned stationing of the Airbus A 400 M transport aircraft at the Wunstorf military airfield in the area of responsibility of the State Construction Management of Lower Saxony, an adaptation of the infrastructure is necessary. For this purpose, extensive expansion, new construction and conversion measures have been carried out on the existing building and technical stock or are still being implemented. Due to its previous use in World War II as a Wehrmacht airbase, the site is classified as contaminated with explosive ordnance. History has shown that the area was hit in the course of bombing raids. The main cause is the burial of explosive ordnance. Therefore, explosive ordnance clearance is required for construction work involving ground intervention. Computer-aided area soundings, borehole soundings, explosive ordnance clearance during construction or at specific points and the use of a separation system are used. Since 2012, M&amp;P has been responsible for the necessary technical construction management and local construction supervision of the explosive ordnance clearance.<\/p>","protected":false},"excerpt":{"rendered":"<p>Period: Since 2012 Field of activity: Historical investigation of explosive ordnance contamination, specialist construction management and local construction supervision for explosive ordnance clearance in accordance with construction guidelines for explosive ordnance clearance Scope of services:<\/p>","protected":false},"featured_media":16262,"template":"","meta":[],"product_brand":[],"product_cat":[38],"product_tag":[],"class_list":{"0":"post-16215","1":"product","2":"type-product","3":"status-publish","4":"has-post-thumbnail","6":"product_cat-boden","8":"first","9":"instock","10":"shipping-taxable","11":"product-type-simple"},"yoast_head":"<!-- This site is optimized with the Yoast SEO plugin v27.4 - https:\/\/yoast.com\/product\/yoast-seo-wordpress\/ -->\n<title>Erweiterungs-, Neu- und Umbauma\u00dfnahmen, Flugplatz Wunstorf - TABERG Ingenieure<\/title>\n<meta name=\"robots\" content=\"index, follow, max-snippet:-1, max-image-preview:large, max-video-preview:-1\" \/>\n<link rel=\"canonical\" href=\"https:\/\/taberg.de\/en\/product\/erweiterungs-neu-und-umbaumasnahmen-flugplatz-wunstorf\/\" \/>\n<meta property=\"og:locale\" content=\"en_GB\" \/>\n<meta property=\"og:type\" content=\"article\" \/>\n<meta property=\"og:title\" content=\"Erweiterungs-, Neu- und Umbauma\u00dfnahmen, Flugplatz Wunstorf - TABERG Ingenieure\" \/>\n<meta property=\"og:description\" content=\"Zeitraum: Seit 2012 T\u00e4tigkeitsfeld: Historische Erkundung der Kampfmittelbelastung, Fachbauleitung und \u00f6rtliche Bau\u00fcberwachung f\u00fcr Kampfmittelr\u00e4umungen gem. Baufachlicher Richtlinien f\u00fcr Kampfmittelr\u00e4umungen Leistungsumfang:\" \/>\n<meta property=\"og:url\" content=\"https:\/\/taberg.de\/en\/product\/erweiterungs-neu-und-umbaumasnahmen-flugplatz-wunstorf\/\" \/>\n<meta property=\"og:site_name\" content=\"TABERG Ingenieure\" \/>\n<meta property=\"article:modified_time\" content=\"2022-08-30T13:04:55+00:00\" \/>\n<meta property=\"og:image\" content=\"https:\/\/taberg.de\/wp-content\/uploads\/2022\/08\/Picture13-11.png\" \/>\n\t<meta property=\"og:image:width\" content=\"586\" \/>\n\t<meta property=\"og:image:height\" content=\"439\" \/>\n\t<meta property=\"og:image:type\" content=\"image\/png\" \/>\n<meta name=\"twitter:card\" content=\"summary_large_image\" \/>\n<meta name=\"twitter:label1\" content=\"Estimated reading time\" \/>\n\t<meta name=\"twitter:data1\" content=\"1 minute\" \/>\n<script type=\"application\/ld+json\" class=\"yoast-schema-graph\">{\"@context\":\"https:\\\/\\\/schema.org\",\"@graph\":[{\"@type\":\"WebPage\",\"@id\":\"https:\\\/\\\/taberg.de\\\/product\\\/erweiterungs-neu-und-umbaumasnahmen-flugplatz-wunstorf\\\/\",\"url\":\"https:\\\/\\\/taberg.de\\\/product\\\/erweiterungs-neu-und-umbaumasnahmen-flugplatz-wunstorf\\\/\",\"name\":\"Erweiterungs-, Neu- und Umbauma\u00dfnahmen, Flugplatz Wunstorf - TABERG Ingenieure\",\"isPartOf\":{\"@id\":\"https:\\\/\\\/taberg.de\\\/#website\"},\"primaryImageOfPage\":{\"@id\":\"https:\\\/\\\/taberg.de\\\/product\\\/erweiterungs-neu-und-umbaumasnahmen-flugplatz-wunstorf\\\/#primaryimage\"},\"image\":{\"@id\":\"https:\\\/\\\/taberg.de\\\/product\\\/erweiterungs-neu-und-umbaumasnahmen-flugplatz-wunstorf\\\/#primaryimage\"},\"thumbnailUrl\":\"https:\\\/\\\/taberg.de\\\/wp-content\\\/uploads\\\/2022\\\/08\\\/Picture13-11.png\",\"datePublished\":\"2022-08-04T11:37:45+00:00\",\"dateModified\":\"2022-08-30T13:04:55+00:00\",\"breadcrumb\":{\"@id\":\"https:\\\/\\\/taberg.de\\\/product\\\/erweiterungs-neu-und-umbaumasnahmen-flugplatz-wunstorf\\\/#breadcrumb\"},\"inLanguage\":\"en-GB\",\"potentialAction\":[{\"@type\":\"ReadAction\",\"target\":[\"https:\\\/\\\/taberg.de\\\/product\\\/erweiterungs-neu-und-umbaumasnahmen-flugplatz-wunstorf\\\/\"]}]},{\"@type\":\"ImageObject\",\"inLanguage\":\"en-GB\",\"@id\":\"https:\\\/\\\/taberg.de\\\/product\\\/erweiterungs-neu-und-umbaumasnahmen-flugplatz-wunstorf\\\/#primaryimage\",\"url\":\"https:\\\/\\\/taberg.de\\\/wp-content\\\/uploads\\\/2022\\\/08\\\/Picture13-11.png\",\"contentUrl\":\"https:\\\/\\\/taberg.de\\\/wp-content\\\/uploads\\\/2022\\\/08\\\/Picture13-11.png\",\"width\":586,\"height\":439},{\"@type\":\"BreadcrumbList\",\"@id\":\"https:\\\/\\\/taberg.de\\\/product\\\/erweiterungs-neu-und-umbaumasnahmen-flugplatz-wunstorf\\\/#breadcrumb\",\"itemListElement\":[{\"@type\":\"ListItem\",\"position\":1,\"name\":\"Home\",\"item\":\"https:\\\/\\\/taberg.de\\\/\"},{\"@type\":\"ListItem\",\"position\":2,\"name\":\"ALLE PROJEKTE\",\"item\":\"https:\\\/\\\/taberg.de\\\/alle-projekte\\\/\"},{\"@type\":\"ListItem\",\"position\":3,\"name\":\"Erweiterungs-, Neu- und Umbauma\u00dfnahmen, Flugplatz Wunstorf\"}]},{\"@type\":\"WebSite\",\"@id\":\"https:\\\/\\\/taberg.de\\\/#website\",\"url\":\"https:\\\/\\\/taberg.de\\\/\",\"name\":\"TABERG Ingenieure\",\"description\":\"Architekten und Ingenieure\",\"potentialAction\":[{\"@type\":\"SearchAction\",\"target\":{\"@type\":\"EntryPoint\",\"urlTemplate\":\"https:\\\/\\\/taberg.de\\\/?s={search_term_string}\"},\"query-input\":{\"@type\":\"PropertyValueSpecification\",\"valueRequired\":true,\"valueName\":\"search_term_string\"}}],\"inLanguage\":\"en-GB\"}]}<\/script>\n<!-- \/ Yoast SEO plugin. -->","yoast_head_json":{"title":"Erweiterungs-, Neu- und Umbauma\u00dfnahmen, Flugplatz Wunstorf - TABERG Ingenieure","robots":{"index":"index","follow":"follow","max-snippet":"max-snippet:-1","max-image-preview":"max-image-preview:large","max-video-preview":"max-video-preview:-1"},"canonical":"https:\/\/taberg.de\/en\/product\/erweiterungs-neu-und-umbaumasnahmen-flugplatz-wunstorf\/","og_locale":"en_GB","og_type":"article","og_title":"Erweiterungs-, Neu- und Umbauma\u00dfnahmen, Flugplatz Wunstorf - TABERG Ingenieure","og_description":"Zeitraum: Seit 2012 T\u00e4tigkeitsfeld: Historische Erkundung der Kampfmittelbelastung, Fachbauleitung und \u00f6rtliche Bau\u00fcberwachung f\u00fcr Kampfmittelr\u00e4umungen gem. Baufachlicher Richtlinien f\u00fcr Kampfmittelr\u00e4umungen Leistungsumfang:","og_url":"https:\/\/taberg.de\/en\/product\/erweiterungs-neu-und-umbaumasnahmen-flugplatz-wunstorf\/","og_site_name":"TABERG Ingenieure","article_modified_time":"2022-08-30T13:04:55+00:00","og_image":[{"width":586,"height":439,"url":"https:\/\/taberg.de\/wp-content\/uploads\/2022\/08\/Picture13-11.png","type":"image\/png"}],"twitter_card":"summary_large_image","twitter_misc":{"Estimated reading time":"1 minute"},"schema":{"@context":"https:\/\/schema.org","@graph":[{"@type":"WebPage","@id":"https:\/\/taberg.de\/product\/erweiterungs-neu-und-umbaumasnahmen-flugplatz-wunstorf\/","url":"https:\/\/taberg.de\/product\/erweiterungs-neu-und-umbaumasnahmen-flugplatz-wunstorf\/","name":"Erweiterungs-, Neu- und Umbauma\u00dfnahmen, Flugplatz Wunstorf - TABERG Ingenieure","isPartOf":{"@id":"https:\/\/taberg.de\/#website"},"primaryImageOfPage":{"@id":"https:\/\/taberg.de\/product\/erweiterungs-neu-und-umbaumasnahmen-flugplatz-wunstorf\/#primaryimage"},"image":{"@id":"https:\/\/taberg.de\/product\/erweiterungs-neu-und-umbaumasnahmen-flugplatz-wunstorf\/#primaryimage"},"thumbnailUrl":"https:\/\/taberg.de\/wp-content\/uploads\/2022\/08\/Picture13-11.png","datePublished":"2022-08-04T11:37:45+00:00","dateModified":"2022-08-30T13:04:55+00:00","breadcrumb":{"@id":"https:\/\/taberg.de\/product\/erweiterungs-neu-und-umbaumasnahmen-flugplatz-wunstorf\/#breadcrumb"},"inLanguage":"en-GB","potentialAction":[{"@type":"ReadAction","target":["https:\/\/taberg.de\/product\/erweiterungs-neu-und-umbaumasnahmen-flugplatz-wunstorf\/"]}]},{"@type":"ImageObject","inLanguage":"en-GB","@id":"https:\/\/taberg.de\/product\/erweiterungs-neu-und-umbaumasnahmen-flugplatz-wunstorf\/#primaryimage","url":"https:\/\/taberg.de\/wp-content\/uploads\/2022\/08\/Picture13-11.png","contentUrl":"https:\/\/taberg.de\/wp-content\/uploads\/2022\/08\/Picture13-11.png","width":586,"height":439},{"@type":"BreadcrumbList","@id":"https:\/\/taberg.de\/product\/erweiterungs-neu-und-umbaumasnahmen-flugplatz-wunstorf\/#breadcrumb","itemListElement":[{"@type":"ListItem","position":1,"name":"Home","item":"https:\/\/taberg.de\/"},{"@type":"ListItem","position":2,"name":"ALLE PROJEKTE","item":"https:\/\/taberg.de\/alle-projekte\/"},{"@type":"ListItem","position":3,"name":"Erweiterungs-, Neu- und Umbauma\u00dfnahmen, Flugplatz Wunstorf"}]},{"@type":"WebSite","@id":"https:\/\/taberg.de\/#website","url":"https:\/\/taberg.de\/","name":"TABERG Location","description":"Architects and engineers","potentialAction":[{"@type":"SearchAction","target":{"@type":"EntryPoint","urlTemplate":"https:\/\/taberg.de\/?s={search_term_string}"},"query-input":{"@type":"PropertyValueSpecification","valueRequired":true,"valueName":"search_term_string"}}],"inLanguage":"en-GB"}]}},"_links":{"self":[{"href":"https:\/\/taberg.de\/en\/wp-json\/wp\/v2\/product\/16215","targetHints":{"allow":["GET"]}}],"collection":[{"href":"https:\/\/taberg.de\/en\/wp-json\/wp\/v2\/product"}],"about":[{"href":"https:\/\/taberg.de\/en\/wp-json\/wp\/v2\/types\/product"}],"version-history":[{"count":1,"href":"https:\/\/taberg.de\/en\/wp-json\/wp\/v2\/product\/16215\/revisions"}],"predecessor-version":[{"id":17066,"href":"https:\/\/taberg.de\/en\/wp-json\/wp\/v2\/product\/16215\/revisions\/17066"}],"wp:featuredmedia":[{"embeddable":true,"href":"https:\/\/taberg.de\/en\/wp-json\/wp\/v2\/media\/16262"}],"wp:attachment":[{"href":"https:\/\/taberg.de\/en\/wp-json\/wp\/v2\/media?parent=16215"}],"wp:term":[{"taxonomy":"product_brand","embeddable":true,"href":"https:\/\/taberg.de\/en\/wp-json\/wp\/v2\/product_brand?post=16215"},{"taxonomy":"product_cat","embeddable":true,"href":"https:\/\/taberg.de\/en\/wp-json\/wp\/v2\/product_cat?post=16215"},{"taxonomy":"product_tag","embeddable":true,"href":"https:\/\/taberg.de\/en\/wp-json\/wp\/v2\/product_tag?post=16215"}],"curies":[{"name":"wp","href":"https:\/\/api.w.org\/{rel}","templated":true}]}}