{"id":16218,"date":"2022-08-04T11:37:46","date_gmt":"2022-08-04T11:37:46","guid":{"rendered":"https:\/\/taberg.de\/?post_type=product&#038;p=16218"},"modified":"2022-08-30T13:28:13","modified_gmt":"2022-08-30T13:28:13","slug":"eigenuberwachung-deponie-castrop-rauxel","status":"publish","type":"product","link":"https:\/\/taberg.de\/en\/product\/eigenuberwachung-deponie-castrop-rauxel\/","title":{"rendered":"Self-monitoring of Castrop-Rauxel landfill"},"content":{"rendered":"<ul>\n<li>Self-testing of the mineral components of the sealing system; performance of stability tests and stability calculations, sampling of recultivation soil and classification in accordance with soil mapping instructions.<\/li>\n<li>2011 - 2021<\/li>\n<li>Disposal company, landfill operator<\/li>\n<\/ul>","protected":false},"excerpt":{"rendered":"<p>Self-testing of the mineral components of the sealing system; performance of stability tests and stability calculations, sampling of recultivation soil and categorisation according to the 2011 Soil Science Mapping Guidelines<\/p>","protected":false},"featured_media":16266,"template":"","meta":[],"product_brand":[],"product_cat":[39],"product_tag":[],"class_list":{"0":"post-16218","1":"product","2":"type-product","3":"status-publish","4":"has-post-thumbnail","6":"product_cat-geotechnik","8":"first","9":"instock","10":"shipping-taxable","11":"product-type-simple"},"yoast_head":"<!-- This site is optimized with the Yoast SEO plugin v27.4 - https:\/\/yoast.com\/product\/yoast-seo-wordpress\/ -->\n<title>Eigen\u00fcberwachung Deponie Castrop-Rauxel - TABERG Ingenieure<\/title>\n<meta name=\"robots\" content=\"index, follow, max-snippet:-1, max-image-preview:large, max-video-preview:-1\" \/>\n<link rel=\"canonical\" href=\"https:\/\/taberg.de\/en\/product\/eigenuberwachung-deponie-castrop-rauxel\/\" \/>\n<meta property=\"og:locale\" content=\"en_GB\" \/>\n<meta property=\"og:type\" content=\"article\" \/>\n<meta property=\"og:title\" content=\"Eigen\u00fcberwachung Deponie Castrop-Rauxel - TABERG Ingenieure\" \/>\n<meta property=\"og:description\" content=\"Eigenpr\u00fcfung der mineralischen Komponenten des Abdichtungssystems; Durchf\u00fchrung von Standsicherheitsversuchen und Standsicherheitsberechnungen, Probennahme Rekultivierungsboden und Einstufung nach Bodenkundlicher Kartieranleitung 2011 &#8211;\" \/>\n<meta property=\"og:url\" content=\"https:\/\/taberg.de\/en\/product\/eigenuberwachung-deponie-castrop-rauxel\/\" \/>\n<meta property=\"og:site_name\" content=\"TABERG Ingenieure\" \/>\n<meta property=\"article:modified_time\" content=\"2022-08-30T13:28:13+00:00\" \/>\n<meta property=\"og:image\" content=\"https:\/\/taberg.de\/wp-content\/uploads\/2022\/08\/a-2.jpg\" \/>\n\t<meta property=\"og:image:width\" content=\"586\" \/>\n\t<meta property=\"og:image:height\" content=\"439\" \/>\n\t<meta property=\"og:image:type\" content=\"image\/jpeg\" \/>\n<meta name=\"twitter:card\" content=\"summary_large_image\" \/>\n<script type=\"application\/ld+json\" class=\"yoast-schema-graph\">{\"@context\":\"https:\\\/\\\/schema.org\",\"@graph\":[{\"@type\":\"WebPage\",\"@id\":\"https:\\\/\\\/taberg.de\\\/product\\\/eigenuberwachung-deponie-castrop-rauxel\\\/\",\"url\":\"https:\\\/\\\/taberg.de\\\/product\\\/eigenuberwachung-deponie-castrop-rauxel\\\/\",\"name\":\"Eigen\u00fcberwachung Deponie Castrop-Rauxel - TABERG Ingenieure\",\"isPartOf\":{\"@id\":\"https:\\\/\\\/taberg.de\\\/#website\"},\"primaryImageOfPage\":{\"@id\":\"https:\\\/\\\/taberg.de\\\/product\\\/eigenuberwachung-deponie-castrop-rauxel\\\/#primaryimage\"},\"image\":{\"@id\":\"https:\\\/\\\/taberg.de\\\/product\\\/eigenuberwachung-deponie-castrop-rauxel\\\/#primaryimage\"},\"thumbnailUrl\":\"https:\\\/\\\/taberg.de\\\/wp-content\\\/uploads\\\/2022\\\/08\\\/a-2.jpg\",\"datePublished\":\"2022-08-04T11:37:46+00:00\",\"dateModified\":\"2022-08-30T13:28:13+00:00\",\"breadcrumb\":{\"@id\":\"https:\\\/\\\/taberg.de\\\/product\\\/eigenuberwachung-deponie-castrop-rauxel\\\/#breadcrumb\"},\"inLanguage\":\"en-GB\",\"potentialAction\":[{\"@type\":\"ReadAction\",\"target\":[\"https:\\\/\\\/taberg.de\\\/product\\\/eigenuberwachung-deponie-castrop-rauxel\\\/\"]}]},{\"@type\":\"ImageObject\",\"inLanguage\":\"en-GB\",\"@id\":\"https:\\\/\\\/taberg.de\\\/product\\\/eigenuberwachung-deponie-castrop-rauxel\\\/#primaryimage\",\"url\":\"https:\\\/\\\/taberg.de\\\/wp-content\\\/uploads\\\/2022\\\/08\\\/a-2.jpg\",\"contentUrl\":\"https:\\\/\\\/taberg.de\\\/wp-content\\\/uploads\\\/2022\\\/08\\\/a-2.jpg\",\"width\":586,\"height\":439},{\"@type\":\"BreadcrumbList\",\"@id\":\"https:\\\/\\\/taberg.de\\\/product\\\/eigenuberwachung-deponie-castrop-rauxel\\\/#breadcrumb\",\"itemListElement\":[{\"@type\":\"ListItem\",\"position\":1,\"name\":\"Home\",\"item\":\"https:\\\/\\\/taberg.de\\\/\"},{\"@type\":\"ListItem\",\"position\":2,\"name\":\"ALLE PROJEKTE\",\"item\":\"https:\\\/\\\/taberg.de\\\/alle-projekte\\\/\"},{\"@type\":\"ListItem\",\"position\":3,\"name\":\"Eigen\u00fcberwachung Deponie Castrop-Rauxel\"}]},{\"@type\":\"WebSite\",\"@id\":\"https:\\\/\\\/taberg.de\\\/#website\",\"url\":\"https:\\\/\\\/taberg.de\\\/\",\"name\":\"TABERG Ingenieure\",\"description\":\"Architekten und Ingenieure\",\"potentialAction\":[{\"@type\":\"SearchAction\",\"target\":{\"@type\":\"EntryPoint\",\"urlTemplate\":\"https:\\\/\\\/taberg.de\\\/?s={search_term_string}\"},\"query-input\":{\"@type\":\"PropertyValueSpecification\",\"valueRequired\":true,\"valueName\":\"search_term_string\"}}],\"inLanguage\":\"en-GB\"}]}<\/script>\n<!-- \/ Yoast SEO plugin. -->","yoast_head_json":{"title":"Eigen\u00fcberwachung Deponie Castrop-Rauxel - TABERG Ingenieure","robots":{"index":"index","follow":"follow","max-snippet":"max-snippet:-1","max-image-preview":"max-image-preview:large","max-video-preview":"max-video-preview:-1"},"canonical":"https:\/\/taberg.de\/en\/product\/eigenuberwachung-deponie-castrop-rauxel\/","og_locale":"en_GB","og_type":"article","og_title":"Eigen\u00fcberwachung Deponie Castrop-Rauxel - TABERG Ingenieure","og_description":"Eigenpr\u00fcfung der mineralischen Komponenten des Abdichtungssystems; Durchf\u00fchrung von Standsicherheitsversuchen und Standsicherheitsberechnungen, Probennahme Rekultivierungsboden und Einstufung nach Bodenkundlicher Kartieranleitung 2011 &#8211;","og_url":"https:\/\/taberg.de\/en\/product\/eigenuberwachung-deponie-castrop-rauxel\/","og_site_name":"TABERG Ingenieure","article_modified_time":"2022-08-30T13:28:13+00:00","og_image":[{"width":586,"height":439,"url":"https:\/\/taberg.de\/wp-content\/uploads\/2022\/08\/a-2.jpg","type":"image\/jpeg"}],"twitter_card":"summary_large_image","schema":{"@context":"https:\/\/schema.org","@graph":[{"@type":"WebPage","@id":"https:\/\/taberg.de\/product\/eigenuberwachung-deponie-castrop-rauxel\/","url":"https:\/\/taberg.de\/product\/eigenuberwachung-deponie-castrop-rauxel\/","name":"Eigen\u00fcberwachung Deponie Castrop-Rauxel - TABERG Ingenieure","isPartOf":{"@id":"https:\/\/taberg.de\/#website"},"primaryImageOfPage":{"@id":"https:\/\/taberg.de\/product\/eigenuberwachung-deponie-castrop-rauxel\/#primaryimage"},"image":{"@id":"https:\/\/taberg.de\/product\/eigenuberwachung-deponie-castrop-rauxel\/#primaryimage"},"thumbnailUrl":"https:\/\/taberg.de\/wp-content\/uploads\/2022\/08\/a-2.jpg","datePublished":"2022-08-04T11:37:46+00:00","dateModified":"2022-08-30T13:28:13+00:00","breadcrumb":{"@id":"https:\/\/taberg.de\/product\/eigenuberwachung-deponie-castrop-rauxel\/#breadcrumb"},"inLanguage":"en-GB","potentialAction":[{"@type":"ReadAction","target":["https:\/\/taberg.de\/product\/eigenuberwachung-deponie-castrop-rauxel\/"]}]},{"@type":"ImageObject","inLanguage":"en-GB","@id":"https:\/\/taberg.de\/product\/eigenuberwachung-deponie-castrop-rauxel\/#primaryimage","url":"https:\/\/taberg.de\/wp-content\/uploads\/2022\/08\/a-2.jpg","contentUrl":"https:\/\/taberg.de\/wp-content\/uploads\/2022\/08\/a-2.jpg","width":586,"height":439},{"@type":"BreadcrumbList","@id":"https:\/\/taberg.de\/product\/eigenuberwachung-deponie-castrop-rauxel\/#breadcrumb","itemListElement":[{"@type":"ListItem","position":1,"name":"Home","item":"https:\/\/taberg.de\/"},{"@type":"ListItem","position":2,"name":"ALLE PROJEKTE","item":"https:\/\/taberg.de\/alle-projekte\/"},{"@type":"ListItem","position":3,"name":"Eigen\u00fcberwachung Deponie Castrop-Rauxel"}]},{"@type":"WebSite","@id":"https:\/\/taberg.de\/#website","url":"https:\/\/taberg.de\/","name":"TABERG Location","description":"Architects and engineers","potentialAction":[{"@type":"SearchAction","target":{"@type":"EntryPoint","urlTemplate":"https:\/\/taberg.de\/?s={search_term_string}"},"query-input":{"@type":"PropertyValueSpecification","valueRequired":true,"valueName":"search_term_string"}}],"inLanguage":"en-GB"}]}},"_links":{"self":[{"href":"https:\/\/taberg.de\/en\/wp-json\/wp\/v2\/product\/16218","targetHints":{"allow":["GET"]}}],"collection":[{"href":"https:\/\/taberg.de\/en\/wp-json\/wp\/v2\/product"}],"about":[{"href":"https:\/\/taberg.de\/en\/wp-json\/wp\/v2\/types\/product"}],"version-history":[{"count":1,"href":"https:\/\/taberg.de\/en\/wp-json\/wp\/v2\/product\/16218\/revisions"}],"predecessor-version":[{"id":17094,"href":"https:\/\/taberg.de\/en\/wp-json\/wp\/v2\/product\/16218\/revisions\/17094"}],"wp:featuredmedia":[{"embeddable":true,"href":"https:\/\/taberg.de\/en\/wp-json\/wp\/v2\/media\/16266"}],"wp:attachment":[{"href":"https:\/\/taberg.de\/en\/wp-json\/wp\/v2\/media?parent=16218"}],"wp:term":[{"taxonomy":"product_brand","embeddable":true,"href":"https:\/\/taberg.de\/en\/wp-json\/wp\/v2\/product_brand?post=16218"},{"taxonomy":"product_cat","embeddable":true,"href":"https:\/\/taberg.de\/en\/wp-json\/wp\/v2\/product_cat?post=16218"},{"taxonomy":"product_tag","embeddable":true,"href":"https:\/\/taberg.de\/en\/wp-json\/wp\/v2\/product_tag?post=16218"}],"curies":[{"name":"wp","href":"https:\/\/api.w.org\/{rel}","templated":true}]}}