{"id":16219,"date":"2022-08-04T11:37:46","date_gmt":"2022-08-04T11:37:46","guid":{"rendered":"https:\/\/taberg.de\/?post_type=product&#038;p=16219"},"modified":"2022-08-30T13:28:22","modified_gmt":"2022-08-30T13:28:22","slug":"uberbauung-deponie-schleyerhofweg","status":"publish","type":"product","link":"https:\/\/taberg.de\/en\/product\/uberbauung-deponie-schleyerhofweg\/","title":{"rendered":"Superstructure Schleyerhofweg landfill site"},"content":{"rendered":"<ul>\n<li>Services: Preliminary investigation of the contaminated site and cost estimate for purchase, subsoil investigation by means of deep drilling and foundation recommendation for multi-storey office building, waterproofing planning incl. coordination with authorities, expert monitoring and external inspection of the waterproofing construction.<\/li>\n<li>Duration: 2018 - 2022<\/li>\n<li>Industry of the client: Area revitalisation<\/li>\n<li>Special features: Old landfill is located in water protection zone IIIB (special requirements for material placement).<\/li>\n<\/ul>","protected":false},"excerpt":{"rendered":"<p>Services: Preliminary investigation of the old landfill and cost estimate for purchase, subsoil investigation by means of deep drilling and foundation recommendation for multi-storey office building, waterproofing planning incl. coordination with authorities, expert opinion<\/p>","protected":false},"featured_media":16267,"template":"","meta":[],"product_brand":[],"product_cat":[39],"product_tag":[],"class_list":{"0":"post-16219","1":"product","2":"type-product","3":"status-publish","4":"has-post-thumbnail","6":"product_cat-geotechnik","8":"first","9":"instock","10":"shipping-taxable","11":"product-type-simple"},"yoast_head":"<!-- This site is optimized with the Yoast SEO plugin v27.4 - https:\/\/yoast.com\/product\/yoast-seo-wordpress\/ -->\n<title>\u00dcberbauung Deponie Schleyerhofweg - TABERG Ingenieure<\/title>\n<meta name=\"robots\" content=\"index, follow, max-snippet:-1, max-image-preview:large, max-video-preview:-1\" \/>\n<link rel=\"canonical\" href=\"https:\/\/taberg.de\/en\/product\/uberbauung-deponie-schleyerhofweg\/\" \/>\n<meta property=\"og:locale\" content=\"en_GB\" \/>\n<meta property=\"og:type\" content=\"article\" \/>\n<meta property=\"og:title\" content=\"\u00dcberbauung Deponie Schleyerhofweg - TABERG Ingenieure\" \/>\n<meta property=\"og:description\" content=\"Leistungen: Vorerkundung der Altablagerung und Kostensch\u00e4tzung f\u00fcr Ankauf, Baugrunderkundung mittels Tiefbohrungen und Gr\u00fcndungsempfehlung f\u00fcr mehrgeschossiges B\u00fcrogeb\u00e4ude, Abdichtungsplanung inkl. Beh\u00f6rdenabstimmung, fachgutachterliche\" \/>\n<meta property=\"og:url\" content=\"https:\/\/taberg.de\/en\/product\/uberbauung-deponie-schleyerhofweg\/\" \/>\n<meta property=\"og:site_name\" content=\"TABERG Ingenieure\" \/>\n<meta property=\"article:modified_time\" content=\"2022-08-30T13:28:22+00:00\" \/>\n<meta property=\"og:image\" content=\"https:\/\/taberg.de\/wp-content\/uploads\/2022\/08\/a-3.jpg\" \/>\n\t<meta property=\"og:image:width\" content=\"586\" \/>\n\t<meta property=\"og:image:height\" content=\"439\" \/>\n\t<meta property=\"og:image:type\" content=\"image\/jpeg\" \/>\n<meta name=\"twitter:card\" content=\"summary_large_image\" \/>\n<script type=\"application\/ld+json\" class=\"yoast-schema-graph\">{\"@context\":\"https:\\\/\\\/schema.org\",\"@graph\":[{\"@type\":\"WebPage\",\"@id\":\"https:\\\/\\\/taberg.de\\\/product\\\/uberbauung-deponie-schleyerhofweg\\\/\",\"url\":\"https:\\\/\\\/taberg.de\\\/product\\\/uberbauung-deponie-schleyerhofweg\\\/\",\"name\":\"\u00dcberbauung Deponie Schleyerhofweg - TABERG Ingenieure\",\"isPartOf\":{\"@id\":\"https:\\\/\\\/taberg.de\\\/#website\"},\"primaryImageOfPage\":{\"@id\":\"https:\\\/\\\/taberg.de\\\/product\\\/uberbauung-deponie-schleyerhofweg\\\/#primaryimage\"},\"image\":{\"@id\":\"https:\\\/\\\/taberg.de\\\/product\\\/uberbauung-deponie-schleyerhofweg\\\/#primaryimage\"},\"thumbnailUrl\":\"https:\\\/\\\/taberg.de\\\/wp-content\\\/uploads\\\/2022\\\/08\\\/a-3.jpg\",\"datePublished\":\"2022-08-04T11:37:46+00:00\",\"dateModified\":\"2022-08-30T13:28:22+00:00\",\"breadcrumb\":{\"@id\":\"https:\\\/\\\/taberg.de\\\/product\\\/uberbauung-deponie-schleyerhofweg\\\/#breadcrumb\"},\"inLanguage\":\"en-GB\",\"potentialAction\":[{\"@type\":\"ReadAction\",\"target\":[\"https:\\\/\\\/taberg.de\\\/product\\\/uberbauung-deponie-schleyerhofweg\\\/\"]}]},{\"@type\":\"ImageObject\",\"inLanguage\":\"en-GB\",\"@id\":\"https:\\\/\\\/taberg.de\\\/product\\\/uberbauung-deponie-schleyerhofweg\\\/#primaryimage\",\"url\":\"https:\\\/\\\/taberg.de\\\/wp-content\\\/uploads\\\/2022\\\/08\\\/a-3.jpg\",\"contentUrl\":\"https:\\\/\\\/taberg.de\\\/wp-content\\\/uploads\\\/2022\\\/08\\\/a-3.jpg\",\"width\":586,\"height\":439},{\"@type\":\"BreadcrumbList\",\"@id\":\"https:\\\/\\\/taberg.de\\\/product\\\/uberbauung-deponie-schleyerhofweg\\\/#breadcrumb\",\"itemListElement\":[{\"@type\":\"ListItem\",\"position\":1,\"name\":\"Home\",\"item\":\"https:\\\/\\\/taberg.de\\\/\"},{\"@type\":\"ListItem\",\"position\":2,\"name\":\"ALLE PROJEKTE\",\"item\":\"https:\\\/\\\/taberg.de\\\/alle-projekte\\\/\"},{\"@type\":\"ListItem\",\"position\":3,\"name\":\"\u00dcberbauung Deponie Schleyerhofweg\"}]},{\"@type\":\"WebSite\",\"@id\":\"https:\\\/\\\/taberg.de\\\/#website\",\"url\":\"https:\\\/\\\/taberg.de\\\/\",\"name\":\"TABERG Ingenieure\",\"description\":\"Architekten und Ingenieure\",\"potentialAction\":[{\"@type\":\"SearchAction\",\"target\":{\"@type\":\"EntryPoint\",\"urlTemplate\":\"https:\\\/\\\/taberg.de\\\/?s={search_term_string}\"},\"query-input\":{\"@type\":\"PropertyValueSpecification\",\"valueRequired\":true,\"valueName\":\"search_term_string\"}}],\"inLanguage\":\"en-GB\"}]}<\/script>\n<!-- \/ Yoast SEO plugin. -->","yoast_head_json":{"title":"\u00dcberbauung Deponie Schleyerhofweg - TABERG Ingenieure","robots":{"index":"index","follow":"follow","max-snippet":"max-snippet:-1","max-image-preview":"max-image-preview:large","max-video-preview":"max-video-preview:-1"},"canonical":"https:\/\/taberg.de\/en\/product\/uberbauung-deponie-schleyerhofweg\/","og_locale":"en_GB","og_type":"article","og_title":"\u00dcberbauung Deponie Schleyerhofweg - TABERG Ingenieure","og_description":"Leistungen: Vorerkundung der Altablagerung und Kostensch\u00e4tzung f\u00fcr Ankauf, Baugrunderkundung mittels Tiefbohrungen und Gr\u00fcndungsempfehlung f\u00fcr mehrgeschossiges B\u00fcrogeb\u00e4ude, Abdichtungsplanung inkl. Beh\u00f6rdenabstimmung, fachgutachterliche","og_url":"https:\/\/taberg.de\/en\/product\/uberbauung-deponie-schleyerhofweg\/","og_site_name":"TABERG Ingenieure","article_modified_time":"2022-08-30T13:28:22+00:00","og_image":[{"width":586,"height":439,"url":"https:\/\/taberg.de\/wp-content\/uploads\/2022\/08\/a-3.jpg","type":"image\/jpeg"}],"twitter_card":"summary_large_image","schema":{"@context":"https:\/\/schema.org","@graph":[{"@type":"WebPage","@id":"https:\/\/taberg.de\/product\/uberbauung-deponie-schleyerhofweg\/","url":"https:\/\/taberg.de\/product\/uberbauung-deponie-schleyerhofweg\/","name":"\u00dcberbauung Deponie Schleyerhofweg - TABERG Ingenieure","isPartOf":{"@id":"https:\/\/taberg.de\/#website"},"primaryImageOfPage":{"@id":"https:\/\/taberg.de\/product\/uberbauung-deponie-schleyerhofweg\/#primaryimage"},"image":{"@id":"https:\/\/taberg.de\/product\/uberbauung-deponie-schleyerhofweg\/#primaryimage"},"thumbnailUrl":"https:\/\/taberg.de\/wp-content\/uploads\/2022\/08\/a-3.jpg","datePublished":"2022-08-04T11:37:46+00:00","dateModified":"2022-08-30T13:28:22+00:00","breadcrumb":{"@id":"https:\/\/taberg.de\/product\/uberbauung-deponie-schleyerhofweg\/#breadcrumb"},"inLanguage":"en-GB","potentialAction":[{"@type":"ReadAction","target":["https:\/\/taberg.de\/product\/uberbauung-deponie-schleyerhofweg\/"]}]},{"@type":"ImageObject","inLanguage":"en-GB","@id":"https:\/\/taberg.de\/product\/uberbauung-deponie-schleyerhofweg\/#primaryimage","url":"https:\/\/taberg.de\/wp-content\/uploads\/2022\/08\/a-3.jpg","contentUrl":"https:\/\/taberg.de\/wp-content\/uploads\/2022\/08\/a-3.jpg","width":586,"height":439},{"@type":"BreadcrumbList","@id":"https:\/\/taberg.de\/product\/uberbauung-deponie-schleyerhofweg\/#breadcrumb","itemListElement":[{"@type":"ListItem","position":1,"name":"Home","item":"https:\/\/taberg.de\/"},{"@type":"ListItem","position":2,"name":"ALLE PROJEKTE","item":"https:\/\/taberg.de\/alle-projekte\/"},{"@type":"ListItem","position":3,"name":"\u00dcberbauung Deponie Schleyerhofweg"}]},{"@type":"WebSite","@id":"https:\/\/taberg.de\/#website","url":"https:\/\/taberg.de\/","name":"TABERG Location","description":"Architects and engineers","potentialAction":[{"@type":"SearchAction","target":{"@type":"EntryPoint","urlTemplate":"https:\/\/taberg.de\/?s={search_term_string}"},"query-input":{"@type":"PropertyValueSpecification","valueRequired":true,"valueName":"search_term_string"}}],"inLanguage":"en-GB"}]}},"_links":{"self":[{"href":"https:\/\/taberg.de\/en\/wp-json\/wp\/v2\/product\/16219","targetHints":{"allow":["GET"]}}],"collection":[{"href":"https:\/\/taberg.de\/en\/wp-json\/wp\/v2\/product"}],"about":[{"href":"https:\/\/taberg.de\/en\/wp-json\/wp\/v2\/types\/product"}],"version-history":[{"count":1,"href":"https:\/\/taberg.de\/en\/wp-json\/wp\/v2\/product\/16219\/revisions"}],"predecessor-version":[{"id":17095,"href":"https:\/\/taberg.de\/en\/wp-json\/wp\/v2\/product\/16219\/revisions\/17095"}],"wp:featuredmedia":[{"embeddable":true,"href":"https:\/\/taberg.de\/en\/wp-json\/wp\/v2\/media\/16267"}],"wp:attachment":[{"href":"https:\/\/taberg.de\/en\/wp-json\/wp\/v2\/media?parent=16219"}],"wp:term":[{"taxonomy":"product_brand","embeddable":true,"href":"https:\/\/taberg.de\/en\/wp-json\/wp\/v2\/product_brand?post=16219"},{"taxonomy":"product_cat","embeddable":true,"href":"https:\/\/taberg.de\/en\/wp-json\/wp\/v2\/product_cat?post=16219"},{"taxonomy":"product_tag","embeddable":true,"href":"https:\/\/taberg.de\/en\/wp-json\/wp\/v2\/product_tag?post=16219"}],"curies":[{"name":"wp","href":"https:\/\/api.w.org\/{rel}","templated":true}]}}