{"id":16224,"date":"2022-08-04T11:37:47","date_gmt":"2022-08-04T11:37:47","guid":{"rendered":"https:\/\/taberg.de\/?post_type=product&#038;p=16224"},"modified":"2023-01-12T06:39:36","modified_gmt":"2023-01-12T06:39:36","slug":"hbf-magdeburg-ernst-reuter-allee","status":"publish","type":"product","link":"https:\/\/taberg.de\/en\/product\/hbf-magdeburg-ernst-reuter-allee\/","title":{"rendered":"Central Station-Magdeburg \"Ernst-Reuter-Allee"},"content":{"rendered":"<ul>\n<li>Main focus: Excavation dewatering, groundwater modelling<\/li>\n<li>Duration since 2022<\/li>\n<li>H\u00f6lscher Wasserbau GmbH<\/li>\n<li>Contents:\n<ul>\n<li>Building pit drainage<\/li>\n<li>Scenario calculation<\/li>\n<li>Further development of the PCGeofim module \"Well optimisation<\/li>\n<\/ul>\n<\/li>\n<\/ul>","protected":false},"excerpt":{"rendered":"<p>Focal points: Excavation pit drainage, groundwater modelling Term since 2022 H\u00f6lscher Wasserbau GmbH Contents: Excavation pit drainage Scenario calculation Further development of the PCGeofim module \"Well optimisation\"<\/p>","protected":false},"featured_media":16272,"template":"","meta":[],"product_brand":[],"product_cat":[16,41],"product_tag":[],"class_list":{"0":"post-16224","1":"product","2":"type-product","3":"status-publish","4":"has-post-thumbnail","6":"product_cat-uncategorized","7":"product_cat-wasser","9":"first","10":"instock","11":"shipping-taxable","12":"product-type-simple"},"yoast_head":"<!-- This site is optimized with the Yoast SEO plugin v27.4 - https:\/\/yoast.com\/product\/yoast-seo-wordpress\/ -->\n<title>Hbf-Magdeburg \u201eErnst-Reuter-Allee\u201c - TABERG Ingenieure<\/title>\n<meta name=\"robots\" content=\"index, follow, max-snippet:-1, max-image-preview:large, max-video-preview:-1\" \/>\n<link rel=\"canonical\" href=\"https:\/\/taberg.de\/en\/product\/hbf-magdeburg-ernst-reuter-allee\/\" \/>\n<meta property=\"og:locale\" content=\"en_GB\" \/>\n<meta property=\"og:type\" content=\"article\" \/>\n<meta property=\"og:title\" content=\"Hbf-Magdeburg \u201eErnst-Reuter-Allee\u201c - TABERG Ingenieure\" \/>\n<meta property=\"og:description\" content=\"Schwerpunkte: Baugrubenentw\u00e4sserung, Grundwassermodellierung Laufzeit seit 2022 H\u00f6lscher Wasserbau GmbH Inhalte: Baugrubenentw\u00e4sserung Szenarienrechnung Weiterentwicklung des PCGeofim-Moduls \u201eBrunnenoptimierung\u201c\" \/>\n<meta property=\"og:url\" content=\"https:\/\/taberg.de\/en\/product\/hbf-magdeburg-ernst-reuter-allee\/\" \/>\n<meta property=\"og:site_name\" content=\"TABERG Ingenieure\" \/>\n<meta property=\"article:modified_time\" content=\"2023-01-12T06:39:36+00:00\" \/>\n<meta property=\"og:image\" content=\"https:\/\/taberg.de\/wp-content\/uploads\/2022\/08\/Picture34.jpg\" \/>\n\t<meta property=\"og:image:width\" content=\"586\" \/>\n\t<meta property=\"og:image:height\" content=\"439\" \/>\n\t<meta property=\"og:image:type\" content=\"image\/jpeg\" \/>\n<meta name=\"twitter:card\" content=\"summary_large_image\" \/>\n<script type=\"application\/ld+json\" class=\"yoast-schema-graph\">{\"@context\":\"https:\\\/\\\/schema.org\",\"@graph\":[{\"@type\":\"WebPage\",\"@id\":\"https:\\\/\\\/taberg.de\\\/product\\\/hbf-magdeburg-ernst-reuter-allee\\\/\",\"url\":\"https:\\\/\\\/taberg.de\\\/product\\\/hbf-magdeburg-ernst-reuter-allee\\\/\",\"name\":\"Hbf-Magdeburg \u201eErnst-Reuter-Allee\u201c - TABERG Ingenieure\",\"isPartOf\":{\"@id\":\"https:\\\/\\\/taberg.de\\\/#website\"},\"primaryImageOfPage\":{\"@id\":\"https:\\\/\\\/taberg.de\\\/product\\\/hbf-magdeburg-ernst-reuter-allee\\\/#primaryimage\"},\"image\":{\"@id\":\"https:\\\/\\\/taberg.de\\\/product\\\/hbf-magdeburg-ernst-reuter-allee\\\/#primaryimage\"},\"thumbnailUrl\":\"https:\\\/\\\/taberg.de\\\/wp-content\\\/uploads\\\/2022\\\/08\\\/Picture34.jpg\",\"datePublished\":\"2022-08-04T11:37:47+00:00\",\"dateModified\":\"2023-01-12T06:39:36+00:00\",\"breadcrumb\":{\"@id\":\"https:\\\/\\\/taberg.de\\\/product\\\/hbf-magdeburg-ernst-reuter-allee\\\/#breadcrumb\"},\"inLanguage\":\"en-GB\",\"potentialAction\":[{\"@type\":\"ReadAction\",\"target\":[\"https:\\\/\\\/taberg.de\\\/product\\\/hbf-magdeburg-ernst-reuter-allee\\\/\"]}]},{\"@type\":\"ImageObject\",\"inLanguage\":\"en-GB\",\"@id\":\"https:\\\/\\\/taberg.de\\\/product\\\/hbf-magdeburg-ernst-reuter-allee\\\/#primaryimage\",\"url\":\"https:\\\/\\\/taberg.de\\\/wp-content\\\/uploads\\\/2022\\\/08\\\/Picture34.jpg\",\"contentUrl\":\"https:\\\/\\\/taberg.de\\\/wp-content\\\/uploads\\\/2022\\\/08\\\/Picture34.jpg\",\"width\":586,\"height\":439},{\"@type\":\"BreadcrumbList\",\"@id\":\"https:\\\/\\\/taberg.de\\\/product\\\/hbf-magdeburg-ernst-reuter-allee\\\/#breadcrumb\",\"itemListElement\":[{\"@type\":\"ListItem\",\"position\":1,\"name\":\"Home\",\"item\":\"https:\\\/\\\/taberg.de\\\/\"},{\"@type\":\"ListItem\",\"position\":2,\"name\":\"ALLE PROJEKTE\",\"item\":\"https:\\\/\\\/taberg.de\\\/alle-projekte\\\/\"},{\"@type\":\"ListItem\",\"position\":3,\"name\":\"Hbf-Magdeburg \u201eErnst-Reuter-Allee\u201c\"}]},{\"@type\":\"WebSite\",\"@id\":\"https:\\\/\\\/taberg.de\\\/#website\",\"url\":\"https:\\\/\\\/taberg.de\\\/\",\"name\":\"TABERG Ingenieure\",\"description\":\"Architekten und Ingenieure\",\"potentialAction\":[{\"@type\":\"SearchAction\",\"target\":{\"@type\":\"EntryPoint\",\"urlTemplate\":\"https:\\\/\\\/taberg.de\\\/?s={search_term_string}\"},\"query-input\":{\"@type\":\"PropertyValueSpecification\",\"valueRequired\":true,\"valueName\":\"search_term_string\"}}],\"inLanguage\":\"en-GB\"}]}<\/script>\n<!-- \/ Yoast SEO plugin. -->","yoast_head_json":{"title":"Hbf-Magdeburg \u201eErnst-Reuter-Allee\u201c - TABERG Ingenieure","robots":{"index":"index","follow":"follow","max-snippet":"max-snippet:-1","max-image-preview":"max-image-preview:large","max-video-preview":"max-video-preview:-1"},"canonical":"https:\/\/taberg.de\/en\/product\/hbf-magdeburg-ernst-reuter-allee\/","og_locale":"en_GB","og_type":"article","og_title":"Hbf-Magdeburg \u201eErnst-Reuter-Allee\u201c - TABERG Ingenieure","og_description":"Schwerpunkte: Baugrubenentw\u00e4sserung, Grundwassermodellierung Laufzeit seit 2022 H\u00f6lscher Wasserbau GmbH Inhalte: Baugrubenentw\u00e4sserung Szenarienrechnung Weiterentwicklung des PCGeofim-Moduls \u201eBrunnenoptimierung\u201c","og_url":"https:\/\/taberg.de\/en\/product\/hbf-magdeburg-ernst-reuter-allee\/","og_site_name":"TABERG Ingenieure","article_modified_time":"2023-01-12T06:39:36+00:00","og_image":[{"width":586,"height":439,"url":"https:\/\/taberg.de\/wp-content\/uploads\/2022\/08\/Picture34.jpg","type":"image\/jpeg"}],"twitter_card":"summary_large_image","schema":{"@context":"https:\/\/schema.org","@graph":[{"@type":"WebPage","@id":"https:\/\/taberg.de\/product\/hbf-magdeburg-ernst-reuter-allee\/","url":"https:\/\/taberg.de\/product\/hbf-magdeburg-ernst-reuter-allee\/","name":"Hbf-Magdeburg \u201eErnst-Reuter-Allee\u201c - TABERG Ingenieure","isPartOf":{"@id":"https:\/\/taberg.de\/#website"},"primaryImageOfPage":{"@id":"https:\/\/taberg.de\/product\/hbf-magdeburg-ernst-reuter-allee\/#primaryimage"},"image":{"@id":"https:\/\/taberg.de\/product\/hbf-magdeburg-ernst-reuter-allee\/#primaryimage"},"thumbnailUrl":"https:\/\/taberg.de\/wp-content\/uploads\/2022\/08\/Picture34.jpg","datePublished":"2022-08-04T11:37:47+00:00","dateModified":"2023-01-12T06:39:36+00:00","breadcrumb":{"@id":"https:\/\/taberg.de\/product\/hbf-magdeburg-ernst-reuter-allee\/#breadcrumb"},"inLanguage":"en-GB","potentialAction":[{"@type":"ReadAction","target":["https:\/\/taberg.de\/product\/hbf-magdeburg-ernst-reuter-allee\/"]}]},{"@type":"ImageObject","inLanguage":"en-GB","@id":"https:\/\/taberg.de\/product\/hbf-magdeburg-ernst-reuter-allee\/#primaryimage","url":"https:\/\/taberg.de\/wp-content\/uploads\/2022\/08\/Picture34.jpg","contentUrl":"https:\/\/taberg.de\/wp-content\/uploads\/2022\/08\/Picture34.jpg","width":586,"height":439},{"@type":"BreadcrumbList","@id":"https:\/\/taberg.de\/product\/hbf-magdeburg-ernst-reuter-allee\/#breadcrumb","itemListElement":[{"@type":"ListItem","position":1,"name":"Home","item":"https:\/\/taberg.de\/"},{"@type":"ListItem","position":2,"name":"ALLE PROJEKTE","item":"https:\/\/taberg.de\/alle-projekte\/"},{"@type":"ListItem","position":3,"name":"Hbf-Magdeburg \u201eErnst-Reuter-Allee\u201c"}]},{"@type":"WebSite","@id":"https:\/\/taberg.de\/#website","url":"https:\/\/taberg.de\/","name":"TABERG Location","description":"Architects and engineers","potentialAction":[{"@type":"SearchAction","target":{"@type":"EntryPoint","urlTemplate":"https:\/\/taberg.de\/?s={search_term_string}"},"query-input":{"@type":"PropertyValueSpecification","valueRequired":true,"valueName":"search_term_string"}}],"inLanguage":"en-GB"}]}},"_links":{"self":[{"href":"https:\/\/taberg.de\/en\/wp-json\/wp\/v2\/product\/16224","targetHints":{"allow":["GET"]}}],"collection":[{"href":"https:\/\/taberg.de\/en\/wp-json\/wp\/v2\/product"}],"about":[{"href":"https:\/\/taberg.de\/en\/wp-json\/wp\/v2\/types\/product"}],"version-history":[{"count":1,"href":"https:\/\/taberg.de\/en\/wp-json\/wp\/v2\/product\/16224\/revisions"}],"predecessor-version":[{"id":17091,"href":"https:\/\/taberg.de\/en\/wp-json\/wp\/v2\/product\/16224\/revisions\/17091"}],"wp:featuredmedia":[{"embeddable":true,"href":"https:\/\/taberg.de\/en\/wp-json\/wp\/v2\/media\/16272"}],"wp:attachment":[{"href":"https:\/\/taberg.de\/en\/wp-json\/wp\/v2\/media?parent=16224"}],"wp:term":[{"taxonomy":"product_brand","embeddable":true,"href":"https:\/\/taberg.de\/en\/wp-json\/wp\/v2\/product_brand?post=16224"},{"taxonomy":"product_cat","embeddable":true,"href":"https:\/\/taberg.de\/en\/wp-json\/wp\/v2\/product_cat?post=16224"},{"taxonomy":"product_tag","embeddable":true,"href":"https:\/\/taberg.de\/en\/wp-json\/wp\/v2\/product_tag?post=16224"}],"curies":[{"name":"wp","href":"https:\/\/api.w.org\/{rel}","templated":true}]}}