{"id":16226,"date":"2022-08-04T11:37:48","date_gmt":"2022-08-04T11:37:48","guid":{"rendered":"https:\/\/taberg.de\/?post_type=product&#038;p=16226"},"modified":"2022-08-30T13:23:05","modified_gmt":"2022-08-30T13:23:05","slug":"windpark-krummensee-3-hydrologisches-gutachten-fur-vorgezogene-cef-masnahme","status":"publish","type":"product","link":"https:\/\/taberg.de\/en\/product\/windpark-krummensee-3-hydrologisches-gutachten-fur-vorgezogene-cef-masnahme\/","title":{"rendered":"Wind farm Krummensee 3 - Hydrological report for early CEF measure"},"content":{"rendered":"<ul>\n<li>Focal points: Water balance, hydrology, hydrogeology<\/li>\n<li>Duration 2021<\/li>\n<li>Energy Source GmbH<\/li>\n<li>Contents:\n<ul>\n<li>Hydrogeological exploration<\/li>\n<li>Water balance assessment<\/li>\n<li>Area optimisation of the planned standing water<\/li>\n<\/ul>\n<\/li>\n<\/ul>","protected":false},"excerpt":{"rendered":"<p>Focal points: Water balance, hydrology, hydrogeology Term 2021 Energiequelle GmbH Contents: Hydrogeological exploration Water balance assessment Area optimisation of the planned standing water body<\/p>","protected":false},"featured_media":16274,"template":"","meta":[],"product_brand":[],"product_cat":[41],"product_tag":[],"class_list":{"0":"post-16226","1":"product","2":"type-product","3":"status-publish","4":"has-post-thumbnail","6":"product_cat-wasser","8":"first","9":"instock","10":"shipping-taxable","11":"product-type-simple"},"yoast_head":"<!-- This site is optimized with the Yoast SEO plugin v27.4 - https:\/\/yoast.com\/product\/yoast-seo-wordpress\/ -->\n<title>Windpark Krummensee 3 - Hydrologisches Gutachten f\u00fcr vorgezogene CEF-Ma\u00dfnahme - TABERG Ingenieure<\/title>\n<meta name=\"robots\" content=\"index, follow, max-snippet:-1, max-image-preview:large, max-video-preview:-1\" \/>\n<link rel=\"canonical\" href=\"https:\/\/taberg.de\/en\/product\/windpark-krummensee-3-hydrologisches-gutachten-fur-vorgezogene-cef-masnahme\/\" \/>\n<meta property=\"og:locale\" content=\"en_GB\" \/>\n<meta property=\"og:type\" content=\"article\" \/>\n<meta property=\"og:title\" content=\"Windpark Krummensee 3 - Hydrologisches Gutachten f\u00fcr vorgezogene CEF-Ma\u00dfnahme - TABERG Ingenieure\" \/>\n<meta property=\"og:description\" content=\"Schwerpunkte: Wasserhaushalt, Hydrologie, Hydrogeologie Laufzeit 2021 Energiequelle GmbH Inhalte: Hydrogeologische Erkundung Wasserhaushaltliche Einsch\u00e4tzung Fl\u00e4chenoptimierung des geplanten Standgew\u00e4ssers\" \/>\n<meta property=\"og:url\" content=\"https:\/\/taberg.de\/en\/product\/windpark-krummensee-3-hydrologisches-gutachten-fur-vorgezogene-cef-masnahme\/\" \/>\n<meta property=\"og:site_name\" content=\"TABERG Ingenieure\" \/>\n<meta property=\"article:modified_time\" content=\"2022-08-30T13:23:05+00:00\" \/>\n<meta property=\"og:image\" content=\"https:\/\/taberg.de\/wp-content\/uploads\/2022\/08\/a-6.jpg\" \/>\n\t<meta property=\"og:image:width\" content=\"586\" \/>\n\t<meta property=\"og:image:height\" content=\"439\" \/>\n\t<meta property=\"og:image:type\" content=\"image\/jpeg\" \/>\n<meta name=\"twitter:card\" content=\"summary_large_image\" \/>\n<script type=\"application\/ld+json\" class=\"yoast-schema-graph\">{\"@context\":\"https:\\\/\\\/schema.org\",\"@graph\":[{\"@type\":\"WebPage\",\"@id\":\"https:\\\/\\\/taberg.de\\\/product\\\/windpark-krummensee-3-hydrologisches-gutachten-fur-vorgezogene-cef-masnahme\\\/\",\"url\":\"https:\\\/\\\/taberg.de\\\/product\\\/windpark-krummensee-3-hydrologisches-gutachten-fur-vorgezogene-cef-masnahme\\\/\",\"name\":\"Windpark Krummensee 3 - Hydrologisches Gutachten f\u00fcr vorgezogene CEF-Ma\u00dfnahme - TABERG Ingenieure\",\"isPartOf\":{\"@id\":\"https:\\\/\\\/taberg.de\\\/#website\"},\"primaryImageOfPage\":{\"@id\":\"https:\\\/\\\/taberg.de\\\/product\\\/windpark-krummensee-3-hydrologisches-gutachten-fur-vorgezogene-cef-masnahme\\\/#primaryimage\"},\"image\":{\"@id\":\"https:\\\/\\\/taberg.de\\\/product\\\/windpark-krummensee-3-hydrologisches-gutachten-fur-vorgezogene-cef-masnahme\\\/#primaryimage\"},\"thumbnailUrl\":\"https:\\\/\\\/taberg.de\\\/wp-content\\\/uploads\\\/2022\\\/08\\\/a-6.jpg\",\"datePublished\":\"2022-08-04T11:37:48+00:00\",\"dateModified\":\"2022-08-30T13:23:05+00:00\",\"breadcrumb\":{\"@id\":\"https:\\\/\\\/taberg.de\\\/product\\\/windpark-krummensee-3-hydrologisches-gutachten-fur-vorgezogene-cef-masnahme\\\/#breadcrumb\"},\"inLanguage\":\"en-GB\",\"potentialAction\":[{\"@type\":\"ReadAction\",\"target\":[\"https:\\\/\\\/taberg.de\\\/product\\\/windpark-krummensee-3-hydrologisches-gutachten-fur-vorgezogene-cef-masnahme\\\/\"]}]},{\"@type\":\"ImageObject\",\"inLanguage\":\"en-GB\",\"@id\":\"https:\\\/\\\/taberg.de\\\/product\\\/windpark-krummensee-3-hydrologisches-gutachten-fur-vorgezogene-cef-masnahme\\\/#primaryimage\",\"url\":\"https:\\\/\\\/taberg.de\\\/wp-content\\\/uploads\\\/2022\\\/08\\\/a-6.jpg\",\"contentUrl\":\"https:\\\/\\\/taberg.de\\\/wp-content\\\/uploads\\\/2022\\\/08\\\/a-6.jpg\",\"width\":586,\"height\":439},{\"@type\":\"BreadcrumbList\",\"@id\":\"https:\\\/\\\/taberg.de\\\/product\\\/windpark-krummensee-3-hydrologisches-gutachten-fur-vorgezogene-cef-masnahme\\\/#breadcrumb\",\"itemListElement\":[{\"@type\":\"ListItem\",\"position\":1,\"name\":\"Home\",\"item\":\"https:\\\/\\\/taberg.de\\\/\"},{\"@type\":\"ListItem\",\"position\":2,\"name\":\"ALLE PROJEKTE\",\"item\":\"https:\\\/\\\/taberg.de\\\/alle-projekte\\\/\"},{\"@type\":\"ListItem\",\"position\":3,\"name\":\"Windpark Krummensee 3 &#8211; Hydrologisches Gutachten f\u00fcr vorgezogene CEF-Ma\u00dfnahme\"}]},{\"@type\":\"WebSite\",\"@id\":\"https:\\\/\\\/taberg.de\\\/#website\",\"url\":\"https:\\\/\\\/taberg.de\\\/\",\"name\":\"TABERG Ingenieure\",\"description\":\"Architekten und Ingenieure\",\"potentialAction\":[{\"@type\":\"SearchAction\",\"target\":{\"@type\":\"EntryPoint\",\"urlTemplate\":\"https:\\\/\\\/taberg.de\\\/?s={search_term_string}\"},\"query-input\":{\"@type\":\"PropertyValueSpecification\",\"valueRequired\":true,\"valueName\":\"search_term_string\"}}],\"inLanguage\":\"en-GB\"}]}<\/script>\n<!-- \/ Yoast SEO plugin. -->","yoast_head_json":{"title":"Windpark Krummensee 3 - Hydrologisches Gutachten f\u00fcr vorgezogene CEF-Ma\u00dfnahme - TABERG Ingenieure","robots":{"index":"index","follow":"follow","max-snippet":"max-snippet:-1","max-image-preview":"max-image-preview:large","max-video-preview":"max-video-preview:-1"},"canonical":"https:\/\/taberg.de\/en\/product\/windpark-krummensee-3-hydrologisches-gutachten-fur-vorgezogene-cef-masnahme\/","og_locale":"en_GB","og_type":"article","og_title":"Windpark Krummensee 3 - Hydrologisches Gutachten f\u00fcr vorgezogene CEF-Ma\u00dfnahme - TABERG Ingenieure","og_description":"Schwerpunkte: Wasserhaushalt, Hydrologie, Hydrogeologie Laufzeit 2021 Energiequelle GmbH Inhalte: Hydrogeologische Erkundung Wasserhaushaltliche Einsch\u00e4tzung Fl\u00e4chenoptimierung des geplanten Standgew\u00e4ssers","og_url":"https:\/\/taberg.de\/en\/product\/windpark-krummensee-3-hydrologisches-gutachten-fur-vorgezogene-cef-masnahme\/","og_site_name":"TABERG Ingenieure","article_modified_time":"2022-08-30T13:23:05+00:00","og_image":[{"width":586,"height":439,"url":"https:\/\/taberg.de\/wp-content\/uploads\/2022\/08\/a-6.jpg","type":"image\/jpeg"}],"twitter_card":"summary_large_image","schema":{"@context":"https:\/\/schema.org","@graph":[{"@type":"WebPage","@id":"https:\/\/taberg.de\/product\/windpark-krummensee-3-hydrologisches-gutachten-fur-vorgezogene-cef-masnahme\/","url":"https:\/\/taberg.de\/product\/windpark-krummensee-3-hydrologisches-gutachten-fur-vorgezogene-cef-masnahme\/","name":"Windpark Krummensee 3 - Hydrologisches Gutachten f\u00fcr vorgezogene CEF-Ma\u00dfnahme - TABERG Ingenieure","isPartOf":{"@id":"https:\/\/taberg.de\/#website"},"primaryImageOfPage":{"@id":"https:\/\/taberg.de\/product\/windpark-krummensee-3-hydrologisches-gutachten-fur-vorgezogene-cef-masnahme\/#primaryimage"},"image":{"@id":"https:\/\/taberg.de\/product\/windpark-krummensee-3-hydrologisches-gutachten-fur-vorgezogene-cef-masnahme\/#primaryimage"},"thumbnailUrl":"https:\/\/taberg.de\/wp-content\/uploads\/2022\/08\/a-6.jpg","datePublished":"2022-08-04T11:37:48+00:00","dateModified":"2022-08-30T13:23:05+00:00","breadcrumb":{"@id":"https:\/\/taberg.de\/product\/windpark-krummensee-3-hydrologisches-gutachten-fur-vorgezogene-cef-masnahme\/#breadcrumb"},"inLanguage":"en-GB","potentialAction":[{"@type":"ReadAction","target":["https:\/\/taberg.de\/product\/windpark-krummensee-3-hydrologisches-gutachten-fur-vorgezogene-cef-masnahme\/"]}]},{"@type":"ImageObject","inLanguage":"en-GB","@id":"https:\/\/taberg.de\/product\/windpark-krummensee-3-hydrologisches-gutachten-fur-vorgezogene-cef-masnahme\/#primaryimage","url":"https:\/\/taberg.de\/wp-content\/uploads\/2022\/08\/a-6.jpg","contentUrl":"https:\/\/taberg.de\/wp-content\/uploads\/2022\/08\/a-6.jpg","width":586,"height":439},{"@type":"BreadcrumbList","@id":"https:\/\/taberg.de\/product\/windpark-krummensee-3-hydrologisches-gutachten-fur-vorgezogene-cef-masnahme\/#breadcrumb","itemListElement":[{"@type":"ListItem","position":1,"name":"Home","item":"https:\/\/taberg.de\/"},{"@type":"ListItem","position":2,"name":"ALLE PROJEKTE","item":"https:\/\/taberg.de\/alle-projekte\/"},{"@type":"ListItem","position":3,"name":"Windpark Krummensee 3 &#8211; Hydrologisches Gutachten f\u00fcr vorgezogene CEF-Ma\u00dfnahme"}]},{"@type":"WebSite","@id":"https:\/\/taberg.de\/#website","url":"https:\/\/taberg.de\/","name":"TABERG Location","description":"Architects and engineers","potentialAction":[{"@type":"SearchAction","target":{"@type":"EntryPoint","urlTemplate":"https:\/\/taberg.de\/?s={search_term_string}"},"query-input":{"@type":"PropertyValueSpecification","valueRequired":true,"valueName":"search_term_string"}}],"inLanguage":"en-GB"}]}},"_links":{"self":[{"href":"https:\/\/taberg.de\/en\/wp-json\/wp\/v2\/product\/16226","targetHints":{"allow":["GET"]}}],"collection":[{"href":"https:\/\/taberg.de\/en\/wp-json\/wp\/v2\/product"}],"about":[{"href":"https:\/\/taberg.de\/en\/wp-json\/wp\/v2\/types\/product"}],"version-history":[{"count":1,"href":"https:\/\/taberg.de\/en\/wp-json\/wp\/v2\/product\/16226\/revisions"}],"predecessor-version":[{"id":17088,"href":"https:\/\/taberg.de\/en\/wp-json\/wp\/v2\/product\/16226\/revisions\/17088"}],"wp:featuredmedia":[{"embeddable":true,"href":"https:\/\/taberg.de\/en\/wp-json\/wp\/v2\/media\/16274"}],"wp:attachment":[{"href":"https:\/\/taberg.de\/en\/wp-json\/wp\/v2\/media?parent=16226"}],"wp:term":[{"taxonomy":"product_brand","embeddable":true,"href":"https:\/\/taberg.de\/en\/wp-json\/wp\/v2\/product_brand?post=16226"},{"taxonomy":"product_cat","embeddable":true,"href":"https:\/\/taberg.de\/en\/wp-json\/wp\/v2\/product_cat?post=16226"},{"taxonomy":"product_tag","embeddable":true,"href":"https:\/\/taberg.de\/en\/wp-json\/wp\/v2\/product_tag?post=16226"}],"curies":[{"name":"wp","href":"https:\/\/api.w.org\/{rel}","templated":true}]}}