{"id":16246,"date":"2022-08-04T11:38:23","date_gmt":"2022-08-04T11:38:23","guid":{"rendered":"https:\/\/taberg.de\/?post_type=product&#038;p=16246"},"modified":"2022-08-30T13:19:31","modified_gmt":"2022-08-30T13:19:31","slug":"genehmigungsverfahren-zur-kapazitatserweiterung-einer-zinkhutte","status":"publish","type":"product","link":"https:\/\/taberg.de\/en\/product\/genehmigungsverfahren-zur-kapazitatserweiterung-einer-zinkhutte\/","title":{"rendered":"Approval procedure for the capacity expansion of a zinc smelter"},"content":{"rendered":"<ul>\n<li>Project description: The operators of the zinc smelter planned to increase the production capacity of the plant. As part of the increase in production capacity, modifications and additional equipment were to be added. The aim was not to increase the emissions emanating from the plant in the process. The planned expansion required a permit according to the Federal Immission Control Act (BImSchG) including an environmental impact assessment according to the Environmental Impact Assessment Act (UVPG).<\/li>\n<li>Our services: Coordination of the required authority procedures, preparation of a scoping document for the environmental impact assessment (EIA), monitoring of the scoping procedure and preparation of the environmental impact assessment report, preparation of the application documents for selected chapters of the BImSchG application, integration of the construction application and compilation and finalisation of the application documents for the complete BImSchG application as well as preparation of an initial status report (preliminary assessment and phase 1).<\/li>\n<li>Duration: 2017 - 2019<\/li>\n<li>Branch of the customer: Industry \/ Pipe material processing<\/li>\n<\/ul>","protected":false},"excerpt":{"rendered":"<p>Project description: The operators of the zinc smelter planned to increase the production capacity of the plant. Within the scope of the increase in production capacity, modifications were to be<\/p>","protected":false},"featured_media":16266,"template":"","meta":[],"product_brand":[],"product_cat":[40],"product_tag":[],"class_list":{"0":"post-16246","1":"product","2":"type-product","3":"status-publish","4":"has-post-thumbnail","6":"product_cat-umwelt","8":"first","9":"instock","10":"shipping-taxable","11":"product-type-simple"},"yoast_head":"<!-- This site is optimized with the Yoast SEO plugin v27.3 - https:\/\/yoast.com\/product\/yoast-seo-wordpress\/ -->\n<title>Genehmigungsverfahren zur Kapazit\u00e4tserweiterung einer Zinkh\u00fctte - TABERG Ingenieure<\/title>\n<meta name=\"robots\" content=\"index, follow, max-snippet:-1, max-image-preview:large, max-video-preview:-1\" \/>\n<link rel=\"canonical\" href=\"https:\/\/taberg.de\/en\/product\/genehmigungsverfahren-zur-kapazitatserweiterung-einer-zinkhutte\/\" \/>\n<meta property=\"og:locale\" content=\"en_GB\" \/>\n<meta property=\"og:type\" content=\"article\" \/>\n<meta property=\"og:title\" content=\"Genehmigungsverfahren zur Kapazit\u00e4tserweiterung einer Zinkh\u00fctte - TABERG Ingenieure\" \/>\n<meta property=\"og:description\" content=\"Projektbeschreibung: Die Betreiber der Zinkh\u00fctte planten, die Produktionskapazit\u00e4t des Werkes zu erh\u00f6hen. Im Rahmen der Erh\u00f6hung der Produktionskapazit\u00e4t sollten Modifikationen\" \/>\n<meta property=\"og:url\" content=\"https:\/\/taberg.de\/en\/product\/genehmigungsverfahren-zur-kapazitatserweiterung-einer-zinkhutte\/\" \/>\n<meta property=\"og:site_name\" content=\"TABERG Ingenieure\" \/>\n<meta property=\"article:modified_time\" content=\"2022-08-30T13:19:31+00:00\" \/>\n<meta property=\"og:image\" content=\"https:\/\/taberg.de\/wp-content\/uploads\/2022\/08\/a-2.jpg\" \/>\n\t<meta property=\"og:image:width\" content=\"586\" \/>\n\t<meta property=\"og:image:height\" content=\"439\" \/>\n\t<meta property=\"og:image:type\" content=\"image\/jpeg\" \/>\n<meta name=\"twitter:card\" content=\"summary_large_image\" \/>\n<meta name=\"twitter:label1\" content=\"Estimated reading time\" \/>\n\t<meta name=\"twitter:data1\" content=\"1 minute\" \/>\n<script type=\"application\/ld+json\" class=\"yoast-schema-graph\">{\"@context\":\"https:\\\/\\\/schema.org\",\"@graph\":[{\"@type\":\"WebPage\",\"@id\":\"https:\\\/\\\/taberg.de\\\/product\\\/genehmigungsverfahren-zur-kapazitatserweiterung-einer-zinkhutte\\\/\",\"url\":\"https:\\\/\\\/taberg.de\\\/product\\\/genehmigungsverfahren-zur-kapazitatserweiterung-einer-zinkhutte\\\/\",\"name\":\"Genehmigungsverfahren zur Kapazit\u00e4tserweiterung einer Zinkh\u00fctte - TABERG Ingenieure\",\"isPartOf\":{\"@id\":\"https:\\\/\\\/taberg.de\\\/#website\"},\"primaryImageOfPage\":{\"@id\":\"https:\\\/\\\/taberg.de\\\/product\\\/genehmigungsverfahren-zur-kapazitatserweiterung-einer-zinkhutte\\\/#primaryimage\"},\"image\":{\"@id\":\"https:\\\/\\\/taberg.de\\\/product\\\/genehmigungsverfahren-zur-kapazitatserweiterung-einer-zinkhutte\\\/#primaryimage\"},\"thumbnailUrl\":\"https:\\\/\\\/taberg.de\\\/wp-content\\\/uploads\\\/2022\\\/08\\\/a-2.jpg\",\"datePublished\":\"2022-08-04T11:38:23+00:00\",\"dateModified\":\"2022-08-30T13:19:31+00:00\",\"breadcrumb\":{\"@id\":\"https:\\\/\\\/taberg.de\\\/product\\\/genehmigungsverfahren-zur-kapazitatserweiterung-einer-zinkhutte\\\/#breadcrumb\"},\"inLanguage\":\"en-GB\",\"potentialAction\":[{\"@type\":\"ReadAction\",\"target\":[\"https:\\\/\\\/taberg.de\\\/product\\\/genehmigungsverfahren-zur-kapazitatserweiterung-einer-zinkhutte\\\/\"]}]},{\"@type\":\"ImageObject\",\"inLanguage\":\"en-GB\",\"@id\":\"https:\\\/\\\/taberg.de\\\/product\\\/genehmigungsverfahren-zur-kapazitatserweiterung-einer-zinkhutte\\\/#primaryimage\",\"url\":\"https:\\\/\\\/taberg.de\\\/wp-content\\\/uploads\\\/2022\\\/08\\\/a-2.jpg\",\"contentUrl\":\"https:\\\/\\\/taberg.de\\\/wp-content\\\/uploads\\\/2022\\\/08\\\/a-2.jpg\",\"width\":586,\"height\":439},{\"@type\":\"BreadcrumbList\",\"@id\":\"https:\\\/\\\/taberg.de\\\/product\\\/genehmigungsverfahren-zur-kapazitatserweiterung-einer-zinkhutte\\\/#breadcrumb\",\"itemListElement\":[{\"@type\":\"ListItem\",\"position\":1,\"name\":\"Home\",\"item\":\"https:\\\/\\\/taberg.de\\\/\"},{\"@type\":\"ListItem\",\"position\":2,\"name\":\"ALLE PROJEKTE\",\"item\":\"https:\\\/\\\/taberg.de\\\/alle-projekte\\\/\"},{\"@type\":\"ListItem\",\"position\":3,\"name\":\"Genehmigungsverfahren zur Kapazit\u00e4tserweiterung einer Zinkh\u00fctte\"}]},{\"@type\":\"WebSite\",\"@id\":\"https:\\\/\\\/taberg.de\\\/#website\",\"url\":\"https:\\\/\\\/taberg.de\\\/\",\"name\":\"TABERG Ingenieure\",\"description\":\"Architekten und Ingenieure\",\"potentialAction\":[{\"@type\":\"SearchAction\",\"target\":{\"@type\":\"EntryPoint\",\"urlTemplate\":\"https:\\\/\\\/taberg.de\\\/?s={search_term_string}\"},\"query-input\":{\"@type\":\"PropertyValueSpecification\",\"valueRequired\":true,\"valueName\":\"search_term_string\"}}],\"inLanguage\":\"en-GB\"}]}<\/script>\n<!-- \/ Yoast SEO plugin. -->","yoast_head_json":{"title":"Genehmigungsverfahren zur Kapazit\u00e4tserweiterung einer Zinkh\u00fctte - TABERG Ingenieure","robots":{"index":"index","follow":"follow","max-snippet":"max-snippet:-1","max-image-preview":"max-image-preview:large","max-video-preview":"max-video-preview:-1"},"canonical":"https:\/\/taberg.de\/en\/product\/genehmigungsverfahren-zur-kapazitatserweiterung-einer-zinkhutte\/","og_locale":"en_GB","og_type":"article","og_title":"Genehmigungsverfahren zur Kapazit\u00e4tserweiterung einer Zinkh\u00fctte - TABERG Ingenieure","og_description":"Projektbeschreibung: Die Betreiber der Zinkh\u00fctte planten, die Produktionskapazit\u00e4t des Werkes zu erh\u00f6hen. Im Rahmen der Erh\u00f6hung der Produktionskapazit\u00e4t sollten Modifikationen","og_url":"https:\/\/taberg.de\/en\/product\/genehmigungsverfahren-zur-kapazitatserweiterung-einer-zinkhutte\/","og_site_name":"TABERG Ingenieure","article_modified_time":"2022-08-30T13:19:31+00:00","og_image":[{"width":586,"height":439,"url":"https:\/\/taberg.de\/wp-content\/uploads\/2022\/08\/a-2.jpg","type":"image\/jpeg"}],"twitter_card":"summary_large_image","twitter_misc":{"Estimated reading time":"1 minute"},"schema":{"@context":"https:\/\/schema.org","@graph":[{"@type":"WebPage","@id":"https:\/\/taberg.de\/product\/genehmigungsverfahren-zur-kapazitatserweiterung-einer-zinkhutte\/","url":"https:\/\/taberg.de\/product\/genehmigungsverfahren-zur-kapazitatserweiterung-einer-zinkhutte\/","name":"Genehmigungsverfahren zur Kapazit\u00e4tserweiterung einer Zinkh\u00fctte - TABERG Ingenieure","isPartOf":{"@id":"https:\/\/taberg.de\/#website"},"primaryImageOfPage":{"@id":"https:\/\/taberg.de\/product\/genehmigungsverfahren-zur-kapazitatserweiterung-einer-zinkhutte\/#primaryimage"},"image":{"@id":"https:\/\/taberg.de\/product\/genehmigungsverfahren-zur-kapazitatserweiterung-einer-zinkhutte\/#primaryimage"},"thumbnailUrl":"https:\/\/taberg.de\/wp-content\/uploads\/2022\/08\/a-2.jpg","datePublished":"2022-08-04T11:38:23+00:00","dateModified":"2022-08-30T13:19:31+00:00","breadcrumb":{"@id":"https:\/\/taberg.de\/product\/genehmigungsverfahren-zur-kapazitatserweiterung-einer-zinkhutte\/#breadcrumb"},"inLanguage":"en-GB","potentialAction":[{"@type":"ReadAction","target":["https:\/\/taberg.de\/product\/genehmigungsverfahren-zur-kapazitatserweiterung-einer-zinkhutte\/"]}]},{"@type":"ImageObject","inLanguage":"en-GB","@id":"https:\/\/taberg.de\/product\/genehmigungsverfahren-zur-kapazitatserweiterung-einer-zinkhutte\/#primaryimage","url":"https:\/\/taberg.de\/wp-content\/uploads\/2022\/08\/a-2.jpg","contentUrl":"https:\/\/taberg.de\/wp-content\/uploads\/2022\/08\/a-2.jpg","width":586,"height":439},{"@type":"BreadcrumbList","@id":"https:\/\/taberg.de\/product\/genehmigungsverfahren-zur-kapazitatserweiterung-einer-zinkhutte\/#breadcrumb","itemListElement":[{"@type":"ListItem","position":1,"name":"Home","item":"https:\/\/taberg.de\/"},{"@type":"ListItem","position":2,"name":"ALLE PROJEKTE","item":"https:\/\/taberg.de\/alle-projekte\/"},{"@type":"ListItem","position":3,"name":"Genehmigungsverfahren zur Kapazit\u00e4tserweiterung einer Zinkh\u00fctte"}]},{"@type":"WebSite","@id":"https:\/\/taberg.de\/#website","url":"https:\/\/taberg.de\/","name":"TABERG Location","description":"Architects and engineers","potentialAction":[{"@type":"SearchAction","target":{"@type":"EntryPoint","urlTemplate":"https:\/\/taberg.de\/?s={search_term_string}"},"query-input":{"@type":"PropertyValueSpecification","valueRequired":true,"valueName":"search_term_string"}}],"inLanguage":"en-GB"}]}},"_links":{"self":[{"href":"https:\/\/taberg.de\/en\/wp-json\/wp\/v2\/product\/16246","targetHints":{"allow":["GET"]}}],"collection":[{"href":"https:\/\/taberg.de\/en\/wp-json\/wp\/v2\/product"}],"about":[{"href":"https:\/\/taberg.de\/en\/wp-json\/wp\/v2\/types\/product"}],"version-history":[{"count":1,"href":"https:\/\/taberg.de\/en\/wp-json\/wp\/v2\/product\/16246\/revisions"}],"predecessor-version":[{"id":17079,"href":"https:\/\/taberg.de\/en\/wp-json\/wp\/v2\/product\/16246\/revisions\/17079"}],"wp:featuredmedia":[{"embeddable":true,"href":"https:\/\/taberg.de\/en\/wp-json\/wp\/v2\/media\/16266"}],"wp:attachment":[{"href":"https:\/\/taberg.de\/en\/wp-json\/wp\/v2\/media?parent=16246"}],"wp:term":[{"taxonomy":"product_brand","embeddable":true,"href":"https:\/\/taberg.de\/en\/wp-json\/wp\/v2\/product_brand?post=16246"},{"taxonomy":"product_cat","embeddable":true,"href":"https:\/\/taberg.de\/en\/wp-json\/wp\/v2\/product_cat?post=16246"},{"taxonomy":"product_tag","embeddable":true,"href":"https:\/\/taberg.de\/en\/wp-json\/wp\/v2\/product_tag?post=16246"}],"curies":[{"name":"wp","href":"https:\/\/api.w.org\/{rel}","templated":true}]}}