{"id":17633,"date":"2022-10-17T08:51:26","date_gmt":"2022-10-17T08:51:26","guid":{"rendered":"https:\/\/taberg.de\/?post_type=product&#038;p=17633"},"modified":"2022-10-17T08:51:26","modified_gmt":"2022-10-17T08:51:26","slug":"solarthermische-klarschlammtrocknungsanlage","status":"publish","type":"product","link":"https:\/\/taberg.de\/en\/product\/solarthermische-klarschlammtrocknungsanlage\/","title":{"rendered":"Solar thermal sewage sludge drying plant"},"content":{"rendered":"<p>Project description: Construction of a solar sewage sludge drying plant <\/p>\n<p>Approximately 190,000 tonnes of sewage sludge are produced annually at one of the largest sewage treatment plants in Europe. Here, the world's largest solar thermal sewage sludge drying plant was built on a brownfield site of approx. 61,000 m\u00b2. The structure was built on a former sludge site with several metres of sewage sludge that remained underground. <\/p>\n<p>Preparation of a former sludge site for construction with dismantling of various old facilities (sludge bunker, temporary storage basin). Subsoil rehabilitation on an area of approx. 6 ha by means of vibrating stop logs. Construction of a new embankment up to 9 m high. Construction of a 750 m long groundwater outflow protection, consisting of well gallery and cut-off wall (single-phase diaphragm wall up to 22 m depth).<\/p>\n<p>Our services:<br \/>\nPreparation of subsoil reports, geotechnical reports for approval and implementation planning, hazard assessments, soil management concepts, occupational health and safety concepts. Preparation of tender documents and expert geotechnical construction supervision.<\/p>\n<p>Duration: 2018-2019<\/p>\n<p>Branch of the client: Wastewater cooperative<\/p>\n<p>Source: dwa, KA, Correspondence Wastewater, Waste, 2020 (67), No. 7 Emschergenossenschaft <\/p>","protected":false},"excerpt":{"rendered":"<p>Project description: Construction of a solar sewage sludge drying plant Approximately 190,000 tonnes of sewage sludge are produced annually at one of the largest sewage treatment plants in Europe. Here<\/p>","protected":false},"featured_media":17634,"template":"","meta":[],"product_brand":[],"product_cat":[52],"product_tag":[],"class_list":{"0":"post-17633","1":"product","2":"type-product","3":"status-publish","4":"has-post-thumbnail","6":"product_cat-umwelt-geotechnik","8":"first","9":"instock","10":"shipping-taxable","11":"product-type-simple"},"yoast_head":"<!-- This site is optimized with the Yoast SEO plugin v27.4 - https:\/\/yoast.com\/product\/yoast-seo-wordpress\/ -->\n<title>Solarthermische Kl\u00e4rschlammtrocknungsanlage - TABERG Ingenieure<\/title>\n<meta name=\"robots\" content=\"index, follow, max-snippet:-1, max-image-preview:large, max-video-preview:-1\" \/>\n<link rel=\"canonical\" href=\"https:\/\/taberg.de\/en\/product\/solarthermische-klarschlammtrocknungsanlage\/\" \/>\n<meta property=\"og:locale\" content=\"en_GB\" \/>\n<meta property=\"og:type\" content=\"article\" \/>\n<meta property=\"og:title\" content=\"Solarthermische Kl\u00e4rschlammtrocknungsanlage - TABERG Ingenieure\" \/>\n<meta property=\"og:description\" content=\"Projektbeschreibung: Bau einer solaren Kl\u00e4rschlammtrocknungsanlage Auf einer der gr\u00f6\u00dften Kl\u00e4ranlagen Europas fallen j\u00e4hrlich ca. 190.000 Tonnen Kl\u00e4rschlamm an. Hier wurde\" \/>\n<meta property=\"og:url\" content=\"https:\/\/taberg.de\/en\/product\/solarthermische-klarschlammtrocknungsanlage\/\" \/>\n<meta property=\"og:site_name\" content=\"TABERG Ingenieure\" \/>\n<meta property=\"og:image\" content=\"https:\/\/taberg.de\/wp-content\/uploads\/2022\/10\/1-3.png\" \/>\n\t<meta property=\"og:image:width\" content=\"411\" \/>\n\t<meta property=\"og:image:height\" content=\"328\" \/>\n\t<meta property=\"og:image:type\" content=\"image\/png\" \/>\n<meta name=\"twitter:card\" content=\"summary_large_image\" \/>\n<meta name=\"twitter:label1\" content=\"Estimated reading time\" \/>\n\t<meta name=\"twitter:data1\" content=\"1 minute\" \/>\n<script type=\"application\/ld+json\" class=\"yoast-schema-graph\">{\"@context\":\"https:\\\/\\\/schema.org\",\"@graph\":[{\"@type\":\"WebPage\",\"@id\":\"https:\\\/\\\/taberg.de\\\/product\\\/solarthermische-klarschlammtrocknungsanlage\\\/\",\"url\":\"https:\\\/\\\/taberg.de\\\/product\\\/solarthermische-klarschlammtrocknungsanlage\\\/\",\"name\":\"Solarthermische Kl\u00e4rschlammtrocknungsanlage - TABERG Ingenieure\",\"isPartOf\":{\"@id\":\"https:\\\/\\\/taberg.de\\\/#website\"},\"primaryImageOfPage\":{\"@id\":\"https:\\\/\\\/taberg.de\\\/product\\\/solarthermische-klarschlammtrocknungsanlage\\\/#primaryimage\"},\"image\":{\"@id\":\"https:\\\/\\\/taberg.de\\\/product\\\/solarthermische-klarschlammtrocknungsanlage\\\/#primaryimage\"},\"thumbnailUrl\":\"https:\\\/\\\/taberg.de\\\/wp-content\\\/uploads\\\/2022\\\/10\\\/1-3.png\",\"datePublished\":\"2022-10-17T08:51:26+00:00\",\"breadcrumb\":{\"@id\":\"https:\\\/\\\/taberg.de\\\/product\\\/solarthermische-klarschlammtrocknungsanlage\\\/#breadcrumb\"},\"inLanguage\":\"en-GB\",\"potentialAction\":[{\"@type\":\"ReadAction\",\"target\":[\"https:\\\/\\\/taberg.de\\\/product\\\/solarthermische-klarschlammtrocknungsanlage\\\/\"]}]},{\"@type\":\"ImageObject\",\"inLanguage\":\"en-GB\",\"@id\":\"https:\\\/\\\/taberg.de\\\/product\\\/solarthermische-klarschlammtrocknungsanlage\\\/#primaryimage\",\"url\":\"https:\\\/\\\/taberg.de\\\/wp-content\\\/uploads\\\/2022\\\/10\\\/1-3.png\",\"contentUrl\":\"https:\\\/\\\/taberg.de\\\/wp-content\\\/uploads\\\/2022\\\/10\\\/1-3.png\",\"width\":411,\"height\":328},{\"@type\":\"BreadcrumbList\",\"@id\":\"https:\\\/\\\/taberg.de\\\/product\\\/solarthermische-klarschlammtrocknungsanlage\\\/#breadcrumb\",\"itemListElement\":[{\"@type\":\"ListItem\",\"position\":1,\"name\":\"Home\",\"item\":\"https:\\\/\\\/taberg.de\\\/\"},{\"@type\":\"ListItem\",\"position\":2,\"name\":\"ALLE PROJEKTE\",\"item\":\"https:\\\/\\\/taberg.de\\\/alle-projekte\\\/\"},{\"@type\":\"ListItem\",\"position\":3,\"name\":\"Solarthermische Kl\u00e4rschlammtrocknungsanlage\"}]},{\"@type\":\"WebSite\",\"@id\":\"https:\\\/\\\/taberg.de\\\/#website\",\"url\":\"https:\\\/\\\/taberg.de\\\/\",\"name\":\"TABERG Ingenieure\",\"description\":\"Architekten und Ingenieure\",\"potentialAction\":[{\"@type\":\"SearchAction\",\"target\":{\"@type\":\"EntryPoint\",\"urlTemplate\":\"https:\\\/\\\/taberg.de\\\/?s={search_term_string}\"},\"query-input\":{\"@type\":\"PropertyValueSpecification\",\"valueRequired\":true,\"valueName\":\"search_term_string\"}}],\"inLanguage\":\"en-GB\"}]}<\/script>\n<!-- \/ Yoast SEO plugin. -->","yoast_head_json":{"title":"Solarthermische Kl\u00e4rschlammtrocknungsanlage - TABERG Ingenieure","robots":{"index":"index","follow":"follow","max-snippet":"max-snippet:-1","max-image-preview":"max-image-preview:large","max-video-preview":"max-video-preview:-1"},"canonical":"https:\/\/taberg.de\/en\/product\/solarthermische-klarschlammtrocknungsanlage\/","og_locale":"en_GB","og_type":"article","og_title":"Solarthermische Kl\u00e4rschlammtrocknungsanlage - TABERG Ingenieure","og_description":"Projektbeschreibung: Bau einer solaren Kl\u00e4rschlammtrocknungsanlage Auf einer der gr\u00f6\u00dften Kl\u00e4ranlagen Europas fallen j\u00e4hrlich ca. 190.000 Tonnen Kl\u00e4rschlamm an. Hier wurde","og_url":"https:\/\/taberg.de\/en\/product\/solarthermische-klarschlammtrocknungsanlage\/","og_site_name":"TABERG Ingenieure","og_image":[{"width":411,"height":328,"url":"https:\/\/taberg.de\/wp-content\/uploads\/2022\/10\/1-3.png","type":"image\/png"}],"twitter_card":"summary_large_image","twitter_misc":{"Estimated reading time":"1 minute"},"schema":{"@context":"https:\/\/schema.org","@graph":[{"@type":"WebPage","@id":"https:\/\/taberg.de\/product\/solarthermische-klarschlammtrocknungsanlage\/","url":"https:\/\/taberg.de\/product\/solarthermische-klarschlammtrocknungsanlage\/","name":"Solarthermische Kl\u00e4rschlammtrocknungsanlage - TABERG Ingenieure","isPartOf":{"@id":"https:\/\/taberg.de\/#website"},"primaryImageOfPage":{"@id":"https:\/\/taberg.de\/product\/solarthermische-klarschlammtrocknungsanlage\/#primaryimage"},"image":{"@id":"https:\/\/taberg.de\/product\/solarthermische-klarschlammtrocknungsanlage\/#primaryimage"},"thumbnailUrl":"https:\/\/taberg.de\/wp-content\/uploads\/2022\/10\/1-3.png","datePublished":"2022-10-17T08:51:26+00:00","breadcrumb":{"@id":"https:\/\/taberg.de\/product\/solarthermische-klarschlammtrocknungsanlage\/#breadcrumb"},"inLanguage":"en-GB","potentialAction":[{"@type":"ReadAction","target":["https:\/\/taberg.de\/product\/solarthermische-klarschlammtrocknungsanlage\/"]}]},{"@type":"ImageObject","inLanguage":"en-GB","@id":"https:\/\/taberg.de\/product\/solarthermische-klarschlammtrocknungsanlage\/#primaryimage","url":"https:\/\/taberg.de\/wp-content\/uploads\/2022\/10\/1-3.png","contentUrl":"https:\/\/taberg.de\/wp-content\/uploads\/2022\/10\/1-3.png","width":411,"height":328},{"@type":"BreadcrumbList","@id":"https:\/\/taberg.de\/product\/solarthermische-klarschlammtrocknungsanlage\/#breadcrumb","itemListElement":[{"@type":"ListItem","position":1,"name":"Home","item":"https:\/\/taberg.de\/"},{"@type":"ListItem","position":2,"name":"ALLE PROJEKTE","item":"https:\/\/taberg.de\/alle-projekte\/"},{"@type":"ListItem","position":3,"name":"Solarthermische Kl\u00e4rschlammtrocknungsanlage"}]},{"@type":"WebSite","@id":"https:\/\/taberg.de\/#website","url":"https:\/\/taberg.de\/","name":"TABERG Location","description":"Architects and engineers","potentialAction":[{"@type":"SearchAction","target":{"@type":"EntryPoint","urlTemplate":"https:\/\/taberg.de\/?s={search_term_string}"},"query-input":{"@type":"PropertyValueSpecification","valueRequired":true,"valueName":"search_term_string"}}],"inLanguage":"en-GB"}]}},"_links":{"self":[{"href":"https:\/\/taberg.de\/en\/wp-json\/wp\/v2\/product\/17633","targetHints":{"allow":["GET"]}}],"collection":[{"href":"https:\/\/taberg.de\/en\/wp-json\/wp\/v2\/product"}],"about":[{"href":"https:\/\/taberg.de\/en\/wp-json\/wp\/v2\/types\/product"}],"version-history":[{"count":1,"href":"https:\/\/taberg.de\/en\/wp-json\/wp\/v2\/product\/17633\/revisions"}],"predecessor-version":[{"id":17636,"href":"https:\/\/taberg.de\/en\/wp-json\/wp\/v2\/product\/17633\/revisions\/17636"}],"wp:featuredmedia":[{"embeddable":true,"href":"https:\/\/taberg.de\/en\/wp-json\/wp\/v2\/media\/17634"}],"wp:attachment":[{"href":"https:\/\/taberg.de\/en\/wp-json\/wp\/v2\/media?parent=17633"}],"wp:term":[{"taxonomy":"product_brand","embeddable":true,"href":"https:\/\/taberg.de\/en\/wp-json\/wp\/v2\/product_brand?post=17633"},{"taxonomy":"product_cat","embeddable":true,"href":"https:\/\/taberg.de\/en\/wp-json\/wp\/v2\/product_cat?post=17633"},{"taxonomy":"product_tag","embeddable":true,"href":"https:\/\/taberg.de\/en\/wp-json\/wp\/v2\/product_tag?post=17633"}],"curies":[{"name":"wp","href":"https:\/\/api.w.org\/{rel}","templated":true}]}}