{"id":17679,"date":"2022-10-28T06:08:20","date_gmt":"2022-10-28T06:08:20","guid":{"rendered":"https:\/\/taberg.de\/?post_type=product&#038;p=17679"},"modified":"2022-10-28T06:10:27","modified_gmt":"2022-10-28T06:10:27","slug":"hallen-und-verwaltungsgebaude-im-dortmunder-hafen","status":"publish","type":"product","link":"https:\/\/taberg.de\/en\/product\/hallen-und-verwaltungsgebaude-im-dortmunder-hafen\/","title":{"rendered":"Hall and administration building in Dortmund harbour"},"content":{"rendered":"<p><strong>Project description:<\/strong> The area of the northern Speicherstra\u00dfe in Dortmund harbour is to be redeveloped in terms of urban development in order to create a modern environment for offices and trade, which also bundles the new digital areas of logistics and ancillary trades close to the harbour. In a first project phase, this required the demolition of a multi-storey administration building (approx. 10,000 m\u00b3 BRI) and an adjacent hall complex (approx. 425,000 m\u00b3 BRI, approx. 3,000 tonnes of steel). The deconstruction of the hall complex was carried out as a selective dismantling, as two central hall aisles were to be retained for subsequent use due to architectural aspects.<\/p>\n<p><strong>Our services:<\/strong> Technical investigation of the structures, preparation of deconstruction, remediation and disposal concepts, preparation of tender documents, construction supervision \/ expert monitoring of the overall measure.<\/p>\n<p><strong>Term:<\/strong> July 2020 until October 2022<\/p>\n<p><strong>Industry of the client:<\/strong> Development company<\/p>","protected":false},"excerpt":{"rendered":"<p>Project description: The area of the northern Speicherstra\u00dfe in Dortmund harbour is to be redeveloped in terms of urban development to create a modern environment for office and commercial space.<\/p>","protected":false},"featured_media":17680,"template":"","meta":[],"product_brand":[],"product_cat":[53],"product_tag":[],"class_list":{"0":"post-17679","1":"product","2":"type-product","3":"status-publish","4":"has-post-thumbnail","6":"product_cat-bauschadstoffe","8":"first","9":"instock","10":"shipping-taxable","11":"product-type-simple"},"yoast_head":"<!-- This site is optimized with the Yoast SEO plugin v27.4 - https:\/\/yoast.com\/product\/yoast-seo-wordpress\/ -->\n<title>Hallen- und Verwaltungsgeb\u00e4ude im Dortmunder Hafen - TABERG Ingenieure<\/title>\n<meta name=\"robots\" content=\"index, follow, max-snippet:-1, max-image-preview:large, max-video-preview:-1\" \/>\n<link rel=\"canonical\" href=\"https:\/\/taberg.de\/en\/product\/hallen-und-verwaltungsgebaude-im-dortmunder-hafen\/\" \/>\n<meta property=\"og:locale\" content=\"en_GB\" \/>\n<meta property=\"og:type\" content=\"article\" \/>\n<meta property=\"og:title\" content=\"Hallen- und Verwaltungsgeb\u00e4ude im Dortmunder Hafen - TABERG Ingenieure\" \/>\n<meta property=\"og:description\" content=\"Projektbeschreibung: Das Areal der n\u00f6rdlichen Speicherstra\u00dfe im Dortmunder Hafen soll st\u00e4dtebaulich neu entwickelt werden, um eine moderne Umgebung f\u00fcr B\u00fcro\" \/>\n<meta property=\"og:url\" content=\"https:\/\/taberg.de\/en\/product\/hallen-und-verwaltungsgebaude-im-dortmunder-hafen\/\" \/>\n<meta property=\"og:site_name\" content=\"TABERG Ingenieure\" \/>\n<meta property=\"article:modified_time\" content=\"2022-10-28T06:10:27+00:00\" \/>\n<meta property=\"og:image\" content=\"https:\/\/taberg.de\/wp-content\/uploads\/2022\/10\/1-6.png\" \/>\n\t<meta property=\"og:image:width\" content=\"310\" \/>\n\t<meta property=\"og:image:height\" content=\"233\" \/>\n\t<meta property=\"og:image:type\" content=\"image\/png\" \/>\n<meta name=\"twitter:card\" content=\"summary_large_image\" \/>\n<meta name=\"twitter:label1\" content=\"Estimated reading time\" \/>\n\t<meta name=\"twitter:data1\" content=\"1 minute\" \/>\n<script type=\"application\/ld+json\" class=\"yoast-schema-graph\">{\"@context\":\"https:\\\/\\\/schema.org\",\"@graph\":[{\"@type\":\"WebPage\",\"@id\":\"https:\\\/\\\/taberg.de\\\/product\\\/hallen-und-verwaltungsgebaude-im-dortmunder-hafen\\\/\",\"url\":\"https:\\\/\\\/taberg.de\\\/product\\\/hallen-und-verwaltungsgebaude-im-dortmunder-hafen\\\/\",\"name\":\"Hallen- und Verwaltungsgeb\u00e4ude im Dortmunder Hafen - TABERG Ingenieure\",\"isPartOf\":{\"@id\":\"https:\\\/\\\/taberg.de\\\/#website\"},\"primaryImageOfPage\":{\"@id\":\"https:\\\/\\\/taberg.de\\\/product\\\/hallen-und-verwaltungsgebaude-im-dortmunder-hafen\\\/#primaryimage\"},\"image\":{\"@id\":\"https:\\\/\\\/taberg.de\\\/product\\\/hallen-und-verwaltungsgebaude-im-dortmunder-hafen\\\/#primaryimage\"},\"thumbnailUrl\":\"https:\\\/\\\/taberg.de\\\/wp-content\\\/uploads\\\/2022\\\/10\\\/1-6.png\",\"datePublished\":\"2022-10-28T06:08:20+00:00\",\"dateModified\":\"2022-10-28T06:10:27+00:00\",\"breadcrumb\":{\"@id\":\"https:\\\/\\\/taberg.de\\\/product\\\/hallen-und-verwaltungsgebaude-im-dortmunder-hafen\\\/#breadcrumb\"},\"inLanguage\":\"en-GB\",\"potentialAction\":[{\"@type\":\"ReadAction\",\"target\":[\"https:\\\/\\\/taberg.de\\\/product\\\/hallen-und-verwaltungsgebaude-im-dortmunder-hafen\\\/\"]}]},{\"@type\":\"ImageObject\",\"inLanguage\":\"en-GB\",\"@id\":\"https:\\\/\\\/taberg.de\\\/product\\\/hallen-und-verwaltungsgebaude-im-dortmunder-hafen\\\/#primaryimage\",\"url\":\"https:\\\/\\\/taberg.de\\\/wp-content\\\/uploads\\\/2022\\\/10\\\/1-6.png\",\"contentUrl\":\"https:\\\/\\\/taberg.de\\\/wp-content\\\/uploads\\\/2022\\\/10\\\/1-6.png\",\"width\":310,\"height\":233},{\"@type\":\"BreadcrumbList\",\"@id\":\"https:\\\/\\\/taberg.de\\\/product\\\/hallen-und-verwaltungsgebaude-im-dortmunder-hafen\\\/#breadcrumb\",\"itemListElement\":[{\"@type\":\"ListItem\",\"position\":1,\"name\":\"Home\",\"item\":\"https:\\\/\\\/taberg.de\\\/\"},{\"@type\":\"ListItem\",\"position\":2,\"name\":\"ALLE PROJEKTE\",\"item\":\"https:\\\/\\\/taberg.de\\\/alle-projekte\\\/\"},{\"@type\":\"ListItem\",\"position\":3,\"name\":\"Hallen- und Verwaltungsgeb\u00e4ude im Dortmunder Hafen\"}]},{\"@type\":\"WebSite\",\"@id\":\"https:\\\/\\\/taberg.de\\\/#website\",\"url\":\"https:\\\/\\\/taberg.de\\\/\",\"name\":\"TABERG Ingenieure\",\"description\":\"Architekten und Ingenieure\",\"potentialAction\":[{\"@type\":\"SearchAction\",\"target\":{\"@type\":\"EntryPoint\",\"urlTemplate\":\"https:\\\/\\\/taberg.de\\\/?s={search_term_string}\"},\"query-input\":{\"@type\":\"PropertyValueSpecification\",\"valueRequired\":true,\"valueName\":\"search_term_string\"}}],\"inLanguage\":\"en-GB\"}]}<\/script>\n<!-- \/ Yoast SEO plugin. -->","yoast_head_json":{"title":"Hallen- und Verwaltungsgeb\u00e4ude im Dortmunder Hafen - TABERG Ingenieure","robots":{"index":"index","follow":"follow","max-snippet":"max-snippet:-1","max-image-preview":"max-image-preview:large","max-video-preview":"max-video-preview:-1"},"canonical":"https:\/\/taberg.de\/en\/product\/hallen-und-verwaltungsgebaude-im-dortmunder-hafen\/","og_locale":"en_GB","og_type":"article","og_title":"Hallen- und Verwaltungsgeb\u00e4ude im Dortmunder Hafen - TABERG Ingenieure","og_description":"Projektbeschreibung: Das Areal der n\u00f6rdlichen Speicherstra\u00dfe im Dortmunder Hafen soll st\u00e4dtebaulich neu entwickelt werden, um eine moderne Umgebung f\u00fcr B\u00fcro","og_url":"https:\/\/taberg.de\/en\/product\/hallen-und-verwaltungsgebaude-im-dortmunder-hafen\/","og_site_name":"TABERG Ingenieure","article_modified_time":"2022-10-28T06:10:27+00:00","og_image":[{"width":310,"height":233,"url":"https:\/\/taberg.de\/wp-content\/uploads\/2022\/10\/1-6.png","type":"image\/png"}],"twitter_card":"summary_large_image","twitter_misc":{"Estimated reading time":"1 minute"},"schema":{"@context":"https:\/\/schema.org","@graph":[{"@type":"WebPage","@id":"https:\/\/taberg.de\/product\/hallen-und-verwaltungsgebaude-im-dortmunder-hafen\/","url":"https:\/\/taberg.de\/product\/hallen-und-verwaltungsgebaude-im-dortmunder-hafen\/","name":"Hallen- und Verwaltungsgeb\u00e4ude im Dortmunder Hafen - TABERG Ingenieure","isPartOf":{"@id":"https:\/\/taberg.de\/#website"},"primaryImageOfPage":{"@id":"https:\/\/taberg.de\/product\/hallen-und-verwaltungsgebaude-im-dortmunder-hafen\/#primaryimage"},"image":{"@id":"https:\/\/taberg.de\/product\/hallen-und-verwaltungsgebaude-im-dortmunder-hafen\/#primaryimage"},"thumbnailUrl":"https:\/\/taberg.de\/wp-content\/uploads\/2022\/10\/1-6.png","datePublished":"2022-10-28T06:08:20+00:00","dateModified":"2022-10-28T06:10:27+00:00","breadcrumb":{"@id":"https:\/\/taberg.de\/product\/hallen-und-verwaltungsgebaude-im-dortmunder-hafen\/#breadcrumb"},"inLanguage":"en-GB","potentialAction":[{"@type":"ReadAction","target":["https:\/\/taberg.de\/product\/hallen-und-verwaltungsgebaude-im-dortmunder-hafen\/"]}]},{"@type":"ImageObject","inLanguage":"en-GB","@id":"https:\/\/taberg.de\/product\/hallen-und-verwaltungsgebaude-im-dortmunder-hafen\/#primaryimage","url":"https:\/\/taberg.de\/wp-content\/uploads\/2022\/10\/1-6.png","contentUrl":"https:\/\/taberg.de\/wp-content\/uploads\/2022\/10\/1-6.png","width":310,"height":233},{"@type":"BreadcrumbList","@id":"https:\/\/taberg.de\/product\/hallen-und-verwaltungsgebaude-im-dortmunder-hafen\/#breadcrumb","itemListElement":[{"@type":"ListItem","position":1,"name":"Home","item":"https:\/\/taberg.de\/"},{"@type":"ListItem","position":2,"name":"ALLE PROJEKTE","item":"https:\/\/taberg.de\/alle-projekte\/"},{"@type":"ListItem","position":3,"name":"Hallen- und Verwaltungsgeb\u00e4ude im Dortmunder Hafen"}]},{"@type":"WebSite","@id":"https:\/\/taberg.de\/#website","url":"https:\/\/taberg.de\/","name":"TABERG Location","description":"Architects and engineers","potentialAction":[{"@type":"SearchAction","target":{"@type":"EntryPoint","urlTemplate":"https:\/\/taberg.de\/?s={search_term_string}"},"query-input":{"@type":"PropertyValueSpecification","valueRequired":true,"valueName":"search_term_string"}}],"inLanguage":"en-GB"}]}},"_links":{"self":[{"href":"https:\/\/taberg.de\/en\/wp-json\/wp\/v2\/product\/17679","targetHints":{"allow":["GET"]}}],"collection":[{"href":"https:\/\/taberg.de\/en\/wp-json\/wp\/v2\/product"}],"about":[{"href":"https:\/\/taberg.de\/en\/wp-json\/wp\/v2\/types\/product"}],"version-history":[{"count":1,"href":"https:\/\/taberg.de\/en\/wp-json\/wp\/v2\/product\/17679\/revisions"}],"predecessor-version":[{"id":17682,"href":"https:\/\/taberg.de\/en\/wp-json\/wp\/v2\/product\/17679\/revisions\/17682"}],"wp:featuredmedia":[{"embeddable":true,"href":"https:\/\/taberg.de\/en\/wp-json\/wp\/v2\/media\/17680"}],"wp:attachment":[{"href":"https:\/\/taberg.de\/en\/wp-json\/wp\/v2\/media?parent=17679"}],"wp:term":[{"taxonomy":"product_brand","embeddable":true,"href":"https:\/\/taberg.de\/en\/wp-json\/wp\/v2\/product_brand?post=17679"},{"taxonomy":"product_cat","embeddable":true,"href":"https:\/\/taberg.de\/en\/wp-json\/wp\/v2\/product_cat?post=17679"},{"taxonomy":"product_tag","embeddable":true,"href":"https:\/\/taberg.de\/en\/wp-json\/wp\/v2\/product_tag?post=17679"}],"curies":[{"name":"wp","href":"https:\/\/api.w.org\/{rel}","templated":true}]}}